{"id":834,"date":"2018-10-15T19:03:31","date_gmt":"2018-10-15T19:03:31","guid":{"rendered":"http:\/\/grupomontevideo.org\/espo\/?page_id=834"},"modified":"2024-08-15T18:34:56","modified_gmt":"2024-08-15T18:34:56","slug":"oferta-posgrado","status":"publish","type":"page","link":"https:\/\/grupomontevideo.org\/espo\/oferta-posgrado\/","title":{"rendered":"Oferta Posgrado"},"content":{"rendered":"<\/p>\n\n\n<p><\/p>\n<h2 id=\"wp-block-themeisle-blocks-advanced-heading-aa1cb428\" style=\"color:#000000;font-style:normal;text-transform:none\">En esta secci\u00f3n accedes a los programas, carreras, cursos y seminarios de posgrado que se dictan en cada una de las Universidades de AUGM de forma regular y peri\u00f3dica.&nbsp;<br><\/h2>\n<p>\n\n\n<\/p>\n<p><strong>Argentina<\/strong><\/p>\n<p><a href=\"http:\/\/www.uba.ar\/posgrados\/\" target=\"_blank\" rel=\"noopener noreferrer\">Universidad de Buenos Aires (UBA)<\/a><br \/><a href=\"https:\/\/www.unc.edu.ar\/node\/354\" target=\"_blank\" rel=\"noopener noreferrer\">Universidad Nacional de C\u00f3rdoba (UNC)<\/a><br \/><a href=\"http:\/\/www.uncuyo.edu.ar\/estudios\/posgrados\" target=\"_blank\" rel=\"noopener noreferrer\">Universidad Nacional de Cuyo (UNCuyo)<\/a><br \/><a href=\"http:\/\/www.uner.edu.ar\/academica\/36\/posgrado\" target=\"_blank\" rel=\"noopener noreferrer\">Universidad Nacional de Entre R\u00edos (UNER)<\/a><br \/><a href=\"https:\/\/www.unl.edu.ar\/academica\/propuesta-academica\/?f=posgrado\" target=\"_blank\" rel=\"noopener noreferrer\">Universidad Nacional del Litoral (UNL)<\/a><br \/><a href=\"http:\/\/www.unlp.edu.ar\/posgrado\" target=\"_blank\" rel=\"noopener noreferrer\">Universidad Nacional de La Plata (UNLP)<\/a><br \/><a href=\"https:\/\/www.mdp.edu.ar\/index.php\/ensenanza\/secretaria-academica\/119-subsecretaria-de-posgrado-y-acreditacion\/oferta-de-posgrado\" target=\"_blank\" rel=\"noopener\">Universidad Nacional de Mar del Plata (UNMdP)<\/a><br \/><a href=\"http:\/\/posgrado.unne.edu.ar\/carreras\" target=\"_blank\" rel=\"noopener noreferrer\">Universidad Nacional del Nordeste (UNNE)<\/a><br \/><a href=\"http:\/\/www.unnoba.edu.ar\/posgrado\/\" target=\"_blank\" rel=\"noopener noreferrer\">Universidad Nacional del Noroeste \u2013 Buenos Aires (UNNOBA)<\/a><br \/><a href=\"http:\/\/www.unq.edu.ar\/secciones\/9-posgrado\/\" target=\"_blank\" rel=\"noopener\">Universidad Nacional de Quilmes (UNQ)<\/a><br \/><a href=\"http:\/\/www.unr.edu.ar\/oferta-academica\" target=\"_blank\" rel=\"noopener noreferrer\">Universidad Nacional de Rosario (UNR)<\/a><br \/><a href=\"https:\/\/www.uns.edu.ar\/academicas\/carreras\/oferta-academica_carreras-postgrado\" target=\"_blank\" rel=\"noopener noreferrer\">Universidad Nacional del Sur (UNS)<br \/><\/a><a href=\"http:\/\/www.posgrado.unsl.edu.ar\/index.php\" target=\"_blank\" rel=\"noopener noreferrer\">Universidad Nacional de San Luis (UNSL)<\/a><br \/><a href=\"http:\/\/www.posgrado.unt.edu.ar\/carreras-de-posgrado-unt\/\" target=\"_blank\" rel=\"noopener\">Universidad Nacional de Tucum\u00e1n (UNT)<\/a><\/p>\n<p><strong><br \/>Bolivia<\/strong><\/p>\n<p><a href=\"http:\/\/dipgis.umsa.bo\/?ofertas=ofertas-postgrado-2018\" target=\"_blank\" rel=\"noopener noreferrer\">Universidad Mayor de San Andr\u00e9s (UMSA)<\/a><br \/><a href=\"https:\/\/posgrado.usfx.bo\/posgrado\/intro.php\" target=\"_blank\" rel=\"noopener\">Universidad Mayor, Real y Pontificia de San Francisco Xavier de Chuquisaca (UMRPSFXCH)<\/a><\/p>\n<p><strong><br \/>Brasil<\/strong><\/p>\n<p><a href=\"http:\/\/propg.ufabc.edu.br\/\" target=\"_blank\" rel=\"noopener\">Universidade Federal do ABC (UFABC)<\/a><br \/><a href=\"https:\/\/prpg.ufg.br\/\" target=\"_blank\" rel=\"noopener noreferrer\">Universidade Federal de Goi\u00e1s (UFG)<\/a><br \/><a href=\"https:\/\/www.ufmg.br\/prpg\/\" target=\"_blank\" rel=\"noopener noreferrer\">Universidade Federal de Minas Gerais (UFMG)<\/a><br \/><a href=\"http:\/\/www.prppg.ufpr.br\/site\/\" target=\"_blank\" rel=\"noopener noreferrer\">Universidade Federal do Paran\u00e1 (UFPR)<\/a><br \/><a href=\"http:\/\/www.propesp.furg.br\/\" target=\"_blank\" rel=\"noopener noreferrer\">Universidade Federal do Rio Grande (FURG)<\/a><br \/><a href=\"http:\/\/www.ufrgs.br\/ufrgs\/ensino\/pos-graduacao\" target=\"_blank\" rel=\"noopener noreferrer\">Universidade Federal do Rio Grande do Sul (UFRGS)<\/a><br \/><a href=\"http:\/\/posgraduacao.ufrj.br\/\" target=\"_blank\" rel=\"noopener noreferrer\">Universidad Federal do Rio de Janeiro (UFRJ)<\/a><br \/><a href=\"http:\/\/propg.ufsc.br\/\" target=\"_blank\" rel=\"noopener noreferrer\">Universidade Federal de Santa Catarina (UFSC)<\/a><br \/><a href=\"http:\/\/www.propg.ufscar.br\/\" target=\"_blank\" rel=\"noopener noreferrer\">Universidade Federal de S\u00e3o Carlos (UFSCar)<\/a><br \/><a href=\"https:\/\/www.ufsm.br\/pro-reitorias\/prpgp\/mestrado-doutorado\" target=\"_blank\" rel=\"noopener noreferrer\">Universidade Federal de Santa Maria (UFSM)<\/a><br \/><a href=\"http:\/\/www.unesp.br\/portal#!\/propg\" target=\"_blank\" rel=\"noopener noreferrer\">Universidade Estadual Paulista (UNESP)<\/a><br \/><a href=\"http:\/\/www3.prpg.gr.unicamp.br\/sites\/site1\/\" target=\"_blank\" rel=\"noopener\">Universidade Estadual de Campinas (UNICAMP)<\/a><br \/><a href=\"https:\/\/www.unifesp.br\/reitoria\/propgpq\/pos-graduacao\/stricto-sensu\/cursos\/mestrado-e-doutorado\" target=\"_blank\" rel=\"noopener\">Universidade Federal de Sao Paulo (UNIFESP)<\/a><br \/><a href=\"http:\/\/www5.usp.br\/ensino\/pos-graduacao\/\" target=\"_blank\" rel=\"noopener noreferrer\">Universidade de S\u00e3o Paulo (USP)<\/a><\/p>\n<p><strong><br \/>Chile<\/strong><\/p>\n<p><a href=\"http:\/\/www.uchile.cl\/postgrado\" target=\"_blank\" rel=\"noopener noreferrer\">Universidad de Chile (UChile)<\/a><br \/><a href=\"http:\/\/www.upla.cl\/postgrado\/\" target=\"_blank\" rel=\"noopener noreferrer\">Universidad de Playa Ancha (UPLA)<\/a><br \/><a href=\"http:\/\/www.postgrado.usach.cl\/\" target=\"_blank\" rel=\"noopener noreferrer\">Universidad de Santiago de Chile (USACH)<br \/><\/a><a href=\"http:\/\/postgrados.uv.cl\/\" target=\"_blank\" rel=\"noopener noreferrer\">Universidad de Valpara\u00edso (UV)<\/a><\/p>\n<p><strong><br \/>Paraguay<\/strong><\/p>\n<p><a href=\"http:\/\/www.una.py\/index.php\/postgrado\/cursos\" target=\"_blank\" rel=\"noopener noreferrer\">Universidad Nacional de Asunci\u00f3n (UNA)<\/a><br \/>Universidad Nacional de Concepci\u00f3n (UNC)<br \/><a href=\"http:\/\/www.posgradoune.edu.py\/\" target=\"_blank\" rel=\"noopener noreferrer\">Universidad Nacional del Este (UNE)<\/a><br \/><a href=\"http:\/\/www.posgrado.uni.edu.py\/\" target=\"_blank\" rel=\"noopener noreferrer\">Universidad Nacional de Itap\u00faa (UNI)<\/a><\/p>\n<p><strong><br \/>Uruguay<\/strong><\/p>\n<p><a href=\"http:\/\/www.posgrados.udelar.edu.uy\/portada.php\" target=\"_blank\" rel=\"noopener noreferrer\">Universidad de la Rep\u00fablica (UDELAR)<\/a><\/p>","protected":false},"excerpt":{"rendered":"<p>En esta secci\u00f3n accedes a los programas, carreras, cursos y seminarios de posgrado que se dictan en cada una de las Universidades de AUGM de forma regular y peri\u00f3dica.&nbsp; Argentina Universidad de Buenos Aires (UBA)Universidad Nacional de C\u00f3rdoba (UNC)Universidad Nacional de Cuyo (UNCuyo)Universidad Nacional de Entre R\u00edos (UNER)Universidad Nacional del Litoral (UNL)Universidad Nacional de La [&hellip;]<\/p>\n","protected":false},"author":1,"featured_media":0,"parent":0,"menu_order":0,"comment_status":"closed","ping_status":"closed","template":"","meta":{"footnotes":""},"class_list":["post-834","page","type-page","status-publish","hentry"],"_links":{"self":[{"href":"https:\/\/grupomontevideo.org\/espo\/wp-json\/wp\/v2\/pages\/834","targetHints":{"allow":["GET"]}}],"collection":[{"href":"https:\/\/grupomontevideo.org\/espo\/wp-json\/wp\/v2\/pages"}],"about":[{"href":"https:\/\/grupomontevideo.org\/espo\/wp-json\/wp\/v2\/types\/page"}],"author":[{"embeddable":true,"href":"https:\/\/grupomontevideo.org\/espo\/wp-json\/wp\/v2\/users\/1"}],"replies":[{"embeddable":true,"href":"https:\/\/grupomontevideo.org\/espo\/wp-json\/wp\/v2\/comments?post=834"}],"version-history":[{"count":18,"href":"https:\/\/grupomontevideo.org\/espo\/wp-json\/wp\/v2\/pages\/834\/revisions"}],"predecessor-version":[{"id":4070,"href":"https:\/\/grupomontevideo.org\/espo\/wp-json\/wp\/v2\/pages\/834\/revisions\/4070"}],"wp:attachment":[{"href":"https:\/\/grupomontevideo.org\/espo\/wp-json\/wp\/v2\/media?parent=834"}],"curies":[{"name":"wp","href":"https:\/\/api.w.org\/{rel}","templated":true}]}}