{"id":1054,"date":"2021-10-26T14:07:00","date_gmt":"2021-10-26T14:07:00","guid":{"rendered":"http:\/\/grupomontevideo.org\/espo\/?page_id=1054"},"modified":"2025-07-17T13:58:44","modified_gmt":"2025-07-17T13:58:44","slug":"banco-de-evaluadores","status":"publish","type":"page","link":"https:\/\/grupomontevideo.org\/espo\/banco-de-evaluadores\/","title":{"rendered":"Banco de Evaluadores de Posgrado"},"content":{"rendered":"\n<div class=\"wp-block-buttons is-horizontal is-content-justification-center is-layout-flex wp-container-core-buttons-is-layout-03627597 wp-block-buttons-is-layout-flex\">\n<div class=\"wp-block-button\"><a class=\"wp-block-button__link wp-element-button\" href=\"http:\/\/grupomontevideo.org\/espo\/ciencias-sociales\/\">Ciencias Sociales<\/a><\/div>\n\n\n\n<div class=\"wp-block-button\"><a class=\"wp-block-button__link wp-element-button\" href=\"http:\/\/grupomontevideo.org\/espo\/ciencias-humanas\/\">Ciencias Humanas<\/a><\/div>\n\n\n\n<div class=\"wp-block-button\"><a class=\"wp-block-button__link wp-element-button\" href=\"http:\/\/grupomontevideo.org\/espo\/ciencias-basicas\/\">Ciencias B\u00e1sicas<\/a><\/div>\n\n\n\n<div class=\"wp-block-button\"><a class=\"wp-block-button__link wp-element-button\" href=\"http:\/\/grupomontevideo.org\/espo\/ciencias-aplicadas\/\">Ciencias Aplicadas<\/a><\/div>\n\n\n\n<div class=\"wp-block-button\"><a class=\"wp-block-button__link wp-element-button\" href=\"http:\/\/grupomontevideo.org\/espo\/ciencias-de-la-salud\/\">Ciencias de la Salud<\/a><\/div>\n<\/div>\n\n\n\n<p><\/p>\n\n\n\n<p><\/p>\n\n\n\n<p><br>El <strong>Banco de Evaluadores de Posgrado<\/strong> (cuya normativa regulatoria se lee <a rel=\"noreferrer noopener\" href=\"http:\/\/grupomontevideo.org\/sitio\/wp-content\/uploads\/2020\/11\/NORMATIVA-BEPg.pdf\" target=\"_blank\">aqu\u00ed<\/a>), ha comenzado su actividad de aporte a la calidad del posgrado regional, en el marco de Asociaci\u00f3n de Universidades Grupo Montevideo (AUGM). &nbsp; <\/p>\n\n\n\n<p>Este Banco, que funcionar\u00e1 exclusivamente en la \u00f3rbita de AUGM y sus universidades Miembro, tiene como instancia fundamental para su gesti\u00f3n a los <strong>Puntos Focales<\/strong>.&nbsp; &nbsp; <\/p>\n\n\n\n<p>El cuadro siguiente consigna a los Puntos Focales designados por sus respectivas universidades.<\/p>\n\n\n\n<p><br>   <\/p>\n\n\n\n<figure class=\"wp-block-table\"><table><tbody><tr><td>Banco de Evaluadores de Posgrado<br>PUNTOS FOCALES<\/td><\/tr><tr><td>UNIVERSIDADES<\/td><td>PUNTO FOCAL<\/td><\/tr><tr><td><\/td><td><\/td><\/tr><tr><td><strong>Argentina<\/strong><\/td><td><\/td><\/tr><tr><td>Universidad Nacional de C\u00f3rdoba<\/td><td><a href=\"mailto:secretariadeposgrado@posgrado.unc.edu.ar;franco.francisca@unc.edu.ar\">Franco Francisca<\/a><\/td><\/tr><tr><td>Universidad Nacional de Cuyo<\/td><td><a href=\"mailto:tdamiani@uncu.edu.ar\">Teresa Damiani<\/a><\/td><\/tr><tr><td>Universidad Nacional de Cuyo<\/td><td><a href=\"mailto:vcaroglio@uncu.edu.ar\">Valeria Caroglio<\/a><\/td><\/tr><tr><td>Universidad Nacional de Entre R\u00edos<\/td><td><a href=\"mailto:ana.garciapresas@uner.edu.ar\">Ana Laura Garc\u00eda Presas<\/a><\/td><\/tr><tr><td>Universidad Nacional del Litoral<\/td><td><a href=\"mailto:aletrombert@hotmail.com;atrombert@rectorado.unl.edu.ar\">Alejandro Ra\u00fal Trombert<\/a><\/td><\/tr><tr><td>Universidad Nacional del Litoral<\/td><td><a href=\"mailto:gbredani@fadu.unl.edu.ar\">Mar\u00eda Georgina Bredanini Colombo<\/a><\/td><\/tr><tr><td>Universidad Nacional de La Plata<\/td><td><a href=\"mailto:aure.diberardino@gmail.com;aurelia.diberardino@presi.unlp.edu.ar\">Aurelia Di Berardino<\/a><\/td><\/tr><tr><td>Universidad Nacional de Mar del Plata<\/td><td><a href=\"mailto:cristinabeatrizfernandez2021@gmail.com;crisfer@mdp.edu.ar\">Cristina Fern\u00e1ndez<\/a><\/td><\/tr><tr><td>Universidad Nacional del Nordeste<\/td><td><a href=\"mailto:marianasaenz@unnoba.edu.ar\">Mariana Saenz<\/a><\/td><\/tr><tr><td>Universidad Nacional del Noroeste de la Provincia de Buenos Aires<\/td><td><a href=\"mailto:posgrado@unnoba.edu.ar\">Adriana Andr\u00e9s<\/a><\/td><\/tr><tr><td>Universidad Nacional de Quilmes<\/td><td><a href=\"mailto:ndiaz@unq.edu.ar\">Nancy D\u00edaz Larra\u00f1aga<\/a><\/td><\/tr><tr><td>Universidad Nacional de Rosario<\/td><td><a href=\"mailto:martinaelizalde@yahoo.com.ar\">Martina Elizalde<\/a><\/td><\/tr><tr><td>Universidad Nacional del Sur<\/td><td><a href=\"mailto:posgrado@uns.edu.ar;secpos@uns.edu.ar\">Martin Safe<\/a><\/td><\/tr><tr><td>Universidad Nacional de San Luis<\/td><td><a href=\"mailto:reyesnora@gmail.com\">Nora Reyes<\/a><\/td><\/tr><tr><td>Universidad Nacional de Tucum\u00e1n<\/td><td><a href=\"mailto:mgomez@fbqf.unt.edu.ar;maria.gomez@fbqf.unt.edu.ar\">Mar\u00eda In\u00e9s G\u00f3mez<\/a><\/td><\/tr><tr><td><strong>Bolivia<\/strong><\/td><td><\/td><\/tr><tr><td>Universidad Mayor de San Andr\u00e9s<\/td><td><a href=\"mailto:aseoane2000@gmail.com\">Alfredo Seoane Flores<\/a><\/td><\/tr><tr><td>Universidad Mayor de San Sim\u00f3n<\/td><td><a href=\"mailto:aguilarg.juana@hotmail.com\">Juana Aguilar G\u00f3mez<\/a><\/td><\/tr><tr><td>Universidad Mayor de San Sim\u00f3n<\/td><td><a href=\"mailto:ddppeupg@gmail.com\">Jorge Grigoriu Siles<\/a><\/td><\/tr><tr><td>Universidad Mayor, Real y Pontificia de San Francisco Xavier de Chuquisaca<\/td><td><a href=\"mailto:vidovic.juan@usfx.bo\">Juan Carlos Rojas Vidovic<\/a><\/td><\/tr><tr><td><strong>Brasil<\/strong><\/td><td><\/td><\/tr><tr><td>Universidade Federal do ABC<\/td><td><a href=\"mailto:joao.gois@ufabc.edu.br\">Jo\u00e3o Paulo Gois<\/a><\/td><\/tr><tr><td>Universidade Federal do ABC<\/td><td><a href=\"mailto:charles.santos@ufabc.edu.br\">Charles Morphy Dias dos Santos<\/a><\/td><\/tr><tr><td>Universidade Federal de Goi\u00e1s<\/td><td><a href=\"mailto:felipe@ufg.br\">Felipe Terra Martins<\/a><\/td><\/tr><tr><td>Universidade Federal de Goi\u00e1s<\/td><td><a href=\"mailto:rejanefrr@ufg.br\">Rejane Ribeiro Rotta<\/a><\/td><\/tr><tr><td>Universidade Federal de Minas Gerais<\/td><td><a href=\"mailto:info@prpg.ufmg.br\">Isabela Ameida Pordeus<\/a><\/td><\/tr><tr><td>Universidade Federal de Minas Gerais<\/td><td><a href=\"mailto:info@prpg.ufmg.br\">Eduardo Soares Neves Silva<\/a><\/td><\/tr><tr><td>Universidade Federal do Paran\u00e1<\/td><td><a href=\"mailto:proreitor.prppg@ufpr.br;prppg@ufpr.br\">Francisco de Assis Mendon\u00e7a<\/a><\/td><\/tr><tr><td>Universidade Federal de Santa Catarina<\/td><td><a href=\"mailto:propg@contato.ufsc.br\">Werner Kraus Junior<\/a><\/td><\/tr><tr><td>Universidade Federal de S\u00e3o Carlos<\/td><td><a href=\"mailto:rmartins@ufscar.br\">Rodrigo Constante Martins<\/a><\/td><\/tr><tr><td>Universidade Federal de S\u00e3o Carlos<\/td><td><a href=\"mailto:lemoschini@ufscar.br\">Luiz Eduardo Moschini<\/a><\/td><\/tr><tr><td>Universidade de Bras\u00edlia<\/td><td><a href=\"mailto:luciorenno@unb.br\">L\u00facio Remuzat Renn\u00f3 J\u00fanior<\/a><\/td><\/tr><tr><td>Universidade Estadual Paulista<\/td><td><a href=\"mailto:arex@unesp.br;maria.valnice@unesp.br\">Maria Valnice Boldrin<\/a><\/td><\/tr><tr><td>Universidade Estadual Paulista<\/td><td><a href=\"mailto:propg_international@unesp.br\" data-type=\"mailto\" data-id=\"mailto:propg_international@unesp.br\">Jos\u00e9 Alcides Gobbo Jr<\/a><\/td><\/tr><tr><td><strong>Chile<\/strong><\/td><td><\/td><\/tr><tr><td>Universidad de Chile<\/td><td><a href=\"mailto:dpp-director@uchile.cl;lgallard@u.uchile.cl\">Laura Gallardo Klenner<\/a><\/td><\/tr><tr><td>Universidad de Playa Ancha<\/td><td><a href=\"mailto:carolina.santelices@upla.cl\">Carolina Santelices Werchez<\/a><\/td><\/tr><tr><td>Universidad de Santiago de Chile<\/td><td><a href=\"mailto:humberto.prado@usach.cl\">Humberto Prado Castillo<\/a><\/td><\/tr><tr><td>Universidad de Valpara\u00edso<\/td><td><a href=\"mailto:angelica.mosqueda@uv.cl\">Ang\u00e9lica Mosqueda<\/a><\/td><\/tr><tr><td><strong>Paraguay<\/strong><\/td><td><\/td><\/tr><tr><td>Universidad Nacional de Asunci\u00f3n<\/td><td><a href=\"mailto:esanchez@rec.una.py\">Edgar S\u00e1nchez<\/a><\/td><\/tr><tr><td>Universidad Nacional del Este<\/td><td><a href=\"mailto:marcelo.morinigo@posgradoune.edu.py\">Marcelo Morinigo<\/a><\/td><\/tr><tr><td>Universidad Nacional de Itap\u00faa<\/td><td><a href=\"mailto:susanafedoruk@gmail.com;sfedoruk@uni.edu.py\">Susana Fedoruk<\/a><\/td><\/tr><tr><td><strong>Uruguay<\/strong><\/td><td><\/td><\/tr><tr><td>Universidad de la Rep\u00fablica<\/td><td><a href=\"mailto:acarboni@posgrados.udelar.edu.uy\">Alejandra Carboni<\/a><\/td><\/tr><\/tbody><\/table><\/figure>\n\n\n\n\n\n<p>&nbsp;<\/p>\n\n\n\n<div class=\"wp-block-group is-layout-flow wp-block-group-is-layout-flow\">\n<div class=\"wp-block-columns are-vertically-aligned-center is-layout-flex wp-container-core-columns-is-layout-28f84493 wp-block-columns-is-layout-flex\">\n<div class=\"wp-block-column is-vertically-aligned-center is-layout-flow wp-block-column-is-layout-flow\" style=\"flex-basis:100%\"><\/div>\n<\/div>\n<\/div>\n\n\n","protected":false},"excerpt":{"rendered":"<p>El Banco de Evaluadores de Posgrado (cuya normativa regulatoria se lee aqu\u00ed), ha comenzado su actividad de aporte a la calidad del posgrado regional, en el marco de Asociaci\u00f3n de Universidades Grupo Montevideo (AUGM). &nbsp; Este Banco, que funcionar\u00e1 exclusivamente en la \u00f3rbita de AUGM y sus universidades Miembro, tiene como instancia fundamental para su [&hellip;]<\/p>\n","protected":false},"author":1,"featured_media":0,"parent":0,"menu_order":0,"comment_status":"closed","ping_status":"closed","template":"","meta":{"footnotes":""},"class_list":["post-1054","page","type-page","status-publish","hentry"],"_links":{"self":[{"href":"https:\/\/grupomontevideo.org\/espo\/wp-json\/wp\/v2\/pages\/1054","targetHints":{"allow":["GET"]}}],"collection":[{"href":"https:\/\/grupomontevideo.org\/espo\/wp-json\/wp\/v2\/pages"}],"about":[{"href":"https:\/\/grupomontevideo.org\/espo\/wp-json\/wp\/v2\/types\/page"}],"author":[{"embeddable":true,"href":"https:\/\/grupomontevideo.org\/espo\/wp-json\/wp\/v2\/users\/1"}],"replies":[{"embeddable":true,"href":"https:\/\/grupomontevideo.org\/espo\/wp-json\/wp\/v2\/comments?post=1054"}],"version-history":[{"count":48,"href":"https:\/\/grupomontevideo.org\/espo\/wp-json\/wp\/v2\/pages\/1054\/revisions"}],"predecessor-version":[{"id":4083,"href":"https:\/\/grupomontevideo.org\/espo\/wp-json\/wp\/v2\/pages\/1054\/revisions\/4083"}],"wp:attachment":[{"href":"https:\/\/grupomontevideo.org\/espo\/wp-json\/wp\/v2\/media?parent=1054"}],"curies":[{"name":"wp","href":"https:\/\/api.w.org\/{rel}","templated":true}]}}