{"id":794,"date":"2022-04-21T18:21:34","date_gmt":"2022-04-21T18:21:34","guid":{"rendered":"http:\/\/grupomontevideo.org\/escalaposgrado\/?page_id=794"},"modified":"2022-04-21T18:21:34","modified_gmt":"2022-04-21T18:21:34","slug":"plazas-2022-universidad-nacional-de-cordoba-unc","status":"publish","type":"page","link":"https:\/\/grupomontevideo.org\/escalaposgrado\/index.php\/plazas\/plazas-2022-universidad-nacional-de-cordoba-unc\/","title":{"rendered":"Plazas 2022 Universidad Nacional de C\u00f3rdoba (UNC)"},"content":{"rendered":"<table width=\"713\">\n<tbody>\n<tr>\n<td style=\"text-align: center;\" width=\"89\"><span style=\"color: #ff0000;\"><strong>N\u00daMERO DE PLAZAS<\/strong><\/span><\/td>\n<td style=\"text-align: center;\" width=\"170\"><span style=\"color: #ff0000;\"><strong>PER\u00cdODO DE ESTAD\u00cdA QUE SE FINANCIA<\/strong><\/span><\/td>\n<td style=\"text-align: center;\" width=\"214\"><span style=\"color: #ff0000;\"><strong>CONDICIONES DE ALOJAMIENTO Y ALIMENTACI\u00d3N<\/strong><\/span><\/td>\n<td style=\"text-align: center;\" width=\"240\"><span style=\"color: #ff0000;\"><strong>REQUISITOS PARA LA POSTULACI\u00d3N COMO ORIGEN Y DESTINO<\/strong><\/span><\/td>\n<\/tr>\n<tr>\n<td style=\"text-align: center;\" width=\"89\"><strong>4<\/strong><\/td>\n<td width=\"170\">15 a 90 d\u00edas<\/td>\n<td width=\"214\">La UNC brinda 30.000 ARS por mes. Cada estudiante debe buscar alojamiento por su cuenta<\/td>\n<td width=\"240\"><\/td>\n<\/tr>\n<\/tbody>\n<\/table>\n","protected":false},"excerpt":{"rendered":"<p>N\u00daMERO DE PLAZAS PER\u00cdODO DE ESTAD\u00cdA QUE SE FINANCIA CONDICIONES DE ALOJAMIENTO Y ALIMENTACI\u00d3N REQUISITOS PARA LA POSTULACI\u00d3N COMO ORIGEN Y DESTINO 4 15 a 90 d\u00edas La UNC brinda 30.000 ARS por mes. Cada estudiante debe buscar alojamiento por su cuenta<\/p>\n","protected":false},"author":1,"featured_media":0,"parent":16,"menu_order":0,"comment_status":"closed","ping_status":"closed","template":"","meta":{"footnotes":""},"class_list":["post-794","page","type-page","status-publish","hentry"],"_links":{"self":[{"href":"https:\/\/grupomontevideo.org\/escalaposgrado\/index.php\/wp-json\/wp\/v2\/pages\/794","targetHints":{"allow":["GET"]}}],"collection":[{"href":"https:\/\/grupomontevideo.org\/escalaposgrado\/index.php\/wp-json\/wp\/v2\/pages"}],"about":[{"href":"https:\/\/grupomontevideo.org\/escalaposgrado\/index.php\/wp-json\/wp\/v2\/types\/page"}],"author":[{"embeddable":true,"href":"https:\/\/grupomontevideo.org\/escalaposgrado\/index.php\/wp-json\/wp\/v2\/users\/1"}],"replies":[{"embeddable":true,"href":"https:\/\/grupomontevideo.org\/escalaposgrado\/index.php\/wp-json\/wp\/v2\/comments?post=794"}],"version-history":[{"count":1,"href":"https:\/\/grupomontevideo.org\/escalaposgrado\/index.php\/wp-json\/wp\/v2\/pages\/794\/revisions"}],"predecessor-version":[{"id":795,"href":"https:\/\/grupomontevideo.org\/escalaposgrado\/index.php\/wp-json\/wp\/v2\/pages\/794\/revisions\/795"}],"up":[{"embeddable":true,"href":"https:\/\/grupomontevideo.org\/escalaposgrado\/index.php\/wp-json\/wp\/v2\/pages\/16"}],"wp:attachment":[{"href":"https:\/\/grupomontevideo.org\/escalaposgrado\/index.php\/wp-json\/wp\/v2\/media?parent=794"}],"curies":[{"name":"wp","href":"https:\/\/api.w.org\/{rel}","templated":true}]}}