{"id":63,"date":"2016-07-23T14:27:02","date_gmt":"2016-07-23T14:27:02","guid":{"rendered":"http:\/\/grupomontevideo.org\/escalaposgrado\/?page_id=63"},"modified":"2018-08-18T14:11:24","modified_gmt":"2018-08-18T14:11:24","slug":"manual-del-sitio","status":"publish","type":"page","link":"https:\/\/grupomontevideo.org\/escalaposgrado\/index.php\/manual-del-sitio\/","title":{"rendered":"\u00bfCOMO POSTULARSE?-"},"content":{"rendered":"<p>GU\u00cdA DE POSTULACI\u00d3N PARA PLAZAS DEL PROGRAMA ESCALA DE ESTUDIANTES DE POSGRADO<\/p>\n<p>Para tener acceso a los <strong>Formularios de postulaci\u00f3n<\/strong>, cada estudiantes debe previamente registrase en el sitio web de postulaciones<\/p>\n<p>Ingresar a la direcci\u00f3n: <strong>grupomontevideo.org\/escalaposgrado<\/strong><\/p>\n<p>&nbsp;<\/p>\n<p><img loading=\"lazy\" decoding=\"async\" class=\"size-full wp-image-73 aligncenter\" src=\"https:\/\/grupomontevideo.org\/escalaposgrado\/wp-content\/uploads\/2016\/07\/1.fw_.png\" alt=\"1.fw\" width=\"399\" height=\"267\" \/><\/p>\n<p>&nbsp;<\/p>\n<p>Ingresar <strong>en el \u00edtem REGISTRARSE<\/strong><\/p>\n<p><img loading=\"lazy\" decoding=\"async\" class=\"size-full wp-image-74 aligncenter\" src=\"https:\/\/grupomontevideo.org\/escalaposgrado\/wp-content\/uploads\/2016\/07\/2.fw_.png\" alt=\"2.fw\" width=\"100\" height=\"115\" \/><\/p>\n<p>&nbsp;<\/p>\n<p>Ingresar nombre de usuario y correo electr\u00f3nico<\/p>\n<p>&nbsp;<\/p>\n<p><img loading=\"lazy\" decoding=\"async\" class=\"size-full wp-image-75 aligncenter\" src=\"https:\/\/grupomontevideo.org\/escalaposgrado\/wp-content\/uploads\/2016\/07\/3.fw_.png\" alt=\"3.fw\" width=\"116\" height=\"164\" \/><\/p>\n<p>&nbsp;<\/p>\n<p>A la direcci\u00f3n de correo ingresada se enviar\u00e1 un mensaje el cual contiene un enlace para completar el registro del usuario.<\/p>\n<p>&nbsp;<\/p>\n<p><img loading=\"lazy\" decoding=\"async\" class=\"size-full wp-image-77 aligncenter\" src=\"https:\/\/grupomontevideo.org\/escalaposgrado\/wp-content\/uploads\/2016\/07\/4.fw_.png\" alt=\"4.fw\" width=\"387\" height=\"150\" \/><\/p>\n<p>Debe ingresar a este enlace, el cual lo direccionar\u00e1 nuevamente al sitio de ESCALA POSGRADO para completar el registro. Puede all\u00ed tambi\u00e9n actualizar su contrase\u00f1a.<\/p>\n<p><img loading=\"lazy\" decoding=\"async\" class=\"size-full wp-image-78 aligncenter\" src=\"https:\/\/grupomontevideo.org\/escalaposgrado\/wp-content\/uploads\/2016\/07\/6.fw_.png\" alt=\"6.fw\" width=\"271\" height=\"80\" \/><\/p>\n<p><img loading=\"lazy\" decoding=\"async\" class=\"size-full wp-image-80 aligncenter\" src=\"https:\/\/grupomontevideo.org\/escalaposgrado\/wp-content\/uploads\/2016\/07\/7.fw_.png\" alt=\"7.fw\" width=\"350\" height=\"153\" \/><\/p>\n<p>&nbsp;<\/p>\n<p><strong>Una vez registrado y logueado en el sitio podemos iniciar la postulaci\u00f3n<\/strong><\/p>\n<p>Para esto seguimos los pasos del siguiente tutorial:<\/p>\n<p>&nbsp;<\/p>\n<p><iframe loading=\"lazy\" src=\"https:\/\/www.youtube.com\/embed\/4BT9TuVKhto\" width=\"560\" height=\"315\" frameborder=\"0\" allowfullscreen=\"allowfullscreen\"><\/iframe><\/p>\n<p>&nbsp;<\/p>\n<p><strong>SI EN LOS CAMPOS SE\u00d1ALADOS CON LIMITE DE TEXTO, SE INGRESAN MAS DE LOS CARACTERES PERMITIDOS, MOSTRARA EL SIGUIENTE ERROR EN EL MOMENTO DE GUARDAR LA POSTULACI\u00d3N. PARA CONTINUAR DEBE EDITAR EL CONTENIDO DE ESTOS CAMPOS.<\/strong><\/p>\n<p><a href=\"https:\/\/grupomontevideo.org\/escalaposgrado\/index.php\/manual-del-sitio\/errortextosextenso\/#main\" rel=\"attachment wp-att-453\"><img loading=\"lazy\" decoding=\"async\" class=\"size-full wp-image-453 aligncenter\" src=\"https:\/\/grupomontevideo.org\/escalaposgrado\/wp-content\/uploads\/2018\/08\/errorTExtosExtenso.jpg\" alt=\"\" width=\"505\" height=\"153\" \/><\/a><\/p>\n<p>&nbsp;<\/p>\n","protected":false},"excerpt":{"rendered":"<p>GU\u00cdA DE POSTULACI\u00d3N PARA PLAZAS DEL PROGRAMA ESCALA DE ESTUDIANTES DE POSGRADO Para tener acceso a los Formularios de postulaci\u00f3n, cada estudiantes debe previamente registrase en el sitio web de postulaciones Ingresar a la direcci\u00f3n: grupomontevideo.org\/escalaposgrado &nbsp; &nbsp; Ingresar en el \u00edtem REGISTRARSE &nbsp; Ingresar nombre de usuario y correo electr\u00f3nico &nbsp; &nbsp; A la [&hellip;]<\/p>\n","protected":false},"author":1,"featured_media":0,"parent":0,"menu_order":0,"comment_status":"closed","ping_status":"closed","template":"","meta":{"footnotes":""},"class_list":["post-63","page","type-page","status-publish","hentry"],"_links":{"self":[{"href":"https:\/\/grupomontevideo.org\/escalaposgrado\/index.php\/wp-json\/wp\/v2\/pages\/63","targetHints":{"allow":["GET"]}}],"collection":[{"href":"https:\/\/grupomontevideo.org\/escalaposgrado\/index.php\/wp-json\/wp\/v2\/pages"}],"about":[{"href":"https:\/\/grupomontevideo.org\/escalaposgrado\/index.php\/wp-json\/wp\/v2\/types\/page"}],"author":[{"embeddable":true,"href":"https:\/\/grupomontevideo.org\/escalaposgrado\/index.php\/wp-json\/wp\/v2\/users\/1"}],"replies":[{"embeddable":true,"href":"https:\/\/grupomontevideo.org\/escalaposgrado\/index.php\/wp-json\/wp\/v2\/comments?post=63"}],"version-history":[{"count":11,"href":"https:\/\/grupomontevideo.org\/escalaposgrado\/index.php\/wp-json\/wp\/v2\/pages\/63\/revisions"}],"predecessor-version":[{"id":454,"href":"https:\/\/grupomontevideo.org\/escalaposgrado\/index.php\/wp-json\/wp\/v2\/pages\/63\/revisions\/454"}],"wp:attachment":[{"href":"https:\/\/grupomontevideo.org\/escalaposgrado\/index.php\/wp-json\/wp\/v2\/media?parent=63"}],"curies":[{"name":"wp","href":"https:\/\/api.w.org\/{rel}","templated":true}]}}