{"id":36,"date":"2016-07-15T22:34:17","date_gmt":"2016-07-15T22:34:17","guid":{"rendered":"http:\/\/grupomontevideo.org\/escalaposgrado\/?page_id=36"},"modified":"2018-06-24T21:31:11","modified_gmt":"2018-06-24T21:31:11","slug":"postulacion","status":"publish","type":"page","link":"https:\/\/grupomontevideo.org\/escalaposgrado\/index.php\/postulacion\/","title":{"rendered":"POSTULACION"},"content":{"rendered":"<p>[php snippet=1]<\/p>\n<p>&nbsp;<\/p>\n<hr \/>\n<p><strong><span style=\"color: #ff0000;\">PARA CONFIRMAR QUE SU FORMULARIO HAYA SIDO ENVIADO CORRECTAMENTE, DEBE DIRIGIRSE AL <em>ITEM POSTULACI\u00d3N -&gt; <a href=\"https:\/\/grupomontevideo.org\/escalaposgrado\/index.php\/consulta-postulacion\/\">CONSULTA POSTULACI\u00d3N<\/a>.<\/em><\/span><\/strong><\/p>\n<p><strong><span style=\"color: #ff0000;\">SI\u00a0EL FORMULARIO DE POSTULACI\u00d3N FUE ENVIADO CORRECTAMENTE, DEBE MOSTRARSE UN LISTADO CON EL N\u00daMERO DE IDENTIFICACI\u00d3N Y LAS OPCIONES PARA EDITARLO, DESCARGARLO Y SUBIR LA POSTULACI\u00d3N FIRMADA POR EL TUTOR<\/span><\/strong><\/p>\n<p>&nbsp;<\/p>\n","protected":false},"excerpt":{"rendered":"<p>[php snippet=1] &nbsp; PARA CONFIRMAR QUE SU FORMULARIO HAYA SIDO ENVIADO CORRECTAMENTE, DEBE DIRIGIRSE AL ITEM POSTULACI\u00d3N -&gt; CONSULTA POSTULACI\u00d3N. SI\u00a0EL FORMULARIO DE POSTULACI\u00d3N FUE ENVIADO CORRECTAMENTE, DEBE MOSTRARSE UN LISTADO CON EL N\u00daMERO DE IDENTIFICACI\u00d3N Y LAS OPCIONES PARA EDITARLO, DESCARGARLO Y SUBIR LA POSTULACI\u00d3N FIRMADA POR EL TUTOR &nbsp;<\/p>\n","protected":false},"author":1,"featured_media":0,"parent":0,"menu_order":0,"comment_status":"closed","ping_status":"closed","template":"","meta":{"footnotes":""},"class_list":["post-36","page","type-page","status-publish","hentry"],"_links":{"self":[{"href":"https:\/\/grupomontevideo.org\/escalaposgrado\/index.php\/wp-json\/wp\/v2\/pages\/36","targetHints":{"allow":["GET"]}}],"collection":[{"href":"https:\/\/grupomontevideo.org\/escalaposgrado\/index.php\/wp-json\/wp\/v2\/pages"}],"about":[{"href":"https:\/\/grupomontevideo.org\/escalaposgrado\/index.php\/wp-json\/wp\/v2\/types\/page"}],"author":[{"embeddable":true,"href":"https:\/\/grupomontevideo.org\/escalaposgrado\/index.php\/wp-json\/wp\/v2\/users\/1"}],"replies":[{"embeddable":true,"href":"https:\/\/grupomontevideo.org\/escalaposgrado\/index.php\/wp-json\/wp\/v2\/comments?post=36"}],"version-history":[{"count":10,"href":"https:\/\/grupomontevideo.org\/escalaposgrado\/index.php\/wp-json\/wp\/v2\/pages\/36\/revisions"}],"predecessor-version":[{"id":420,"href":"https:\/\/grupomontevideo.org\/escalaposgrado\/index.php\/wp-json\/wp\/v2\/pages\/36\/revisions\/420"}],"wp:attachment":[{"href":"https:\/\/grupomontevideo.org\/escalaposgrado\/index.php\/wp-json\/wp\/v2\/media?parent=36"}],"curies":[{"name":"wp","href":"https:\/\/api.w.org\/{rel}","templated":true}]}}