{"id":2,"date":"2016-06-06T18:40:45","date_gmt":"2016-06-06T18:40:45","guid":{"rendered":"http:\/\/164.73.108.3\/posgrado\/?page_id=2"},"modified":"2025-10-10T18:50:46","modified_gmt":"2025-10-10T18:50:46","slug":"pagina-ejemplo","status":"publish","type":"page","link":"https:\/\/grupomontevideo.org\/escalaposgrado\/","title":{"rendered":"ESCALA POSGRADO"},"content":{"rendered":"<p><strong>Est\u00e1 abierta la primer convocatoria para realizar movilidades de posgrado (maestr\u00eda y doctorado) durante el a\u00f1o 2026. <a href=\"https:\/\/grupomontevideo.org\/escalaposgrado\/wp-content\/uploads\/2025\/10\/CRONOGRAMAS-2026-1-2.pdf\">Ver cronograma.<\/a><\/strong><\/p>\n<p>El Programa ESCALA de Estudiantes de Posgrado de AUGM promueve la cooperaci\u00f3n y la integraci\u00f3n de las Universidades que la conforman, as\u00ed como la internacionalizaci\u00f3n de la educaci\u00f3n superior de la Regi\u00f3n, a trav\u00e9s de la promoci\u00f3n de la movilidad de los estudiantes regulares de maestr\u00edas y doctorados, para cursar un per\u00edodo acad\u00e9mico en otra Universidad miembro de la Asociaci\u00f3n de un pa\u00eds distinto al suyo, con pleno reconocimiento de la actividad acad\u00e9mica realizada. El programa se ejecuta por convocatorias regulares realizadas en cada a\u00f1o calendario.<\/p>\n<p>La oferta de plazas por universidad participante se encuentra ingresando la pesta\u00f1a de\u00a0<a href=\"https:\/\/grupomontevideo.org\/escalaposgrado\/index.php\/plazas\/\"><strong>OFERTA DE PLAZAS.<\/strong><\/a><\/p>\n<p>Para postular debes tener presente las condiciones y requisitos que establece tu universidad y la universidad a la cual quieres postular. Puedes encontrarlos en <strong>\u00a0<a href=\"https:\/\/grupomontevideo.org\/escalaposgrado\/index.php\/condiciones-y-requisitos\/\">CONDICIONES Y REQUISITOS.<\/a><\/strong><\/p>\n<p>Para postular tienes que ingresar a la Plataforma ESCALA\u00a0 y crear un usuario.<\/p>\n<p>Para ello se te pide completar un <strong><a href=\"https:\/\/mocovi.siu.edu.ar\/mocovi\/aplicacion.php?ah=st66f6cff9f0b047.61972878&amp;ai=mocovi%7C%7C81000019\">FORMULARIO<\/a><\/strong><\/p>\n<p>Una vez completado el formulario, recibir\u00e1s los datos de usuario para postular hasta a 3 universidades con las que tu universidad de origen tiene plazas acordadas.<\/p>\n<p>Si tu universidad se encuentra participando con modalidad de plazas libres tambi\u00e9n podr\u00e1s postular a\u00a0 cualquiera de las universidades que ofrecen plazas libres siempre que sean de un pa\u00eds distinto al de tu universidad.<\/p>\n<p>Ten presente que mientras guardes tu postulaci\u00f3n como \u00abBORRADOR\u00bb\u00a0 podr\u00e1s realizar modificaciones.<\/p>\n<hr \/>\n<p style=\"text-align: justify;\"><strong>Caracter\u00edsticas y condiciones generales<\/strong><\/p>\n<p style=\"text-align: justify;\">Los estudiantes participantes podr\u00e1n realizar actividades enmarcadas en su programa de estudios o de investigaci\u00f3n y deber\u00e1n provenir de programas de maestr\u00eda o doctorado, siempre que hayan sido propuestos por sus Universidades de origen.<\/p>\n<p style=\"text-align: justify;\">La aceptaci\u00f3n de cada intercambio ser\u00e1 cometido de la Universidad de destino de acuerdo a las postulaciones recibidas, y mediante procedimientos que la normativa y mecanismos que el Programa establece.<\/p>\n<p style=\"text-align: justify;\">La extensi\u00f3n de la movilidad ser\u00e1 de un m\u00ednimo de quince d\u00edas y un m\u00e1ximo de un semestre acad\u00e9mico.<\/p>\n<p style=\"text-align: justify;\">La Universidad de origen del estudiante ser\u00e1 responsable del financiamiento de los gastos de traslado y la Universidad de destino del estudiante ser\u00e1 la responsable de los gastos de alojamiento y manutenci\u00f3n.<\/p>\n<p style=\"text-align: justify;\"><strong><br \/>\nRequisitos<\/strong><\/p>\n<p style=\"text-align: justify;\">Los Programas a los que aspire el estudiante deber\u00e1n haber sido ofrecidos por la Universidad de destino en la consideraci\u00f3n de la Convocatoria que realicen los \u00f3rganos competentes.<\/p>\n<p style=\"text-align: justify;\">El aspirante deber\u00e1 estar matriculado como estudiante regular de maestr\u00eda o de doctorado en su Universidad tanto en el momento de realizar la solicitud como en el momento de realizar la estancia en la universidad de destino, y tener aprobadas por lo menos el 30% de sus obligaciones acad\u00e9micas o su equivalente en cr\u00e9ditos.<\/p>\n<p style=\"text-align: justify;\">El estudiante deber\u00e1 poseer conocimientos suficientes para cursar los estudios en el idioma en el que se imparten las clases en la Universidad de destino.<\/p>\n<p style=\"padding-left: 150px;\"><iframe loading=\"lazy\" src=\"https:\/\/www.youtube.com\/embed\/DzdXePITIzo\" width=\"400\" height=\"215\" frameborder=\"0\" allowfullscreen=\"allowfullscreen\"><\/iframe><\/p>\n<div id=\"sconnect-is-installed\" style=\"display: none;\">2.15.1.0<\/div>\n<div id=\"sconnect-is-installed\" style=\"display: none;\">2.15.1.0<\/div>\n","protected":false},"excerpt":{"rendered":"<p>Est\u00e1 abierta la primer convocatoria para realizar movilidades de posgrado (maestr\u00eda y doctorado) durante el a\u00f1o 2026. Ver cronograma. El Programa ESCALA de Estudiantes de Posgrado de AUGM promueve la cooperaci\u00f3n y la integraci\u00f3n de las Universidades que la conforman, as\u00ed como la internacionalizaci\u00f3n de la educaci\u00f3n superior de la Regi\u00f3n, a trav\u00e9s de la [&hellip;]<\/p>\n","protected":false},"author":1,"featured_media":0,"parent":0,"menu_order":0,"comment_status":"closed","ping_status":"closed","template":"","meta":{"footnotes":""},"class_list":["post-2","page","type-page","status-publish","hentry"],"_links":{"self":[{"href":"https:\/\/grupomontevideo.org\/escalaposgrado\/index.php\/wp-json\/wp\/v2\/pages\/2","targetHints":{"allow":["GET"]}}],"collection":[{"href":"https:\/\/grupomontevideo.org\/escalaposgrado\/index.php\/wp-json\/wp\/v2\/pages"}],"about":[{"href":"https:\/\/grupomontevideo.org\/escalaposgrado\/index.php\/wp-json\/wp\/v2\/types\/page"}],"author":[{"embeddable":true,"href":"https:\/\/grupomontevideo.org\/escalaposgrado\/index.php\/wp-json\/wp\/v2\/users\/1"}],"replies":[{"embeddable":true,"href":"https:\/\/grupomontevideo.org\/escalaposgrado\/index.php\/wp-json\/wp\/v2\/comments?post=2"}],"version-history":[{"count":50,"href":"https:\/\/grupomontevideo.org\/escalaposgrado\/index.php\/wp-json\/wp\/v2\/pages\/2\/revisions"}],"predecessor-version":[{"id":1256,"href":"https:\/\/grupomontevideo.org\/escalaposgrado\/index.php\/wp-json\/wp\/v2\/pages\/2\/revisions\/1256"}],"wp:attachment":[{"href":"https:\/\/grupomontevideo.org\/escalaposgrado\/index.php\/wp-json\/wp\/v2\/media?parent=2"}],"curies":[{"name":"wp","href":"https:\/\/api.w.org\/{rel}","templated":true}]}}