{"id":193,"date":"2017-07-17T19:03:50","date_gmt":"2017-07-17T19:03:50","guid":{"rendered":"http:\/\/grupomontevideo.org\/escalaposgrado\/?page_id=193"},"modified":"2025-12-12T18:35:39","modified_gmt":"2025-12-12T18:35:39","slug":"193-2","status":"publish","type":"page","link":"https:\/\/grupomontevideo.org\/escalaposgrado\/index.php\/193-2\/","title":{"rendered":"RESPONSABLES DE LA GESTI\u00d3N"},"content":{"rendered":"<table border=\"0\" cellspacing=\"0\">\n<colgroup width=\"193\"><\/colgroup>\n<colgroup width=\"315\"><\/colgroup>\n<colgroup width=\"363\"><\/colgroup>\n<colgroup width=\"248\"><\/colgroup>\n<tbody>\n<tr>\n<td align=\"center\" valign=\"middle\" height=\"17\"><b><span style=\"color: #990000; font-family: BrowalliaUPC; font-size: medium;\">UNIVERSIDAD<\/span><\/b><\/td>\n<td align=\"center\" valign=\"middle\"><b><span style=\"color: #990000; font-family: BrowalliaUPC; font-size: medium;\">NOMBRE<\/span><\/b><\/td>\n<td align=\"center\" valign=\"middle\"><b><span style=\"color: #990000; font-family: BrowalliaUPC; font-size: medium;\">CORREO<\/span><\/b><\/td>\n<td align=\"center\" valign=\"middle\"><b><span style=\"color: #990000; font-family: BrowalliaUPC; font-size: medium;\">TEL<\/span><\/b><\/td>\n<\/tr>\n<tr>\n<td rowspan=\"2\" align=\"center\" valign=\"middle\" height=\"84\"><b><span style=\"color: #990000; font-family: BrowalliaUPC; font-size: medium;\">UNC<\/span><\/b><\/td>\n<td rowspan=\"2\" align=\"left\" valign=\"middle\"><span style=\"color: #000000;\">Sof\u00eda Stechina<\/span><\/td>\n<td align=\"left\" valign=\"bottom\"><a href=\"mailto:augm@internacionales.unc.edu.ar\"><span style=\"font-family: Arial;\">augm@internacionales.unc.edu.ar<\/span><\/a><\/td>\n<td rowspan=\"2\" align=\"center\" valign=\"middle\"><span style=\"color: #000000; font-family: Arial;\">(+54) 351 5353751 Ext 12910<\/span><\/td>\n<\/tr>\n<tr>\n<td align=\"left\" valign=\"middle\"><span style=\"color: #000000; font-family: Arial;\"><br \/>\n<\/span><a href=\"mailto:sofia.stechina@unc.edu.ar\" target=\"_blank\" rel=\"noopener\">sofia.stechina@unc.<wbr \/>edu.ar<\/a><\/td>\n<\/tr>\n<tr>\n<td rowspan=\"2\" align=\"center\" valign=\"middle\" height=\"90\"><b><span style=\"color: #990000; font-family: BrowalliaUPC; font-size: medium;\">UNL<\/span><\/b><\/td>\n<td rowspan=\"2\" align=\"left\" valign=\"middle\"><span style=\"color: #000000; font-family: Arial;\">Mar\u00eda P\u00eda Hubeli<\/span><\/td>\n<td align=\"left\" valign=\"middle\"><a href=\"mailto:mhubeli@rectorado.unl.edu.ar\"><span style=\"color: #000000; font-family: Arial;\">mhubeli@rectorado.unl.edu.ar<\/span><\/a><\/td>\n<td rowspan=\"2\" align=\"center\" valign=\"middle\"><span style=\"color: #000000; font-family: Arial;\">(+54) 342 4571220 &#8211; Int 108<\/span><\/td>\n<\/tr>\n<tr>\n<td align=\"left\" valign=\"middle\"><span style=\"color: #000000; font-family: Arial;\"><a href=\"mailto:piahubeli@gmail.com\">piahubeli@gmail.com<\/a><br \/>\n<\/span><\/td>\n<\/tr>\n<tr>\n<td align=\"center\" valign=\"middle\" height=\"34\"><b><span style=\"color: #990000; font-family: BrowalliaUPC; font-size: medium;\">UNLP<\/span><\/b><\/td>\n<td align=\"left\" valign=\"middle\"><span style=\"color: #000000; font-family: Arial;\">Natacha Gui\u00f1az\u00fa<\/span><\/td>\n<td align=\"left\" valign=\"middle\"><a href=\"mailto:augm@presi.unlp.edu.ar\"><span style=\"color: #000000; font-family: Arial;\">augm@presi.unlp.edu.ar<\/span><\/a><\/td>\n<td align=\"center\" valign=\"middle\"><span style=\"color: #000000; font-family: Arial;\">(+54) 221 644 7055<\/span><\/td>\n<\/tr>\n<tr>\n<td align=\"center\" valign=\"middle\" height=\"39\"><b><span style=\"color: #990000; font-family: BrowalliaUPC; font-size: medium;\">UNNE<\/span><\/b><\/td>\n<td align=\"left\" valign=\"middle\"><span style=\"color: #000000; font-family: Arial;\">Lucrecia Rodr\u00edguez<\/span><\/td>\n<td align=\"left\" valign=\"middle\"><a href=\"mailto:lrodriguez@unne.edu.ar\"><span style=\"color: #000000; font-family: Roboto;\">lrodriguez@unne.edu.ar<\/span><\/a><\/td>\n<td align=\"center\" valign=\"middle\"><span style=\"color: #000000; font-family: Arial;\">\u00a0<\/span><\/td>\n<\/tr>\n<tr>\n<td rowspan=\"2\" align=\"center\" valign=\"middle\" height=\"86\"><b><span style=\"color: #990000; font-family: BrowalliaUPC; font-size: medium;\">UNNOBA<\/span><\/b><\/td>\n<td rowspan=\"2\" align=\"left\" valign=\"middle\"><span style=\"color: #000000; font-family: Arial;\">Mar\u00eda Forneris<\/span><\/td>\n<td align=\"left\" valign=\"middle\"><a href=\"mailto:rrii@unnoba.edu.ar\"><span style=\"color: #000000; font-family: Arial;\">rrii@unnoba.edu.ar<\/span><\/a><\/td>\n<td rowspan=\"2\" align=\"center\" valign=\"middle\"><span style=\"color: #000000; font-family: Arial;\">(+54) 9 236 4407750 int 11030<\/span><\/td>\n<\/tr>\n<tr>\n<td align=\"left\" valign=\"middle\"><a href=\"mailto:mariaforneris@unnoba.edu.ar\"><span style=\"color: #000000; font-family: Arial;\">mariaforneris@unnoba.edu.ar<\/span><\/a><\/td>\n<\/tr>\n<tr>\n<td align=\"center\" valign=\"middle\" height=\"42\"><b><span style=\"color: #990000; font-family: BrowalliaUPC; font-size: medium;\">UNQ<\/span><\/b><\/td>\n<td align=\"left\" valign=\"middle\"><span style=\"color: #000000; font-family: Arial;\">Mar\u00eda Sol Di Lorenzo<\/span><\/td>\n<td align=\"left\" valign=\"middle\"><a href=\"mailto:mdilorenzo@unq.edu.ar\"><span style=\"color: #000000; font-family: Arial;\">mdilorenzo@unq.edu.ar<\/span><\/a><\/td>\n<td align=\"left\" valign=\"middle\"><span style=\"color: #222222; font-family: Arial;\">(+54) 11 4365-7100 int. 5386<\/span><\/td>\n<\/tr>\n<tr>\n<td rowspan=\"2\" align=\"center\" valign=\"middle\" height=\"58\"><span style=\"color: #993366;\"><b><span style=\"font-family: BrowalliaUPC; font-size: medium;\">UMSA<\/span><\/b><\/span><\/td>\n<td rowspan=\"2\" align=\"left\" valign=\"middle\"><span style=\"color: #000000; font-family: Arial;\">Adriana Molina Badani<\/span><\/td>\n<td align=\"left\" valign=\"middle\"><a href=\"mailto:movilidadrrii@umsa.bo\"><span style=\"color: #000000; font-family: Arial;\">movilidadrrii@umsa.bo<\/span><\/a><\/td>\n<td align=\"center\" valign=\"middle\"><span style=\"color: #000000; font-family: Arial;\">(+591) 611135548 \/ 72049483<\/span><\/td>\n<\/tr>\n<tr>\n<td align=\"left\" valign=\"middle\"><a href=\"mailto:amolina6@umsa.bo\">amolina6@umsa.bo<\/a><\/td>\n<td align=\"center\" valign=\"middle\"><span style=\"color: #000000; font-family: Arial;\">\u00a0<\/span><\/td>\n<\/tr>\n<tr>\n<td align=\"center\" valign=\"middle\" height=\"12\"><b><span style=\"color: #990000; font-family: BrowalliaUPC; font-size: medium;\">\u00a0<\/span><\/b><\/td>\n<td align=\"center\" valign=\"middle\"><b><span style=\"color: #4f81bd; font-family: Arial; font-size: medium;\">\u00a0<\/span><\/b><\/td>\n<td align=\"center\" valign=\"middle\"><b><span style=\"color: #4f81bd; font-family: Arial; font-size: medium;\">\u00a0<\/span><\/b><\/td>\n<td align=\"center\" valign=\"middle\"><b><span style=\"color: #4f81bd; font-family: Arial; font-size: medium;\">\u00a0<\/span><\/b><\/td>\n<\/tr>\n<tr>\n<td rowspan=\"2\" align=\"center\" valign=\"middle\" height=\"58\"><b><span style=\"color: #990000; font-family: BrowalliaUPC; font-size: medium;\">UFABC<\/span><\/b><\/td>\n<td rowspan=\"2\" align=\"left\" valign=\"middle\"><span style=\"color: #000000; font-family: Arial;\">Wellington Gon\u00e7alves<\/span><\/td>\n<td align=\"left\" valign=\"middle\"><a href=\"mailto:Incoming@ufabc.edu.br\"><span style=\"color: #000000; font-family: Arial;\">Incoming@ufabc.edu.br<\/span><\/a><\/td>\n<td align=\"center\" valign=\"middle\"><span style=\"color: #4f81bd; font-family: Arial;\">\u00a0<\/span><\/td>\n<\/tr>\n<tr>\n<td align=\"left\" valign=\"middle\"><a href=\"mailto:mobilidade@ufabc.edu.br\"><span style=\"color: #000000; font-family: Arial;\">mobilidade@ufabc.edu.br<\/span><\/a><\/td>\n<td align=\"center\" valign=\"middle\"><span style=\"color: #4f81bd; font-family: Arial;\">\u00a0<\/span><\/td>\n<\/tr>\n<tr>\n<td align=\"center\" valign=\"middle\" height=\"29\"><b><span style=\"color: #990000; font-family: BrowalliaUPC; font-size: medium;\">UNILA<\/span><\/b><\/td>\n<td align=\"left\" valign=\"middle\"><span style=\"color: #000000; font-family: Arial;\"> Suellen Peres de Oliveira<\/span><\/td>\n<td align=\"left\" valign=\"middle\"><span style=\"color: #000000; font-family: Arial;\"><a href=\"mailto:delegado.augm@unila.edu.br\">delegado.augm@unila.edu.br<\/a>\u00a0 <a href=\"mailto:mobilidade.proint@unila.edu.br\">mobilidade.proint@unila.edu.br<\/a><\/span><\/td>\n<td align=\"center\" valign=\"middle\"><span style=\"color: #4f81bd; font-family: Arial;\">\u00a0<\/span><\/td>\n<\/tr>\n<tr>\n<td rowspan=\"2\" align=\"center\" valign=\"middle\" height=\"58\"><b><span style=\"color: #990000; font-family: BrowalliaUPC; font-size: medium;\">UFG<\/span><\/b><\/td>\n<td rowspan=\"2\" align=\"left\" valign=\"middle\"><span style=\"color: #000000; font-family: Arial;\"><br \/>\nAlexandra Nogueira da Silva<\/span><\/td>\n<td align=\"left\" valign=\"middle\"><a href=\"mailto:mobilidade.sri@ufg.br\"><span style=\"color: #000000; font-family: Arial;\">mobilidade.sri@ufg.br<\/span><\/a><\/td>\n<td align=\"center\" valign=\"middle\"><span style=\"color: #000000; font-family: Arial;\">55(62) 982943775 ou (62)35211006<\/span><\/td>\n<\/tr>\n<tr>\n<td align=\"left\" valign=\"middle\"><a href=\"mailto:augm.sri@ufg.br\"><span style=\"color: #000000; font-family: Arial;\">augm.sri@ufg.br<\/span><\/a><\/td>\n<td align=\"center\" valign=\"middle\"><span style=\"color: #000000; font-family: Arial;\">5562 3521 1274<\/span><\/td>\n<\/tr>\n<tr>\n<td rowspan=\"2\" align=\"center\" valign=\"middle\" height=\"58\"><b><span style=\"color: #990000; font-family: BrowalliaUPC; font-size: medium;\">UFMG<\/span><\/b><\/td>\n<td align=\"left\" valign=\"middle\"><span style=\"color: #000000; font-family: Arial;\">Luciana Versiani (OUT)<\/span><\/td>\n<td align=\"left\" valign=\"middle\"><a href=\"mailto:augm@dri.ufmg.br\"><span style=\"color: #000000; font-family: Arial;\">augm@dri.ufmg.br<\/span><\/a><\/td>\n<td rowspan=\"2\" align=\"center\" valign=\"middle\"><span style=\"color: #000000; font-family: Arial;\">(+55) 31 34094640<\/span><\/td>\n<\/tr>\n<tr>\n<td align=\"left\" valign=\"middle\"><span style=\"color: #000000; font-family: Arial;\">Cristiane Xavier (IN)<\/span><\/td>\n<td align=\"left\" valign=\"middle\"><a href=\"mailto:intercambios@dri.ufmg.br\"><span style=\"color: #000000; font-family: Arial;\">intercambios@dri.ufmg.br<\/span><\/a><\/td>\n<\/tr>\n<tr>\n<td align=\"center\" valign=\"middle\" height=\"29\"><b><span style=\"color: #990000; font-family: BrowalliaUPC; font-size: medium;\">UFPA<\/span><\/b><\/td>\n<td align=\"left\" valign=\"middle\"><span style=\"color: #000000; font-family: Arial;\"> Lise Tupiassu<\/span><\/td>\n<td align=\"left\" valign=\"middle\"><span style=\"color: #000000; font-family: Arial;\"><a href=\"mailto:lise@ufpa.br\">lise@ufpa.br<\/a> <\/span><\/td>\n<td align=\"left\" valign=\"bottom\"><\/td>\n<\/tr>\n<tr>\n<td rowspan=\"2\" align=\"center\" valign=\"middle\" height=\"58\"><b><span style=\"color: #990000; font-family: BrowalliaUPC; font-size: medium;\">FURG<\/span><\/b><\/td>\n<td align=\"left\" valign=\"middle\"><span style=\"color: #000000; font-family: Arial;\">Mauricio Terra<\/span><\/td>\n<td align=\"left\" valign=\"middle\"><a href=\"mailto:internacional@furg.br\"><span style=\"color: #000000; font-family: Arial;\">internacional@furg.br<\/span><\/a><\/td>\n<td align=\"center\" valign=\"middle\"><span style=\"color: #4f81bd; font-family: Arial;\">\u00a0<\/span><\/td>\n<\/tr>\n<tr>\n<td align=\"left\" valign=\"middle\"><span style=\"color: #000000; font-family: Arial;\">Nicole Feij\u00f3<\/span><\/td>\n<td align=\"left\" valign=\"middle\"><a href=\"mailto:reinter.mobilidade@furg.br\"><span style=\"color: #000000; font-family: Arial;\">reinter.mobilidade@furg.br<\/span><\/a><\/td>\n<td align=\"center\" valign=\"middle\"><span style=\"color: #000000; font-family: Arial;\">(53) 3233 6988<\/span><\/td>\n<\/tr>\n<tr>\n<td align=\"center\" valign=\"middle\" height=\"29\"><b><span style=\"color: #990000; font-family: BrowalliaUPC; font-size: medium;\">UFSC<\/span><\/b><\/td>\n<td align=\"left\" valign=\"middle\"><span style=\"color: #000000; font-family: Arial;\">Guilherme Carlos da Costa<\/span><\/td>\n<td align=\"left\" valign=\"middle\"><a href=\"mailto:augm.sinter@contato.ufsc.br\"><span style=\"color: #000000; font-family: Arial;\">augm.sinter@contato.ufsc.br<\/span><\/a><\/td>\n<td align=\"center\" valign=\"middle\"><span style=\"color: #000000; font-family: Arial;\">55 48 37216205<\/span><\/td>\n<\/tr>\n<tr>\n<td align=\"center\" valign=\"middle\" height=\"29\"><b><span style=\"color: #990000; font-family: BrowalliaUPC; font-size: medium;\">UFSCAR<\/span><\/b><\/td>\n<td align=\"left\" valign=\"middle\"><span style=\"color: #000000; font-family: Arial;\">Bruno Soto<\/span><\/td>\n<td align=\"left\" valign=\"middle\"><a href=\"mailto:augm-srinter@ufscar.br\"><span style=\"color: #000000; font-family: Arial;\">augm-srinter@ufscar.br<\/span><\/a><\/td>\n<td align=\"center\" valign=\"middle\"><span style=\"color: #222222; font-family: Arial;\">55 16 33518402<\/span><\/td>\n<\/tr>\n<tr>\n<td rowspan=\"2\" align=\"center\" valign=\"middle\" height=\"58\"><b><span style=\"color: #990000; font-family: BrowalliaUPC; font-size: medium;\">UNB<\/span><\/b><\/td>\n<td align=\"left\" valign=\"middle\"><span style=\"color: #000000; font-family: Arial;\">Leonardo Freitas De Souza Martins<\/span><\/td>\n<td align=\"left\" valign=\"middle\"><a href=\"mailto:leonardosouza@unb.br\"><span style=\"color: #000000; font-family: Arial;\">leonardosouza@unb.br<\/span><\/a><\/td>\n<td align=\"center\" valign=\"middle\"><span style=\"color: #222222; font-family: Arial;\">\u00a0<\/span><\/td>\n<\/tr>\n<tr>\n<td align=\"left\" valign=\"middle\"><span style=\"color: #000000; font-family: Arial;\">Diego de Tassio Silva\u00a0<\/span><\/td>\n<td align=\"left\" valign=\"middle\"><a href=\"mailto:diegotassio@unb.br\"><span style=\"color: #000000; font-family: Arial;\">diegotassio@unb.br<\/span><\/a><\/td>\n<td align=\"center\" valign=\"middle\"><span style=\"color: #000000; font-family: Arial;\">55 61 3107 0216<\/span><\/td>\n<\/tr>\n<tr>\n<td align=\"center\" valign=\"middle\" height=\"29\"><b><span style=\"color: #990000; font-family: BrowalliaUPC; font-size: medium;\">UFSM<\/span><\/b><\/td>\n<td align=\"left\" valign=\"middle\"><span style=\"color: #000000; font-family: Arial;\">Caroline Mello<\/span><\/td>\n<td align=\"left\" valign=\"middle\"><a href=\"mailto:sai.augm@ufsm.br\"><span style=\"color: #000000; font-family: Arial;\">sai.augm@ufsm.br<\/span><\/a><\/td>\n<td align=\"center\" valign=\"middle\"><span style=\"color: #000000; font-family: Arial;\">55 (55) 3220-8774<\/span><\/td>\n<\/tr>\n<tr>\n<td rowspan=\"2\" align=\"center\" valign=\"middle\" height=\"58\"><b><span style=\"color: #990000; font-family: BrowalliaUPC; font-size: medium;\">UNESP<\/span><\/b><\/td>\n<td align=\"left\" valign=\"middle\">Eder Matos<\/td>\n<td align=\"left\" valign=\"middle\"><a href=\"mailto:propg_international@unesp.br\"><span style=\"color: #000000; font-family: Arial;\">propg_international@unesp.br<\/span><\/a><\/td>\n<td align=\"center\" valign=\"middle\"><span style=\"color: #000000; font-family: Arial;\">\u00a0<\/span><\/td>\n<\/tr>\n<tr>\n<td align=\"left\" valign=\"middle\">Aline Caceres<\/td>\n<td align=\"left\" valign=\"middle\"><a href=\"mailto:propg_international@unesp.br\">propg_international@unesp.br<\/a><\/td>\n<td align=\"center\" valign=\"middle\"><span style=\"color: #000000; font-family: Arial;\">\u00a0<\/span><\/td>\n<\/tr>\n<tr>\n<td align=\"center\" valign=\"middle\" height=\"29\"><b><span style=\"color: #990000; font-family: BrowalliaUPC; font-size: medium;\">UNESP<\/span><\/b><\/td>\n<td align=\"left\" valign=\"middle\">Prof. Dr. Jos\u00e9 Alcides Gobbo Jr<\/td>\n<td align=\"left\" valign=\"middle\"><a href=\"mailto:propg_international@unesp.br\">propg_international@unesp.br<\/a><\/td>\n<td align=\"left\" valign=\"bottom\"><span style=\"color: #000000;\">\u00a0<\/span><\/td>\n<\/tr>\n<tr>\n<td align=\"center\" valign=\"middle\" height=\"12\"><b><span style=\"color: #990000; font-family: BrowalliaUPC; font-size: medium;\"> USP<\/span><\/b><\/td>\n<td align=\"center\" valign=\"middle\"><span style=\"color: #000000; font-family: Arial;\">Patricia Souza de Lima<\/span><\/td>\n<td style=\"text-align: left;\" align=\"center\" valign=\"middle\"><a href=\"mailto:patricia-lima@usp.br\"><span style=\"color: #4f81bd; font-family: Arial; font-size: medium;\"><span style=\"color: #000000; font-family: Arial;\">patricia-lima@usp.br<\/span>\u00a0<\/span><\/a><\/td>\n<td align=\"center\" valign=\"middle\"><b><span style=\"color: #4f81bd; font-family: Arial; font-size: medium;\">\u00a0<\/span><\/b><\/td>\n<\/tr>\n<tr>\n<td rowspan=\"2\" align=\"center\" valign=\"middle\" height=\"58\"><b><span style=\"color: #990000; font-family: BrowalliaUPC; font-size: medium;\">UCHILE<\/span><\/b><\/td>\n<td align=\"left\" valign=\"middle\">Osvaldo Salazar<\/td>\n<td align=\"left\" valign=\"middle\"><a href=\"mailto:dpp-director@uchile.cl\">dpp-director@uchile.cl<\/a><\/td>\n<td align=\"center\" valign=\"middle\"><span style=\"color: #000000; font-family: Arial;\">\u00a0<\/span><\/td>\n<\/tr>\n<tr>\n<td align=\"left\" valign=\"middle\"><span style=\"color: #000000; font-family: Arial;\"><br \/>\nValentina Letelier<br \/>\n<\/span><\/td>\n<td align=\"left\" valign=\"middle\"><a href=\"mailto:convocatoriasdpp@uchile.cl\">convocatoriasdpp@uchile.cl<\/a><\/td>\n<td align=\"center\" valign=\"middle\"><span style=\"color: #000000; font-family: Arial;\">\u00a0<\/span><\/td>\n<\/tr>\n<tr>\n<td align=\"center\" valign=\"middle\" height=\"29\"><b><span style=\"color: #990000; font-family: BrowalliaUPC; font-size: medium;\">UV<\/span><\/b><\/td>\n<td align=\"left\" valign=\"middle\"><span style=\"color: #000000; font-family: Arial;\">Nicol\u00e1s Varela<\/span><\/td>\n<td align=\"left\" valign=\"middle\"><a href=\"mailto:nicolas.varela@uv.cl\"><span style=\"color: #000000; font-family: Arial;\">nicolas.varela@uv.cl<\/span><\/a><\/td>\n<td align=\"center\" valign=\"middle\"><span style=\"color: #000000; font-family: Arial;\">5632 2603362<\/span><\/td>\n<\/tr>\n<tr>\n<td align=\"center\" valign=\"middle\" height=\"12\"><b><span style=\"color: #990000; font-family: BrowalliaUPC; font-size: medium;\">\u00a0<\/span><\/b><\/td>\n<td align=\"center\" valign=\"middle\"><b><span style=\"color: #4f81bd; font-family: Arial; font-size: medium;\">\u00a0<\/span><\/b><\/td>\n<td align=\"center\" valign=\"middle\"><b><span style=\"color: #4f81bd; font-family: Arial; font-size: medium;\">\u00a0<\/span><\/b><\/td>\n<td align=\"center\" valign=\"middle\"><b><span style=\"color: #4f81bd; font-family: Arial; font-size: medium;\">\u00a0<\/span><\/b><\/td>\n<\/tr>\n<tr>\n<td align=\"center\" valign=\"middle\" height=\"29\"><b><span style=\"color: #990000; font-family: BrowalliaUPC; font-size: medium;\">UNA<\/span><\/b><\/td>\n<td align=\"left\" valign=\"middle\"><span style=\"color: #000000; font-family: Arial;\">Marta Barrios<\/span><\/td>\n<td align=\"left\" valign=\"middle\"><span style=\"color: #000000; font-family: Arial;\"><a href=\"mailto:mbarrios@rec.una.py\">augm@rec.una.py<\/a><\/span><\/td>\n<td align=\"center\" valign=\"middle\"><span style=\"color: #000000; font-family: Arial;\">595971257308<\/span><\/td>\n<\/tr>\n<tr>\n<td align=\"center\" valign=\"middle\" height=\"29\"><b><span style=\"color: #990000; font-family: BrowalliaUPC; font-size: medium;\">UNE<\/span><\/b><\/td>\n<td align=\"left\" valign=\"middle\"><span style=\"color: #000000; font-family: Arial;\">Mirtha Cristaldo Solis<\/span><\/td>\n<td align=\"left\" valign=\"middle\"><a href=\"mailto:orp_rectorado@une.edu.py\"><span style=\"color: #000000; font-family: Arial;\">orp_rectorado@une.edu.py<\/span><\/a><\/td>\n<td align=\"center\" valign=\"middle\"><span style=\"color: #000000; font-family: Arial;\">59561575478<\/span><\/td>\n<\/tr>\n<tr>\n<td align=\"center\" valign=\"middle\" height=\"12\"><b><span style=\"color: #990000; font-family: BrowalliaUPC; font-size: medium;\">\u00a0<\/span><\/b><\/td>\n<td align=\"center\" valign=\"middle\"><b><span style=\"color: #4f81bd; font-family: Arial; font-size: medium;\">\u00a0<\/span><\/b><\/td>\n<td align=\"center\" valign=\"middle\"><b><span style=\"color: #4f81bd; font-family: Arial; font-size: medium;\">\u00a0<\/span><\/b><\/td>\n<td align=\"center\" valign=\"middle\"><b><span style=\"color: #4f81bd; font-family: Arial; font-size: medium;\">\u00a0<\/span><\/b><\/td>\n<\/tr>\n<tr>\n<td rowspan=\"2\" align=\"center\" valign=\"middle\" height=\"58\"><b><span style=\"color: #990000; font-family: BrowalliaUPC; font-size: medium;\">UDELAR<\/span><\/b><\/td>\n<td align=\"left\" valign=\"middle\"><span style=\"color: #000000; font-family: Arial;\">Leticia Laforgue<\/span><\/td>\n<td style=\"text-align: left;\" rowspan=\"2\" align=\"center\" valign=\"middle\"><a href=\"mailto:peep@internacionales.udelar.edu.uy\"><span style=\"color: #000000; font-family: Arial;\">peep@internacionales.udelar.edu.uy<\/span><\/a><\/td>\n<td rowspan=\"2\" align=\"center\" valign=\"middle\"><span style=\"color: #000000; font-family: Arial;\"> (598) 24008393<\/span><\/td>\n<\/tr>\n<tr>\n<td align=\"left\" valign=\"middle\"><span style=\"color: #000000; font-family: Arial;\">Stephanie Cabana<br \/>\n<\/span><\/td>\n<\/tr>\n<tr>\n<td align=\"center\" valign=\"middle\" height=\"12\"><b><span style=\"color: #990000; font-family: BrowalliaUPC; font-size: medium;\">\u00a0<\/span><\/b><\/td>\n<td align=\"left\" valign=\"middle\"><b><span style=\"color: #4f81bd; font-family: Arial; font-size: medium;\">\u00a0<\/span><\/b><\/td>\n<td align=\"center\" valign=\"middle\"><b><span style=\"color: #4f81bd; font-family: Arial; font-size: medium;\">\u00a0<\/span><\/b><\/td>\n<td align=\"center\" valign=\"middle\"><\/td>\n<\/tr>\n<\/tbody>\n<\/table>\n<p>&nbsp;<\/p>\n<div id=\"sconnect-is-installed\" style=\"display: none;\">2.15.1.0<\/div>\n<div id=\"sconnect-is-installed\" style=\"display: none;\">2.15.1.0<\/div>\n<div id=\"sconnect-is-installed\" style=\"display: none;\">2.15.1.0<\/div>\n","protected":false},"excerpt":{"rendered":"<p>UNIVERSIDAD NOMBRE CORREO TEL UNC Sof\u00eda Stechina augm@internacionales.unc.edu.ar (+54) 351 5353751 Ext 12910 sofia.stechina@unc.edu.ar UNL Mar\u00eda P\u00eda Hubeli mhubeli@rectorado.unl.edu.ar (+54) 342 4571220 &#8211; Int 108 piahubeli@gmail.com UNLP Natacha Gui\u00f1az\u00fa augm@presi.unlp.edu.ar (+54) 221 644 7055 UNNE Lucrecia Rodr\u00edguez lrodriguez@unne.edu.ar \u00a0 UNNOBA Mar\u00eda Forneris rrii@unnoba.edu.ar (+54) 9 236 4407750 int 11030 mariaforneris@unnoba.edu.ar UNQ Mar\u00eda Sol Di Lorenzo [&hellip;]<\/p>\n","protected":false},"author":1,"featured_media":0,"parent":0,"menu_order":0,"comment_status":"closed","ping_status":"closed","template":"","meta":{"footnotes":""},"class_list":["post-193","page","type-page","status-publish","hentry"],"_links":{"self":[{"href":"https:\/\/grupomontevideo.org\/escalaposgrado\/index.php\/wp-json\/wp\/v2\/pages\/193","targetHints":{"allow":["GET"]}}],"collection":[{"href":"https:\/\/grupomontevideo.org\/escalaposgrado\/index.php\/wp-json\/wp\/v2\/pages"}],"about":[{"href":"https:\/\/grupomontevideo.org\/escalaposgrado\/index.php\/wp-json\/wp\/v2\/types\/page"}],"author":[{"embeddable":true,"href":"https:\/\/grupomontevideo.org\/escalaposgrado\/index.php\/wp-json\/wp\/v2\/users\/1"}],"replies":[{"embeddable":true,"href":"https:\/\/grupomontevideo.org\/escalaposgrado\/index.php\/wp-json\/wp\/v2\/comments?post=193"}],"version-history":[{"count":153,"href":"https:\/\/grupomontevideo.org\/escalaposgrado\/index.php\/wp-json\/wp\/v2\/pages\/193\/revisions"}],"predecessor-version":[{"id":1264,"href":"https:\/\/grupomontevideo.org\/escalaposgrado\/index.php\/wp-json\/wp\/v2\/pages\/193\/revisions\/1264"}],"wp:attachment":[{"href":"https:\/\/grupomontevideo.org\/escalaposgrado\/index.php\/wp-json\/wp\/v2\/media?parent=193"}],"curies":[{"name":"wp","href":"https:\/\/api.w.org\/{rel}","templated":true}]}}