{"id":888,"date":"2022-04-01T19:48:36","date_gmt":"2022-04-01T19:48:36","guid":{"rendered":"http:\/\/grupomontevideo.org\/escalagrado\/?page_id=888"},"modified":"2023-08-18T11:55:32","modified_gmt":"2023-08-18T11:55:32","slug":"universidad-nacional-del-litoral","status":"publish","type":"page","link":"https:\/\/grupomontevideo.org\/escalagrado\/index.php\/informacion-de-las-universidades\/universidad-nacional-del-litoral\/","title":{"rendered":"Universidad Nacional del Litoral (UNL)"},"content":{"rendered":"<h4>Informaci\u00f3n UNL 1\u00b0 Semestre de 2024<\/h4>\n<p>&nbsp;<\/p>\n<p><strong>Calendario Acad\u00e9mico:<\/strong> segunda semana o tercera de marzo hasta la primera o segunda semana de julio.<\/p>\n<p><strong>Requisitos de ingreso al pa\u00eds:<\/strong> <a href=\"https:\/\/www.cancilleria.gob.ar\/es\/servicios\/visas\/visa-de-estudiante-365-0\" target=\"_blank\" rel=\"noopener\">https:\/\/www.cancilleria.gob.ar\/es\/servicios\/visas\/visa-de-estudiante-365-0<\/a><\/p>\n<p><strong>Carreras abiertas a alumnos extranjeros:<\/strong> Carreras de grado modalidad presencial que se dicten en los campus de las ciudades de Esperanza y Santa Fe. <a href=\"https:\/\/www.unl.edu.ar\/internacionalizacion\/wp-content\/uploads\/sites\/\" target=\"_blank\" rel=\"noopener\">https:\/\/www.unl.edu.ar\/internacionalizacion\/wp-content\/uploads\/sites\/<\/a><\/p>\n<p><strong>Carreras\/actividades no disponibles para estudiantes extranjeros:<\/strong> Pr\u00e1cticas finales de grado. Ciclos de Licenciatura o PROCAT. Tecnicaturas. Carreras que se dictan en G\u00e1lvez, Reconquista y Rafaela-Sunchales.<\/p>\n<p><strong>Fechas l\u00edmites para nominaci\u00f3n\/aplicaci\u00f3n por semestre:<br \/>\n<\/strong>Nominar hasta el 30\/10<br \/>\nAplicar\/postular: 05\/11<\/p>\n<p><strong>Aplicaci\u00f3n y documentaci\u00f3n para postular:<\/strong> <a href=\"https:\/\/www.unl.edu.ar\/internacionalizacion\/wp-content\/uploads\/sites\/11\/2018\/11\/Pasos-para-aplicar-a-una-movilidad-en-la-UNL_feb2020.pdf\" target=\"_blank\" rel=\"noopener\">https:\/\/www.unl.edu.ar\/internacionalizacion\/wp-content\/uploads\/sites\/11\/2018\/11\/Pasos-para-aplicar-a-una-movilidad-en-la-UNL_feb2020.pdf<\/a><\/p>\n<p>Aplicaci\u00f3n online a trav\u00e9s del sistema Gea de UNL. La universidad de origen debe enviar a la ORI de UNL:<br \/>\n* nombres y apellidos completos del alumno<br \/>\n* email<br \/>\n* copia vigente del pasaporte para toda su estad\u00eda en UNL.<\/p>\n<p>Luego el estudiante deber\u00e1 cargar al sistema su: Historia acad\u00e9mica, Curr\u00edculum Vitae, comprobante de matr\u00edcula, pasaporte y contrato de estudios.<\/p>\n<p><strong><br \/>\nHospedaje:<\/strong><\/p>\n<p>Los estudiantes intercambistas con beca de hospedaje y alimentaci\u00f3n por parte de la UNL, se alojar\u00e1n en una de las tres Residencias para Alumnos Extranjeros(RAE) que posee nuestra Universidad, en las ciudades de Santa Fe y Esperanza.<\/p>\n<p>Dentro de la Secretar\u00eda de Planeamiento Institucional e Internacionalizaci\u00f3n (SPIeI), la administraci\u00f3n de las RAE depende de la Unidad de Servicios Internacionales (USI).<\/p>\n<p>Desde la USI se brindar\u00e1 al estudiante informaci\u00f3n sobre el lugar de hospedaje y las condiciones. La distribuci\u00f3n de los estudiantes en las RAE quedar\u00e1 a criterio de la SPIeI.<\/p>\n<p>Al momento de ingresar a la RAE oportunamente asignada, el\/la estudiante deber\u00e1 abonar un importe en pesos argentinos como dep\u00f3sito de garant\u00eda. El mismo se reintegra al momento de concluir la estad\u00eda, luego de realizados los correspondientes controles de inventario e instalaciones.<\/p>\n<p><strong><br \/>\nAlimentaci\u00f3n:<\/strong><\/p>\n<p>La UNL les dar\u00e1 a cada estudiante una beca mensual de alimentaci\u00f3n para cubrir 3 comidas diarias (desayuno, almuerzo y cena). Al respecto, se solicita que para el primer mes de estad\u00eda dispongan de dinero personal, ya que el otorgamiento de la beca puede demorarse por tr\u00e1mites administrativos.<\/p>\n<p>La beca cubrir\u00e1 las comidas durante el per\u00edodo acad\u00e9mico.<\/p>\n<p>&nbsp;<\/p>\n<p><a href=\"https:\/\/grupomontevideo.org\/escalagrado\/wp-content\/uploads\/2023\/08\/Guia-del-estudiante-internacional-UNL-2022-1.pdf\" target=\"_blank\" rel=\"attachment noopener wp-att-1645\">Gu\u00eda del estudiante internacional UNL<\/a><\/p>\n<p><a href=\"https:\/\/grupomontevideo.org\/escalagrado\/wp-content\/uploads\/2023\/08\/Info-sheet-2023-ESP.pdf\" target=\"_blank\" rel=\"attachment noopener wp-att-1647\">Info sheet 2023<\/a><\/p>\n<p>&nbsp;<\/p>\n","protected":false},"excerpt":{"rendered":"<p>Informaci\u00f3n UNL 1\u00b0 Semestre de 2024 &nbsp; Calendario Acad\u00e9mico: segunda semana o tercera de marzo hasta la primera o segunda semana de julio. Requisitos de ingreso al pa\u00eds: https:\/\/www.cancilleria.gob.ar\/es\/servicios\/visas\/visa-de-estudiante-365-0 Carreras abiertas a alumnos extranjeros: Carreras de grado modalidad presencial que se dicten en los campus de las ciudades de Esperanza y Santa Fe. https:\/\/www.unl.edu.ar\/internacionalizacion\/wp-content\/uploads\/sites\/ Carreras\/actividades [&hellip;]<\/p>\n","protected":false},"author":1,"featured_media":0,"parent":883,"menu_order":0,"comment_status":"closed","ping_status":"closed","template":"","meta":{"footnotes":""},"class_list":["post-888","page","type-page","status-publish","hentry"],"_links":{"self":[{"href":"https:\/\/grupomontevideo.org\/escalagrado\/index.php\/wp-json\/wp\/v2\/pages\/888","targetHints":{"allow":["GET"]}}],"collection":[{"href":"https:\/\/grupomontevideo.org\/escalagrado\/index.php\/wp-json\/wp\/v2\/pages"}],"about":[{"href":"https:\/\/grupomontevideo.org\/escalagrado\/index.php\/wp-json\/wp\/v2\/types\/page"}],"author":[{"embeddable":true,"href":"https:\/\/grupomontevideo.org\/escalagrado\/index.php\/wp-json\/wp\/v2\/users\/1"}],"replies":[{"embeddable":true,"href":"https:\/\/grupomontevideo.org\/escalagrado\/index.php\/wp-json\/wp\/v2\/comments?post=888"}],"version-history":[{"count":14,"href":"https:\/\/grupomontevideo.org\/escalagrado\/index.php\/wp-json\/wp\/v2\/pages\/888\/revisions"}],"predecessor-version":[{"id":1650,"href":"https:\/\/grupomontevideo.org\/escalagrado\/index.php\/wp-json\/wp\/v2\/pages\/888\/revisions\/1650"}],"up":[{"embeddable":true,"href":"https:\/\/grupomontevideo.org\/escalagrado\/index.php\/wp-json\/wp\/v2\/pages\/883"}],"wp:attachment":[{"href":"https:\/\/grupomontevideo.org\/escalagrado\/index.php\/wp-json\/wp\/v2\/media?parent=888"}],"curies":[{"name":"wp","href":"https:\/\/api.w.org\/{rel}","templated":true}]}}