{"id":343,"date":"2018-04-23T22:31:49","date_gmt":"2018-04-23T22:31:49","guid":{"rendered":"http:\/\/grupomontevideo.org\/escalaposgrado\/?page_id=343"},"modified":"2024-10-02T17:09:04","modified_gmt":"2024-10-02T17:09:04","slug":"documentos","status":"publish","type":"page","link":"https:\/\/grupomontevideo.org\/escalagrado\/index.php\/documentos\/","title":{"rendered":"DOCUMENTOS DE INTER\u00c9S"},"content":{"rendered":"<p>Reglamento <span style=\"color: #000080;\"><a style=\"color: #000080;\" href=\"https:\/\/grupomontevideo.org\/escalagrado\/wp-content\/uploads\/2023\/06\/Reglamento-ESCALA-de-Estudiantes-de-Grado-Esp.-06.06.23.pdf\" rel=\"attachment wp-att-1608\">en ESPA\u00d1OL<\/a><\/span> \/ <span style=\"color: #000080;\"><a style=\"color: #000080;\" href=\"https:\/\/grupomontevideo.org\/escalagrado\/wp-content\/uploads\/2023\/06\/Regulamento-ESCALA-de-Estudantes-de-Graduacao-Port.-06.06.23.pdf\" rel=\"attachment wp-att-1609\">en PORTUGU\u00c9S<\/a><\/span><\/p>\n<hr \/>\n<p>Manual de Buenas Pr\u00e1cticas <span style=\"color: #000080;\"><a style=\"color: #000080;\" href=\"https:\/\/grupomontevideo.org\/escalagrado\/wp-content\/uploads\/2022\/03\/ESCALA-de-Grado-ManualdeBuenasPracticasESP.pdf\">en ESPA\u00d1OL<\/a><\/span> \/ <a href=\"https:\/\/grupomontevideo.org\/escalagrado\/wp-content\/uploads\/2022\/03\/ESCALA-de-Grado-ManualdeBuenasPracticasPORT.pdf\"><span style=\"color: #000080;\">en PORTUGU\u00c9S<\/span><\/a><\/p>\n<hr \/>\n<p><span style=\"color: #000080;\"><a style=\"color: #000080;\" href=\"https:\/\/grupomontevideo.org\/escalagrado\/wp-content\/uploads\/2023\/06\/Tabla-equivalencia-de-calificaciones.pdf\" rel=\"attachment wp-att-1614\">Tabla de Equivalencia de Calificaciones \/\u00a0Tabela de Equival\u00eancia de Qualifica\u00e7\u00f5es<\/a><\/span><\/p>\n<hr \/>\n<p>\u2666 Contrato de Estudios:\u00a0<a href=\"https:\/\/grupomontevideo.org\/escalagrado\/wp-content\/uploads\/2023\/09\/CONTRATO-DE-ESTUDIOS-Esp.docx\" target=\"_blank\" rel=\"noopener\">en Espa\u00f1ol<\/a>\u00a0\/\u00a0<a href=\"https:\/\/grupomontevideo.org\/escalagrado\/wp-content\/uploads\/2023\/09\/Contrato-de-estudos.docx\" target=\"_blank\" rel=\"noopener\">en Portugu\u00e9s<\/a><\/p>\n<p><strong><a href=\"https:\/\/grupomontevideo.org\/escalagrado\/wp-content\/uploads\/2024\/10\/CONTRATO-DE-ESTUDIOS-Esp.pdf.pdf\">espPDF<\/a> \/ <a href=\"https:\/\/grupomontevideo.org\/escalagrado\/wp-content\/uploads\/2024\/10\/Contrato-de-estudos.pdf.pdf\">portPDF<\/a><\/strong><\/p>\n<hr \/>\n<p>\u2666 PEEG-3:\u00a0<a href=\"https:\/\/grupomontevideo.org\/escalagrado\/wp-content\/uploads\/2023\/06\/Modificacion-contrato-de-estudios.docx\" rel=\"attachment wp-att-1621\">Modificaci\u00f3n al Contrato de Estudios (Esp)<\/a>\u00a0\/\u00a0<a href=\"https:\/\/grupomontevideo.org\/escalagrado\/wp-content\/uploads\/2023\/06\/Alteracoes-ao-contrato-de-estudos.docx\" rel=\"attachment wp-att-1625\">Altera\u00e7\u00f5es ao contrato de estudos (Port)<\/a><\/p>\n<p><strong><a href=\"https:\/\/grupomontevideo.org\/escalagrado\/wp-content\/uploads\/2024\/10\/Modificacion-contrato-de-estudios.pdf.pdf\">espPDF<\/a> \/ <a href=\"https:\/\/grupomontevideo.org\/escalagrado\/wp-content\/uploads\/2024\/10\/Alteracoes-ao-contrato-de-estudos.pdf.pdf\">portPDF<\/a><\/strong><\/p>\n<hr \/>\n<p><a href=\"https:\/\/grupomontevideo.org\/escalagrado\/wp-content\/uploads\/2024\/09\/FORMULARIO-DE-POSTULACION-PEEG.docx\">FORMULARIO POSTULACION &#8212;<\/a>\u00a0 \u00a0<strong><a href=\"https:\/\/grupomontevideo.org\/escalagrado\/wp-content\/uploads\/2024\/10\/FORMULARIO-DE-POSTULACION-PEEG.pdf.pdf\">PDF<\/a><\/strong><\/p>\n<p>&nbsp;<\/p>\n<p>&nbsp;<\/p>\n<p><em>**** Si su navegador no le permite descargar el archivo, presiones clic derecho -&gt; \u00abguardar vinculo como \u2026 \u00bb para descargar el archivo .DOC\u00a0<\/em><\/p>\n","protected":false},"excerpt":{"rendered":"<p>Reglamento en ESPA\u00d1OL \/ en PORTUGU\u00c9S Manual de Buenas Pr\u00e1cticas en ESPA\u00d1OL \/ en PORTUGU\u00c9S Tabla de Equivalencia de Calificaciones \/\u00a0Tabela de Equival\u00eancia de Qualifica\u00e7\u00f5es \u2666 Contrato de Estudios:\u00a0en Espa\u00f1ol\u00a0\/\u00a0en Portugu\u00e9s espPDF \/ portPDF \u2666 PEEG-3:\u00a0Modificaci\u00f3n al Contrato de Estudios (Esp)\u00a0\/\u00a0Altera\u00e7\u00f5es ao contrato de estudos (Port) espPDF \/ portPDF FORMULARIO POSTULACION &#8212;\u00a0 \u00a0PDF &nbsp; &nbsp; [&hellip;]<\/p>\n","protected":false},"author":1,"featured_media":0,"parent":0,"menu_order":0,"comment_status":"closed","ping_status":"closed","template":"","meta":{"footnotes":""},"class_list":["post-343","page","type-page","status-publish","hentry"],"_links":{"self":[{"href":"https:\/\/grupomontevideo.org\/escalagrado\/index.php\/wp-json\/wp\/v2\/pages\/343","targetHints":{"allow":["GET"]}}],"collection":[{"href":"https:\/\/grupomontevideo.org\/escalagrado\/index.php\/wp-json\/wp\/v2\/pages"}],"about":[{"href":"https:\/\/grupomontevideo.org\/escalagrado\/index.php\/wp-json\/wp\/v2\/types\/page"}],"author":[{"embeddable":true,"href":"https:\/\/grupomontevideo.org\/escalagrado\/index.php\/wp-json\/wp\/v2\/users\/1"}],"replies":[{"embeddable":true,"href":"https:\/\/grupomontevideo.org\/escalagrado\/index.php\/wp-json\/wp\/v2\/comments?post=343"}],"version-history":[{"count":30,"href":"https:\/\/grupomontevideo.org\/escalagrado\/index.php\/wp-json\/wp\/v2\/pages\/343\/revisions"}],"predecessor-version":[{"id":2031,"href":"https:\/\/grupomontevideo.org\/escalagrado\/index.php\/wp-json\/wp\/v2\/pages\/343\/revisions\/2031"}],"wp:attachment":[{"href":"https:\/\/grupomontevideo.org\/escalagrado\/index.php\/wp-json\/wp\/v2\/media?parent=343"}],"curies":[{"name":"wp","href":"https:\/\/api.w.org\/{rel}","templated":true}]}}