{"id":2,"date":"2016-06-06T18:40:45","date_gmt":"2016-06-06T18:40:45","guid":{"rendered":"http:\/\/164.73.108.3\/posgrado\/?page_id=2"},"modified":"2025-10-10T19:51:53","modified_gmt":"2025-10-10T19:51:53","slug":"pagina-ejemplo","status":"publish","type":"page","link":"https:\/\/grupomontevideo.org\/escalagrado\/","title":{"rendered":"Programa ESCALA de Estudiantes de Grado"},"content":{"rendered":"<div class=\"grid-box width100 leading\">\n<article class=\"item\" data-permalink=\"http:\/\/grupomontevideo.org\/escala\/index.php\/125-bienvenidos12\"><strong>Est\u00e1 abierta la primer convocatoria para que estudiantes de grado de las universidades miembro de AUGM realicen un intercambio durante un semestre en el a\u00f1o 2026. <a href=\"https:\/\/grupomontevideo.org\/escalaposgrado\/wp-content\/uploads\/2025\/10\/CRONOGRAMAS-2026-1-2.pdf\">Ver cronograma de las convocatorias <\/a><\/strong><\/p>\n<p>La oferta de plazas por universidad participante se encuentra ingresando a\u00a0<a href=\"https:\/\/grupomontevideo.org\/escalagrado\/index.php\/plazas\/\"><strong>OFERTA DE PLAZAS.<\/strong><\/a>Para postular debes tener presente las condiciones y requisitos que establece tu universidad y la universidad a la cual quieres postular. Puedes encontrarlos en\u00a0<strong><a href=\"https:\/\/grupomontevideo.org\/escalagrado\/index.php\/informacion-de-las-universidades\/\">CONDICIONES Y REQUISITOS<\/a><\/strong><\/p>\n<p>Por consultas comunicarte directamente con la oficina responsable de la gesti\u00f3n del Programa en tu universidad. Los datos de contacto los encuentras en\u00a0<strong><a href=\"https:\/\/grupomontevideo.org\/escalagrado\/index.php\/193-2\/\">RESPONSABLES DE GESTI\u00d3N<\/a><\/strong><\/p>\n<p>&nbsp;<\/p>\n<header>\n<hr \/>\n<p align=\"justify\">La Asociaci\u00f3n de Universidades Grupo Montevideo &#8211; AUGM &#8211; fundada en 1991, ha desarrollado desde sus inicios actividades de cooperaci\u00f3n cient\u00edfica, tecnol\u00f3gica, educativa y cultural entre sus miembros.<\/p>\n<p align=\"justify\">Cada Universidad Miembro pone a disposici\u00f3n de las dem\u00e1s sus mejores docentes, cient\u00edficos y acad\u00e9micos al igual que sus recursos materiales, para aprovechar de forma solidaria las ventajas de cada instituci\u00f3n.<\/p>\n<p align=\"justify\">El programa ESCALA de Estudiantes de Grado representa uno de los emprendimientos m\u00e1s importantes de la AUGM para el logro de su objetivo de impulsar la integraci\u00f3n regional.<\/p>\n<\/header>\n<\/article>\n<\/div>\n<div class=\"grid-box width100 leading\">\n<article class=\"item\" data-permalink=\"http:\/\/grupomontevideo.org\/escala\/index.php\/115-ique-es-escala-estudiantil6\">\n<header>\n<h1><\/h1>\n<h2 class=\"title\">\u00bfQu\u00e9 es?<\/h2>\n<\/header>\n<div class=\"content clearfix\">\n<div>\n<p align=\"justify\">Es un programa de AUGM, entendido como la construcci\u00f3n de un \u201cEspacio Acad\u00e9mico Com\u00fan Ampliado Latinoamericano\u201d \u2013 ESCALA \u2013. El mismo, ha sido el norte que orienta las actividades que se desarrollan en el marco de la Asociaci\u00f3n.<\/p>\n<p align=\"justify\">El programa busca impulsar y fortalecer el proceso de construcci\u00f3n de un espacio acad\u00e9mico com\u00fan regional a trav\u00e9s de la movilidad de estudiantes. Mediante la convivencia entre estudiantes y docentes de distintas universidades y pa\u00edses, se promover\u00e1 el intercambio acad\u00e9mico-cultural y brindar\u00e1 mejor conocimiento de los diferentes sistemas de educaci\u00f3n superior instalados en Latinoam\u00e9rica.<\/p>\n<\/div>\n<\/div>\n<\/article>\n<\/div>\n<div class=\"grid-box width100 leading\">\n<article class=\"item\" data-permalink=\"http:\/\/grupomontevideo.org\/escala\/index.php\/114-iquienes-pueden-participar-5\">\n<header>\n<h1><\/h1>\n<h2 class=\"title\">\u00bfQui\u00e9nes pueden participar?<\/h2>\n<\/header>\n<div class=\"content clearfix\">\n<div>\n<p align=\"justify\">Los intercambios de estudiantes se realizar\u00e1n al nivel de carreras de grado y licenciaturas. Pueden participar todos los estudiantes que pertenezcan a cualquier universidad miembro.<\/p>\n<\/div>\n<\/div>\n<\/article>\n<\/div>\n<div class=\"grid-box width100 leading\">\n<article class=\"item\" data-permalink=\"http:\/\/grupomontevideo.org\/escala\/index.php\/113-icuales-son-los-requisitos4\">\n<header>\n<h1><\/h1>\n<h2 class=\"title\">\u00bfCu\u00e1les son los requisitos?<\/h2>\n<\/header>\n<div class=\"content clearfix\">\n<div>\n<p align=\"justify\">Los estudiantes que se postulen deber\u00e1n estar matriculados como estudiante regular en la universidad de origen y tener aprobado por lo menos el 40% de la carrera o licenciatura que cursa y no ocupar cargos docentes.<\/p>\n<p align=\"justify\">La duraci\u00f3n de cada intercambio es de un semestre y cada universidad seleccionar\u00e1 entre sus estudiantes los que habr\u00e1n de participar, tendr\u00e1 que garantizar igualdad de oportunidades para todos los aspirantes, aplicando concurso de m\u00e9rito y entrevistas donde los postulantes presentar\u00e1n antecedentes acad\u00e9micos, escolaridad y certificaci\u00f3n de otros requisitos que cada universidad considere pertinentes.<\/p>\n<p align=\"justify\">El aspirante deber\u00e1 presentar un plan de estudios de las disciplinas o asignaturas que desee cursar en el exterior, as\u00ed como las que pretenden le sean reconocidas en su propio plan de estudios, el que deber\u00e1 ser acordado entre las unidades acad\u00e9micas de las dos universidades participantes. Dentro del plan acordado, el estudiante podr\u00e1 incluir asignaturas de car\u00e1cter optativo, trabajo final u otras actividades acad\u00e9micas, adem\u00e1s de las espec\u00edficas de su carrera.<\/p>\n<h2 align=\"justify\"><\/h2>\n<h2 align=\"justify\">Reconocimiento de estudios<\/h2>\n<p align=\"justify\">La Universidad de origen suscribir\u00e1 un compromiso institucional previamente a que el estudiante se movilice. En el mismo se obligar\u00e1 a reconocer los estudios cursados y acreditarlos a la carrera propia del estudiante, mediante la aprobaci\u00f3n, por parte de la m\u00e1xima autoridad de la unidad acad\u00e9mica, del plan de estudios acordado por el estudiante junto a los coordinadores acad\u00e9micos de ambas universidades y la posterior presentaci\u00f3n del certificado de estudios, expedido por la universidad de destino, con la aprobaci\u00f3n de las asignaturas cursadas.<\/p>\n<p align=\"justify\">Las actividades acad\u00e9micas curriculares que el estudiante realiza en la universidad de destino deben necesariamente significar un avance concreto y equivalente en el plan de estudios de su propia carrera.<\/p>\n<p align=\"justify\">El reconocimiento de estudios se asienta sobre los principios de confianza entre las instituciones; el conocimiento mutuo entre las entidades docentes participantes y el reconocimiento de la calidad de la ense\u00f1a que imparten.<\/p>\n<p align=\"justify\">Transparencia Informativa sobre los planes de estudios, calendarios acad\u00e9micos, programas de las asignaturas que habr\u00e1n de ser cursados, organizaci\u00f3n de la docencia, sistema de calificaciones y posibles equivalencias.<\/p>\n<p align=\"justify\">Flexibilidad, las diferencias organizativas resultantes de la disimilitud de planes de estudios, sistemas de calificaci\u00f3n y m\u00e9todos de aprobaci\u00f3n de las asignaturas entre las diferentes universidades integrantes del sistema, sin perjuicio de la compatibilidad en t\u00e9rminos de calidad de los estudios.<\/p>\n<\/div>\n<\/div>\n<\/article>\n<\/div>\n<div id=\"sconnect-is-installed\" style=\"display: none;\">2.15.1.0<\/div>\n<div id=\"sconnect-is-installed\" style=\"display: none;\">2.15.1.0<\/div>\n","protected":false},"excerpt":{"rendered":"<p>Est\u00e1 abierta la primer convocatoria para que estudiantes de grado de las universidades miembro de AUGM realicen un intercambio durante un semestre en el a\u00f1o 2026. Ver cronograma de las convocatorias La oferta de plazas por universidad participante se encuentra ingresando a\u00a0OFERTA DE PLAZAS.Para postular debes tener presente las condiciones y requisitos que establece tu [&hellip;]<\/p>\n","protected":false},"author":1,"featured_media":0,"parent":0,"menu_order":0,"comment_status":"closed","ping_status":"closed","template":"","meta":{"footnotes":""},"class_list":["post-2","page","type-page","status-publish","hentry"],"_links":{"self":[{"href":"https:\/\/grupomontevideo.org\/escalagrado\/index.php\/wp-json\/wp\/v2\/pages\/2","targetHints":{"allow":["GET"]}}],"collection":[{"href":"https:\/\/grupomontevideo.org\/escalagrado\/index.php\/wp-json\/wp\/v2\/pages"}],"about":[{"href":"https:\/\/grupomontevideo.org\/escalagrado\/index.php\/wp-json\/wp\/v2\/types\/page"}],"author":[{"embeddable":true,"href":"https:\/\/grupomontevideo.org\/escalagrado\/index.php\/wp-json\/wp\/v2\/users\/1"}],"replies":[{"embeddable":true,"href":"https:\/\/grupomontevideo.org\/escalagrado\/index.php\/wp-json\/wp\/v2\/comments?post=2"}],"version-history":[{"count":35,"href":"https:\/\/grupomontevideo.org\/escalagrado\/index.php\/wp-json\/wp\/v2\/pages\/2\/revisions"}],"predecessor-version":[{"id":2049,"href":"https:\/\/grupomontevideo.org\/escalagrado\/index.php\/wp-json\/wp\/v2\/pages\/2\/revisions\/2049"}],"wp:attachment":[{"href":"https:\/\/grupomontevideo.org\/escalagrado\/index.php\/wp-json\/wp\/v2\/media?parent=2"}],"curies":[{"name":"wp","href":"https:\/\/api.w.org\/{rel}","templated":true}]}}