{"id":1213,"date":"2022-07-01T17:46:27","date_gmt":"2022-07-01T17:46:27","guid":{"rendered":"http:\/\/grupomontevideo.org\/escalagrado\/?page_id=1213"},"modified":"2023-11-20T21:07:21","modified_gmt":"2023-11-20T21:07:21","slug":"nomina-de-seleccionados-2023-2","status":"publish","type":"page","link":"https:\/\/grupomontevideo.org\/escalagrado\/index.php\/nomina-de-seleccionados-2023-2\/","title":{"rendered":"N\u00d3MINA DE SELECCIONADOS 2023-2"},"content":{"rendered":"<table width=\"639\">\n<tbody>\n<tr>\n<td width=\"188\"><span style=\"color: #000080;\"><strong>Universidad de Origen<\/strong><\/span><\/td>\n<td width=\"293\"><span style=\"color: #000080;\"><strong>ESTUDIANTE<\/strong><\/span><\/td>\n<td width=\"158\"><span style=\"color: #000080;\"><strong>Universidad de Destino<\/strong><\/span><\/td>\n<\/tr>\n<tr>\n<td rowspan=\"9\" width=\"188\"><strong>Universidad de Buenos Aires (UBA), Argentina<\/strong><\/td>\n<td>Faustino Raggi<\/td>\n<td>USFXCH<\/td>\n<\/tr>\n<tr>\n<td>Patricio Nogueroles<\/td>\n<td>UFMG<\/td>\n<\/tr>\n<tr>\n<td>Luciano Patti<\/td>\n<td>UFPR<\/td>\n<\/tr>\n<tr>\n<td>Abril Alonso Teixid\u00f3<\/td>\n<td>UFRGS<\/td>\n<\/tr>\n<tr>\n<td>Ruben Obadia Buenos<\/td>\n<td>UFRJ<\/td>\n<\/tr>\n<tr>\n<td>Mat\u00edas Kalina<\/td>\n<td>UFSC<\/td>\n<\/tr>\n<tr>\n<td>Victoria Beatriz Blanco<\/td>\n<td>UCHILE<\/td>\n<\/tr>\n<tr>\n<td>Martina Ivani Azzato<\/td>\n<td>UPLA<\/td>\n<\/tr>\n<tr>\n<td>Ailin Mayra Zeltman<\/td>\n<td>UDELAR<\/td>\n<\/tr>\n<tr>\n<td rowspan=\"7\" width=\"188\"><strong>Universidad Nacional de C\u00f3rdoba (UNC), Argentina<\/strong><\/td>\n<td>Fernando Zappino<\/td>\n<td>UFMG<\/td>\n<\/tr>\n<tr>\n<td>Mar\u00eda Cielo Pacheco<\/td>\n<td>UFSC<\/td>\n<\/tr>\n<tr>\n<td>Luc\u00eda Iparraguirre<\/td>\n<td>UFSC<\/td>\n<\/tr>\n<tr>\n<td>Carlos Charra<\/td>\n<td>UFSM<\/td>\n<\/tr>\n<tr>\n<td>Clara Correa<\/td>\n<td>UNESP<\/td>\n<\/tr>\n<tr>\n<td>Roc\u00edo Sabena<\/td>\n<td>UPLA<\/td>\n<\/tr>\n<tr>\n<td>Joaqu\u00edn Barrera<\/td>\n<td>UDELAR<\/td>\n<\/tr>\n<tr>\n<td rowspan=\"12\" width=\"188\"><strong>Universidad Nacional de Cuyo (UNCuyo), Argentina<\/strong><\/td>\n<td>Mariano Edgardo Olibano<\/td>\n<td>UFG<\/td>\n<\/tr>\n<tr>\n<td>\u00a0Ana Luc\u00eda Palma Funes<\/td>\n<td>UFMG<\/td>\n<\/tr>\n<tr>\n<td>Paulina\u00a0 Remy<\/td>\n<td>FURG<\/td>\n<\/tr>\n<tr>\n<td>Valentina Lucero<\/td>\n<td>UFRGS<\/td>\n<\/tr>\n<tr>\n<td>\u00a0Lara Pettignano<\/td>\n<td>UFRGS<\/td>\n<\/tr>\n<tr>\n<td>\u00a0Lucia Virginia\u00a0 Cairo<\/td>\n<td>UFSC<\/td>\n<\/tr>\n<tr>\n<td>\u00a0Cristian Nicol\u00e1s\u00a0 Gutierrez Flores<\/td>\n<td>UFSC<\/td>\n<\/tr>\n<tr>\n<td>\u00a0Marisel Lorena Acosta Cari<\/td>\n<td>UFSCAR<\/td>\n<\/tr>\n<tr>\n<td>\u00a0Valentina\u00a0 Renda Vitale<\/td>\n<td>UNESP<\/td>\n<\/tr>\n<tr>\n<td>\u00a0Martina In\u00e9s\u00a0 Blanco<\/td>\n<td>UNICAMP<\/td>\n<\/tr>\n<tr>\n<td>\u00a0Emma Malena Cahiza Ivani<\/td>\n<td>UNICAMP<\/td>\n<\/tr>\n<tr>\n<td>Candela Orellana<\/td>\n<td>UPLA<\/td>\n<\/tr>\n<tr>\n<td rowspan=\"5\" width=\"188\"><strong>Universidad Nacional de Entre Rios (UNER), Argentina<\/strong><\/td>\n<td>Candela Maccione Reigert<\/td>\n<td>UFSC<\/td>\n<\/tr>\n<tr>\n<td>Ximena Masetto<\/td>\n<td>UNESP<\/td>\n<\/tr>\n<tr>\n<td>Marianela Clarisa Turriani<\/td>\n<td>UNICAMP<\/td>\n<\/tr>\n<tr>\n<td>Walter Nicol\u00e1s Mart\u00ednez Larroza<\/td>\n<td>UNA<\/td>\n<\/tr>\n<tr>\n<td>Cristian Luciano Stipicevich<\/td>\n<td>UDELAR<\/td>\n<\/tr>\n<tr>\n<td rowspan=\"10\" width=\"188\"><strong>Universidad Nacional del Litoral (UNL), Argentina<\/strong><\/td>\n<td>Lourdes Maialen Mautino<\/td>\n<td>UMSS<\/td>\n<\/tr>\n<tr>\n<td>Francisco Ahmad<\/td>\n<td>UFG<\/td>\n<\/tr>\n<tr>\n<td>Maria Delfina Enrico<\/td>\n<td>UFMG<\/td>\n<\/tr>\n<tr>\n<td>\u00a0Mariana Belen\u00a0 Ram\u00edrez Montenegro<\/td>\n<td>UFRGS<\/td>\n<\/tr>\n<tr>\n<td>\u00a0Valent\u00edn Ignacio G\u00f3mez<\/td>\n<td>UFRJ<\/td>\n<\/tr>\n<tr>\n<td>Salvador Davicino<\/td>\n<td>UFSC<\/td>\n<\/tr>\n<tr>\n<td>Facundo Ficetto<\/td>\n<td>UFSCAR<\/td>\n<\/tr>\n<tr>\n<td>Mariana Celman<\/td>\n<td>UFSM<\/td>\n<\/tr>\n<tr>\n<td>\u00a0Daniel Segundo Alem\u00e1n<\/td>\n<td>UNESP<\/td>\n<\/tr>\n<tr>\n<td>Giuliana\u00a0 Pilatti<\/td>\n<td>UDELAR<\/td>\n<\/tr>\n<tr>\n<td rowspan=\"3\" width=\"188\"><strong>Universidad Nacional del Nordeste (UNNE), Argentina<\/strong><\/td>\n<td>F\u00e1tima Itat\u00ed Zapat<\/td>\n<td>UFRGS<\/td>\n<\/tr>\n<tr>\n<td>Ivana Franco<\/td>\n<td>UFRJ<\/td>\n<\/tr>\n<tr>\n<td>Paola Alejandra Sosa<\/td>\n<td>UDELAR<\/td>\n<\/tr>\n<tr>\n<td rowspan=\"4\" width=\"188\"><strong>Universidad Nacional del Noroeste de Buenos Aires (UNNOBA), Argentina<\/strong><\/td>\n<td>Luisina Bel\u00e9n Cena<\/td>\n<td>UFSM<\/td>\n<\/tr>\n<tr>\n<td>Felipe Gariboldi<\/td>\n<td>UPLA<\/td>\n<\/tr>\n<tr>\n<td>\u00a0Nicolas Fr\u00edgoli<\/td>\n<td>UNI<\/td>\n<\/tr>\n<tr>\n<td>Santiago Sciutto<\/td>\n<td>UDELAR<\/td>\n<\/tr>\n<tr>\n<td rowspan=\"2\" width=\"188\"><strong>Universidad Nacional de Quilmes (UNQ), Argentina<\/strong><\/td>\n<td>\u00a0Jesica\u00a0Pamela Avalos<\/td>\n<td>FURG<\/td>\n<\/tr>\n<tr>\n<td>Lucas Pablo Acosta<\/td>\n<td>UDELAR<\/td>\n<\/tr>\n<tr>\n<td rowspan=\"4\" width=\"188\"><strong>Universidad Nacional de Rosario (UNR), Argentina<\/strong><\/td>\n<td>Victoria Ferraro<\/td>\n<td>UFABC<\/td>\n<\/tr>\n<tr>\n<td>Mar\u00eda Bel\u00e9n Biodi<\/td>\n<td>UFMG<\/td>\n<\/tr>\n<tr>\n<td>Bianca Delprato<\/td>\n<td>UFSM<\/td>\n<\/tr>\n<tr>\n<td>Pablo Negri<\/td>\n<td>UNA<\/td>\n<\/tr>\n<tr>\n<td rowspan=\"4\" width=\"188\"><strong>Universidad Nacional del Sur (UNS), Argentina<\/strong><\/td>\n<td>Catalina Sol Gonzalez Stanziani<\/td>\n<td>UFSC<\/td>\n<\/tr>\n<tr>\n<td>Mar\u00eda Luz Magaz<\/td>\n<td>UNA<\/td>\n<\/tr>\n<tr>\n<td>Juana Victoria Buscarini<\/td>\n<td>UNI<\/td>\n<\/tr>\n<tr>\n<td>Juan Carlos Schott<\/td>\n<td>UDELAR<\/td>\n<\/tr>\n<tr>\n<td rowspan=\"5\" width=\"188\"><strong>Universidad Mayor de San Sim\u00f3n (UMSS), Bolivia<\/strong><\/td>\n<td>Juan Diego Camacho Orellana<\/td>\n<td>UNL<\/td>\n<\/tr>\n<tr>\n<td>Henry Josue Arce Varga<\/td>\n<td>UNMDP<\/td>\n<\/tr>\n<tr>\n<td>Mary Nelcy Claros Ustariz<\/td>\n<td>UNSL<\/td>\n<\/tr>\n<tr>\n<td>\u00a0Damaris Hinojosa Lozano<\/td>\n<td>UNICAMP<\/td>\n<\/tr>\n<tr>\n<td>\u00a0Carolina Arias Garrido<\/td>\n<td>UDELAR<\/td>\n<\/tr>\n<tr>\n<td rowspan=\"2\" width=\"188\"><strong>Universidade Federal do ABC (UFABC), Brasil<\/strong><\/td>\n<td>Alessandro Paulino Ferreira<\/td>\n<td>UNCU<\/td>\n<\/tr>\n<tr>\n<td>Nathalia Andrade Souza<\/td>\n<td>UNR<\/td>\n<\/tr>\n<tr>\n<td rowspan=\"5\" width=\"188\"><strong>Universidade Federal de Goi\u00e1s (UFG), Brasil<\/strong><\/td>\n<td>Tatiane Martins Rosa<\/td>\n<td>UNCU<\/td>\n<\/tr>\n<tr>\n<td>Vitoria Vieira Moreira de Jesus<\/td>\n<td>UNL<\/td>\n<\/tr>\n<tr>\n<td>Susanne\u00a0Tavares Alves<\/td>\n<td>UNNE<\/td>\n<\/tr>\n<tr>\n<td>Elienai Crisostomo Pereira<\/td>\n<td>UNNE<\/td>\n<\/tr>\n<tr>\n<td>Ana Vit\u00f3ria Alves de Freitas<\/td>\n<td>UDELAR<\/td>\n<\/tr>\n<tr>\n<td rowspan=\"9\" width=\"188\"><strong>Universidade Federal de Minas Gerais (UFMG), Brasil<\/strong><\/td>\n<td>Henrique Antunes de Paula<\/td>\n<td>UBA<\/td>\n<\/tr>\n<tr>\n<td>Gabriel Radamesis Gomes Nascimento<\/td>\n<td>UNC<\/td>\n<\/tr>\n<tr>\n<td>Leonardo Da Silva Franco<\/td>\n<td>UNCU<\/td>\n<\/tr>\n<tr>\n<td>Beatriz Drosdrocky Goncalves<\/td>\n<td>UNCU<\/td>\n<\/tr>\n<tr>\n<td>Elias Barbosa Rodrigues<\/td>\n<td>UNL<\/td>\n<\/tr>\n<tr>\n<td>Andre Vitor Ferreira de Souza<\/td>\n<td>UNR<\/td>\n<\/tr>\n<tr>\n<td>Raquel Ribeiro Mendes<\/td>\n<td>UMSA<\/td>\n<\/tr>\n<tr>\n<td>Jennifer Da Silva Barbosa<\/td>\n<td>UV<\/td>\n<\/tr>\n<tr>\n<td>Igor Dias Pinheiro<\/td>\n<td>UDELAR<\/td>\n<\/tr>\n<tr>\n<td rowspan=\"2\" width=\"188\"><strong>Universidade Federal do Paran\u00e1 (UFPR), Brasil<\/strong><\/td>\n<td>Erick Alves\u00a0 Souza Santos<\/td>\n<td>UNNE<\/td>\n<\/tr>\n<tr>\n<td>Leticia Eduarda de Oliveira<\/td>\n<td>UNNE<\/td>\n<\/tr>\n<tr>\n<td rowspan=\"4\" width=\"188\"><strong>Universidade Federal do Rio Grande (FURG), Brasil<\/strong><\/td>\n<td>\u00a0Carla Emanoela Bezerra Silva Monteiro<\/td>\n<td>UNNE<\/td>\n<\/tr>\n<tr>\n<td>Gabrielle Brazil da Cruz<\/td>\n<td>UNQ<\/td>\n<\/tr>\n<tr>\n<td>Matheus Daniel Koren<\/td>\n<td>UNSL<\/td>\n<\/tr>\n<tr>\n<td>Renata Dutra Potolowsky<\/td>\n<td>UMSS<\/td>\n<\/tr>\n<tr>\n<td rowspan=\"6\" width=\"188\"><strong>Universidade Federal do Rio Grande do Sul (UFRGS), Brasil<\/strong><\/td>\n<td>Lu\u00eds Henrique Leiria Pinheiro<\/td>\n<td>UBA<\/td>\n<\/tr>\n<tr>\n<td>C\u00e2ndida Martins<\/td>\n<td>UNCU<\/td>\n<\/tr>\n<tr>\n<td>Davi da Cunha Morales<\/td>\n<td>UNL<\/td>\n<\/tr>\n<tr>\n<td>Naiome Alves Pereira<\/td>\n<td>UNS<\/td>\n<\/tr>\n<tr>\n<td>Marina F\u00fclber<\/td>\n<td>UMSS<\/td>\n<\/tr>\n<tr>\n<td>Isadora Rosa Leotti<\/td>\n<td>USACH<\/td>\n<\/tr>\n<tr>\n<td width=\"188\"><strong>Universidade Federal do Rio de Janeiro (UFRJ), Brasil<\/strong><\/td>\n<td>Thom\u00e1s Carestiato Celles Cordeiro<\/td>\n<td>UNQ<\/td>\n<\/tr>\n<tr>\n<td rowspan=\"4\" width=\"188\"><strong>Universidade Federal de S\u00e3o Carlos (UFSCAR), Brasil<\/strong><\/td>\n<td>Aldrey Iala Avila<\/td>\n<td>UNCU<\/td>\n<\/tr>\n<tr>\n<td>Pamela Wong Sarli<\/td>\n<td>UNL<\/td>\n<\/tr>\n<tr>\n<td>Giovanna Maria Oliveira Garcia<\/td>\n<td>UNQ<\/td>\n<\/tr>\n<tr>\n<td>Rafaela Aparecida Martins de Oliveira<\/td>\n<td>UDELAR<\/td>\n<\/tr>\n<tr>\n<td rowspan=\"9\" width=\"188\"><strong>Universidade Federal de Santa Mar\u00eda (UFSM), Brasil<\/strong><\/td>\n<td>Isabella Bittencourt dos Santos<\/td>\n<td>UNC<\/td>\n<\/tr>\n<tr>\n<td>Maria Manoela Cardoso dos Santos<\/td>\n<td>UNER<\/td>\n<\/tr>\n<tr>\n<td>Luana Silva de Sousa<\/td>\n<td>UNL<\/td>\n<\/tr>\n<tr>\n<td>Lucas Bettio<\/td>\n<td>UNNE<\/td>\n<\/tr>\n<tr>\n<td>Ot\u00e1vio de Freitas Baumhardt<\/td>\n<td>UNNE<\/td>\n<\/tr>\n<tr>\n<td>Emily Talita Pereira de Aguiar<\/td>\n<td>UNNOBA<\/td>\n<\/tr>\n<tr>\n<td>Laura Brand Fabrizio<\/td>\n<td>UNR<\/td>\n<\/tr>\n<tr>\n<td>Jo\u00e3o Pedro Lima da Costa<\/td>\n<td>UPLA<\/td>\n<\/tr>\n<tr>\n<td>Alessandra Kayenne Soares Bispo dos Santos<\/td>\n<td>UDELAR<\/td>\n<\/tr>\n<tr>\n<td rowspan=\"2\" width=\"188\"><strong>Universidade de Bras\u00edlia (UNB), Brasil<\/strong><\/td>\n<td>Nicole de Andrade Oliveira<\/td>\n<td>UBA<\/td>\n<\/tr>\n<tr>\n<td>Thalisson Vinicius De Sousa<\/td>\n<td>UDELAR<\/td>\n<\/tr>\n<tr>\n<td rowspan=\"11\" width=\"188\"><strong>Universidade Estadual Paulista (UNESP), Brasil<\/strong><\/td>\n<td>Isabela Ferreira dos Santos<\/td>\n<td>UBA<\/td>\n<\/tr>\n<tr>\n<td>Helena Lucchesi Franca<\/td>\n<td>UNC<\/td>\n<\/tr>\n<tr>\n<td>Vitoria Aparecida Noronha<\/td>\n<td>UNCU<\/td>\n<\/tr>\n<tr>\n<td>Livia Vit\u00f3rio Dutra<\/td>\n<td>UNL<\/td>\n<\/tr>\n<tr>\n<td>Luana Benedicto<\/td>\n<td>UNMDP<\/td>\n<\/tr>\n<tr>\n<td>Rafaella Renno Almeida de Matos<\/td>\n<td>UNNE<\/td>\n<\/tr>\n<tr>\n<td>Camila da Silva Rodrigues<\/td>\n<td>UNS<\/td>\n<\/tr>\n<tr>\n<td>Ana Gabriela Camba Braga<\/td>\n<td>UNSL<\/td>\n<\/tr>\n<tr>\n<td>Thiele Ihorrana Aquino Dias<\/td>\n<td>UPLA<\/td>\n<\/tr>\n<tr>\n<td>Gabrielle Nascimento<\/td>\n<td>USACH<\/td>\n<\/tr>\n<tr>\n<td>Gabriel Basso Ferreira<\/td>\n<td>UNA<\/td>\n<\/tr>\n<tr>\n<td rowspan=\"11\" width=\"188\"><strong>Universidade Estadual de Campinas (UNICAMP), Brasil<\/strong><\/td>\n<td>Let\u00edcia Bergamini Souto<\/td>\n<td>UBA<\/td>\n<\/tr>\n<tr>\n<td>\u00a0Lucas Reis Pereira<\/td>\n<td>UNC<\/td>\n<\/tr>\n<tr>\n<td>Beatriz Stephani Silveira Sete<\/td>\n<td>UNCU<\/td>\n<\/tr>\n<tr>\n<td>Pyetra Kriguer Cabral<\/td>\n<td>UNER<\/td>\n<\/tr>\n<tr>\n<td>Lorenzo Gutierrez Casale<\/td>\n<td>UNMDP<\/td>\n<\/tr>\n<tr>\n<td>Nayara Gisele Borges Ferreira Da Silva<\/td>\n<td>UNMDP<\/td>\n<\/tr>\n<tr>\n<td>Bruno Despontin Malvezzi<\/td>\n<td>UNNE<\/td>\n<\/tr>\n<tr>\n<td>Alessandra Caroline Siqueira Silva<\/td>\n<td>UNNE<\/td>\n<\/tr>\n<tr>\n<td>Rafael Rocha Novais<\/td>\n<td>UMSS<\/td>\n<\/tr>\n<tr>\n<td>Mariana Rodrigues Oliveira<\/td>\n<td>UDELAR<\/td>\n<\/tr>\n<tr>\n<td>Ana Lara Ferreira<\/td>\n<td>UDELAR<\/td>\n<\/tr>\n<tr>\n<td rowspan=\"3\" width=\"188\"><strong>Universidad de Chile (UChile) Chile<\/strong><\/td>\n<td>Miguel Agust\u00edn D\u00edaz del Fierro<\/td>\n<td>UBA<\/td>\n<\/tr>\n<tr>\n<td>Ainhoa Olavarr\u00eda Jofr\u00e9<\/td>\n<td>UFMG<\/td>\n<\/tr>\n<tr>\n<td>Dylan Rodolfo Figueroa Bustamante<\/td>\n<td>UDELAR<\/td>\n<\/tr>\n<tr>\n<td rowspan=\"5\" width=\"188\"><strong>Universidad de Playa Ancha (UPLA), Chile<\/strong><\/td>\n<td>Mar\u00eda Ignacia Cabal<\/td>\n<td>UNC<\/td>\n<\/tr>\n<tr>\n<td>Millaray Garrido LLanquileo<\/td>\n<td>UNNE<\/td>\n<\/tr>\n<tr>\n<td>Nicolas Honores Mena<\/td>\n<td>USFXCH<\/td>\n<\/tr>\n<tr>\n<td>Javiera Fuentes Ponce<\/td>\n<td>UFSM<\/td>\n<\/tr>\n<tr>\n<td>Jovanna Saavedra Athuan<\/td>\n<td>UDELAR<\/td>\n<\/tr>\n<tr>\n<td rowspan=\"4\" width=\"188\"><strong>Universidad de Santiago de Chile (USACH), Chile<\/strong><\/td>\n<td>Angella Solange Guerrero Galindo<\/td>\n<td>UBA<\/td>\n<\/tr>\n<tr>\n<td>Diana Roc\u00edo Sep\u00falveda Castillo<\/td>\n<td>UFMG<\/td>\n<\/tr>\n<tr>\n<td>Basti\u00e1n Andr\u00e9s Alb\u00e1n Acu\u00f1a<\/td>\n<td>UDELAR<\/td>\n<\/tr>\n<tr>\n<td>Constanza Pamela Silva Sandoval<\/td>\n<td>UDELAR<\/td>\n<\/tr>\n<tr>\n<td rowspan=\"2\" width=\"188\"><strong>Universidad de Valpara\u00edso (UV), Chile<\/strong><\/td>\n<td>Mat\u00edas Andr\u00e9s Estay Sanhueza<\/td>\n<td>UFMG<\/td>\n<\/tr>\n<tr>\n<td>Delia Bel\u00e9n Sep\u00falveda Estrada<\/td>\n<td>UDELAR<\/td>\n<\/tr>\n<tr>\n<td rowspan=\"7\" width=\"188\"><strong>Universidad Nacional de Asunci\u00f3n (UNA), Paraguay<\/strong><\/td>\n<td>Elizardo Daniel D\u00edaz Esp\u00ednola<\/td>\n<td>UBA<\/td>\n<\/tr>\n<tr>\n<td>Magali Monserrath Gomez Caballero<\/td>\n<td>UNL<\/td>\n<\/tr>\n<tr>\n<td>Miryam Amanda L\u00f3pez Mart\u00ednez<\/td>\n<td>UNS<\/td>\n<\/tr>\n<tr>\n<td>\u00c1ngel Mart\u00edn Elizalde Franco<\/td>\n<td>UNSL<\/td>\n<\/tr>\n<tr>\n<td>Silvana Mar\u00eda Rodr\u00edguez Andrada<\/td>\n<td>UFRGS<\/td>\n<\/tr>\n<tr>\n<td>Katerine Nayeli Cuenca Vargas<\/td>\n<td>UFSM<\/td>\n<\/tr>\n<tr>\n<td>Mijail Ezequiel Molinas Tretiahoff<\/td>\n<td>UDELAR<\/td>\n<\/tr>\n<tr>\n<td rowspan=\"4\" width=\"188\"><strong>Universidad Nacional de Concepci\u00f3n (UNCP), Paraguay<\/strong><\/td>\n<td>Francisco Lugo Mongel\u00f3s<\/td>\n<td>UNNE<\/td>\n<\/tr>\n<tr>\n<td>Ramona Milady Silva Arg\u00fcello<\/td>\n<td>UMSA<\/td>\n<\/tr>\n<tr>\n<td>Alexander Rivas Ben\u00edtez<\/td>\n<td>UMSA<\/td>\n<\/tr>\n<tr>\n<td>Diego Mart\u00edn Moreno Arg\u00fcello<\/td>\n<td>UDELAR<\/td>\n<\/tr>\n<tr>\n<td rowspan=\"2\" width=\"188\"><strong>Universidad Nacional de Itap\u00faa (UNI), Paraguay<\/strong><\/td>\n<td>Leidy Yanina Chamorro Torales<\/td>\n<td>UNNE<\/td>\n<\/tr>\n<tr>\n<td>Herivelto Pereira de Souza<\/td>\n<td>UMSS<\/td>\n<\/tr>\n<tr>\n<td rowspan=\"25\" width=\"188\"><strong>Universidad de la Rep\u00fablica (UDELAR), Uruguay<\/strong><\/td>\n<td>Aparicio Fabian Rodriguez Ramon<\/td>\n<td>UBA<\/td>\n<\/tr>\n<tr>\n<td>Julio Enrique Garc\u00eda Gonz\u00e1lez<\/td>\n<td>UNC<\/td>\n<\/tr>\n<tr>\n<td>Micaela Gonz\u00e1lez<\/td>\n<td>UNL<\/td>\n<\/tr>\n<tr>\n<td>Sof\u00eda Valentina Sosa P\u00e9rez<\/td>\n<td>UNMDP<\/td>\n<\/tr>\n<tr>\n<td>Diego Joaqu\u00edn Tardeo Canabarro<\/td>\n<td>UNNE<\/td>\n<\/tr>\n<tr>\n<td>Rafaela Acosta Salaberry<\/td>\n<td>UNNE<\/td>\n<\/tr>\n<tr>\n<td>Genesis Silva<\/td>\n<td>UNNOBA<\/td>\n<\/tr>\n<tr>\n<td>Paula Olivera Colman<\/td>\n<td>UNR<\/td>\n<\/tr>\n<tr>\n<td>Sofia Gonzalez<\/td>\n<td>UNSL<\/td>\n<\/tr>\n<tr>\n<td>Paulina Speranza<\/td>\n<td>UMSS<\/td>\n<\/tr>\n<tr>\n<td>Katherine Courdin<\/td>\n<td>UFG<\/td>\n<\/tr>\n<tr>\n<td>Manuel Ulfe<\/td>\n<td>UFMG<\/td>\n<\/tr>\n<tr>\n<td>Maria Victoria Beltrame<\/td>\n<td>UFPR<\/td>\n<\/tr>\n<tr>\n<td>Danilo de los Reyes<\/td>\n<td>UFRJ<\/td>\n<\/tr>\n<tr>\n<td>Sof\u00eda Guerrero<\/td>\n<td>UFSC<\/td>\n<\/tr>\n<tr>\n<td>Joaqu\u00edn Castro<\/td>\n<td>UFSC<\/td>\n<\/tr>\n<tr>\n<td>Meliza Denisse Tranquilo Gonz\u00e1lez<\/td>\n<td>UFSCAR<\/td>\n<\/tr>\n<tr>\n<td>Yaamila Asasurian Di Sessa<\/td>\n<td>UFSM<\/td>\n<\/tr>\n<tr>\n<td>Mariana Lucas<\/td>\n<td>UNB<\/td>\n<\/tr>\n<tr>\n<td>Tahinara Paz<\/td>\n<td>UNB<\/td>\n<\/tr>\n<tr>\n<td>Santiago Alvarez<\/td>\n<td>UNICAMP<\/td>\n<\/tr>\n<tr>\n<td>Agustina Pallas<\/td>\n<td>UNICAMP<\/td>\n<\/tr>\n<tr>\n<td>Serena Caballero<\/td>\n<td>UCHILE<\/td>\n<\/tr>\n<tr>\n<td>Andre Rocca Gagliardi<\/td>\n<td>USACH<\/td>\n<\/tr>\n<tr>\n<td>Romina Bel\u00e9n Sosa<\/td>\n<td>UNI<\/td>\n<\/tr>\n<\/tbody>\n<\/table>\n","protected":false},"excerpt":{"rendered":"<p>Universidad de Origen ESTUDIANTE Universidad de Destino Universidad de Buenos Aires (UBA), Argentina Faustino Raggi USFXCH Patricio Nogueroles UFMG Luciano Patti UFPR Abril Alonso Teixid\u00f3 UFRGS Ruben Obadia Buenos UFRJ Mat\u00edas Kalina UFSC Victoria Beatriz Blanco UCHILE Martina Ivani Azzato UPLA Ailin Mayra Zeltman UDELAR Universidad Nacional de C\u00f3rdoba (UNC), Argentina Fernando Zappino UFMG Mar\u00eda [&hellip;]<\/p>\n","protected":false},"author":1,"featured_media":0,"parent":0,"menu_order":0,"comment_status":"closed","ping_status":"closed","template":"","meta":{"footnotes":""},"class_list":["post-1213","page","type-page","status-publish","hentry"],"_links":{"self":[{"href":"https:\/\/grupomontevideo.org\/escalagrado\/index.php\/wp-json\/wp\/v2\/pages\/1213","targetHints":{"allow":["GET"]}}],"collection":[{"href":"https:\/\/grupomontevideo.org\/escalagrado\/index.php\/wp-json\/wp\/v2\/pages"}],"about":[{"href":"https:\/\/grupomontevideo.org\/escalagrado\/index.php\/wp-json\/wp\/v2\/types\/page"}],"author":[{"embeddable":true,"href":"https:\/\/grupomontevideo.org\/escalagrado\/index.php\/wp-json\/wp\/v2\/users\/1"}],"replies":[{"embeddable":true,"href":"https:\/\/grupomontevideo.org\/escalagrado\/index.php\/wp-json\/wp\/v2\/comments?post=1213"}],"version-history":[{"count":27,"href":"https:\/\/grupomontevideo.org\/escalagrado\/index.php\/wp-json\/wp\/v2\/pages\/1213\/revisions"}],"predecessor-version":[{"id":1808,"href":"https:\/\/grupomontevideo.org\/escalagrado\/index.php\/wp-json\/wp\/v2\/pages\/1213\/revisions\/1808"}],"wp:attachment":[{"href":"https:\/\/grupomontevideo.org\/escalagrado\/index.php\/wp-json\/wp\/v2\/media?parent=1213"}],"curies":[{"name":"wp","href":"https:\/\/api.w.org\/{rel}","templated":true}]}}