{"id":2,"date":"2016-06-06T18:40:45","date_gmt":"2016-06-06T18:40:45","guid":{"rendered":"http:\/\/164.73.108.3\/posgrado\/?page_id=2"},"modified":"2025-10-13T14:34:52","modified_gmt":"2025-10-13T14:34:52","slug":"pagina-ejemplo","status":"publish","type":"page","link":"https:\/\/grupomontevideo.org\/escalagestores\/","title":{"rendered":"ESCALA de Gestores y Administradores"},"content":{"rendered":"<p><strong>Est\u00e1 abierta la primer convocatoria para que gestores de las universidades miembro de AUGM realicen una experiencia de movilidad durante el a\u00f1o 2026. <a href=\"https:\/\/grupomontevideo.org\/escalaposgrado\/wp-content\/uploads\/2025\/10\/CRONOGRAMAS-2026-1-2.pdf\">Ver cronograma.<\/a><\/strong><\/p>\n<p>La oferta de plazas por universidad participante se encuentra ingresando <strong>a\u00a0 <a href=\"https:\/\/grupomontevideo.org\/escalagestores\/index.php\/plazas\/\">OFERTA DE PLAZAS<\/a>.<\/strong><\/p>\n<p>Para postular debes tener presente las condiciones y requisitos que establece tu universidad y la universidad a la cual quieres postular. Puedes encontrarlos en <strong>\u00a0<a href=\"https:\/\/grupomontevideo.org\/escalagestores\/index.php\/condiciones-y-requisitos\/\">CONDICIONES Y REQUISITOS<\/a><\/strong><\/p>\n<p>Para postular tienes que ingresar a la Plataforma ESCALA\u00a0 y crear un usuario.<\/p>\n<p>Para ello se te pide completar este <strong><a href=\"https:\/\/mocovi.siu.edu.ar\/mocovi\/aplicacion.php?ah=st66f6f76abb5cb2.45132912&amp;ai=mocovi%7C%7C81000019\">FORMULARIO<\/a><\/strong>.<\/p>\n<p>Una vez completado el formulario, recibir\u00e1s los datos de usuario para postular hasta a 3 universidades con las que tu universidad tiene plazas acordadas.<\/p>\n<p>Si tu universidad se encuentra participando con modalidad de plazas libres tambi\u00e9n podr\u00e1s postular a\u00a0 cualquiera de las universidades que ofrecen plazas libres siempre que sean de un pa\u00eds distinto al de tu universidad.<\/p>\n<p>Ten presente que mientras guardes tu postulaci\u00f3n como \u00abBORRADOR\u00bb\u00a0 podr\u00e1s realizar modificaciones.<\/p>\n<p>Por consultas comunicarte directamente con la oficina responsable de la gesti\u00f3n del Programa en tu universidad. Los datos de contacto los encuentras en <strong>\u00a0<a href=\"https:\/\/grupomontevideo.org\/escalagestores\/index.php\/193-2\/\">RESPONSABLES DE GESTI\u00d3N<\/a><\/strong><\/p>\n<p>Por problemas con la plataforma dirigirse a:<strong> coordinacionescala@gmail.com<\/strong><\/p>\n<p>&nbsp;<\/p>\n<hr \/>\n<p>&nbsp;<\/p>\n<p style=\"text-align: justify;\">El Programa ESCALA de Gestores y Administradores (PEGA) promueve la cooperaci\u00f3n y la integraci\u00f3n de las Universidades que conforman la Asociaci\u00f3n en el espacio regional, mediante la movilidad e intercambio de directivos, gestores y administrativos entre las Universidades Miembro del Grupo, con el prop\u00f3sito de realizar una estancia de formaci\u00f3n en el quehacer espec\u00edfico de su competencia en cualquier otra Universidad de AUGM con sede en un pa\u00eds distinto al de la Universidad de origen del beneficiario.<\/p>\n<p style=\"text-align: justify;\">Est\u00e1 orientado al Personal de gesti\u00f3n y de administraci\u00f3n de las Universidades Miembro que cumplan tareas de direcci\u00f3n, planeamiento, coordinaci\u00f3n, organizaci\u00f3n o asesoramiento y\/o administraci\u00f3n, destinadas a contribuir en la formulaci\u00f3n de pol\u00edticas y planes de conducci\u00f3n y en la preparaci\u00f3n y control de programas y proyectos destinados a concretar aqu\u00e9llas; o que desarrollen funciones de colaboraci\u00f3n o apoyo con las funciones sustantivas de las Universidades, o de ejecuci\u00f3n, evaluaci\u00f3n y supervisi\u00f3n de las mismas.<\/p>\n<p style=\"text-align: justify;\">El financiamiento de las movilidades estar\u00e1 a cargo de las universidades participantes, asumiendo la universidad de origen el costo del pasaje y del seguro de salud vida, accidente, y repatriaci\u00f3n; ofreciendo, dentro de sus posibilidades, un apoyo econ\u00f3mico para gastos adicionales. La universidad de destino financiar\u00e1 el alojamiento y manutenci\u00f3n durante el per\u00edodo que dure la movilidad.<\/p>\n<p style=\"text-align: justify;\">Las movilidades no deber\u00e1n ser inferiores a una semana ni superiores a 15 d\u00edas.<\/p>\n<div id=\"sconnect-is-installed\" style=\"display: none;\">2.15.1.0<\/div>\n<div id=\"sconnect-is-installed\" style=\"display: none;\">2.15.1.0<\/div>\n","protected":false},"excerpt":{"rendered":"<p>Est\u00e1 abierta la primer convocatoria para que gestores de las universidades miembro de AUGM realicen una experiencia de movilidad durante el a\u00f1o 2026. Ver cronograma. La oferta de plazas por universidad participante se encuentra ingresando a\u00a0 OFERTA DE PLAZAS. Para postular debes tener presente las condiciones y requisitos que establece tu universidad y la universidad [&hellip;]<\/p>\n","protected":false},"author":1,"featured_media":0,"parent":0,"menu_order":0,"comment_status":"closed","ping_status":"closed","template":"","meta":{"footnotes":""},"class_list":["post-2","page","type-page","status-publish","hentry"],"_links":{"self":[{"href":"https:\/\/grupomontevideo.org\/escalagestores\/index.php\/wp-json\/wp\/v2\/pages\/2","targetHints":{"allow":["GET"]}}],"collection":[{"href":"https:\/\/grupomontevideo.org\/escalagestores\/index.php\/wp-json\/wp\/v2\/pages"}],"about":[{"href":"https:\/\/grupomontevideo.org\/escalagestores\/index.php\/wp-json\/wp\/v2\/types\/page"}],"author":[{"embeddable":true,"href":"https:\/\/grupomontevideo.org\/escalagestores\/index.php\/wp-json\/wp\/v2\/users\/1"}],"replies":[{"embeddable":true,"href":"https:\/\/grupomontevideo.org\/escalagestores\/index.php\/wp-json\/wp\/v2\/comments?post=2"}],"version-history":[{"count":33,"href":"https:\/\/grupomontevideo.org\/escalagestores\/index.php\/wp-json\/wp\/v2\/pages\/2\/revisions"}],"predecessor-version":[{"id":1204,"href":"https:\/\/grupomontevideo.org\/escalagestores\/index.php\/wp-json\/wp\/v2\/pages\/2\/revisions\/1204"}],"wp:attachment":[{"href":"https:\/\/grupomontevideo.org\/escalagestores\/index.php\/wp-json\/wp\/v2\/media?parent=2"}],"curies":[{"name":"wp","href":"https:\/\/api.w.org\/{rel}","templated":true}]}}