{"id":1084,"date":"2023-12-22T19:02:29","date_gmt":"2023-12-22T19:02:29","guid":{"rendered":"http:\/\/grupomontevideo.org\/escalagestores\/?page_id=1084"},"modified":"2024-02-06T22:05:03","modified_gmt":"2024-02-06T22:05:03","slug":"nomina-de-seleccionados-llamado-2024","status":"publish","type":"page","link":"https:\/\/grupomontevideo.org\/escalagestores\/index.php\/nomina-de-seleccionados-llamado-2024\/","title":{"rendered":"N\u00f3mina de seleccionados \u2013 Llamado 2024"},"content":{"rendered":"<table width=\"710\">\n<tbody>\n<tr>\n<td width=\"186\"><span style=\"color: #008000;\"><strong>UNIVERSIDAD\u00a0<\/strong><\/span><\/td>\n<td width=\"334\"><span style=\"color: #008000;\"><strong>POSTULANTE<\/strong><\/span><\/td>\n<td width=\"190\"><span style=\"color: #008000;\"><strong>UNIVERSIDAD DE DESTINO<\/strong><\/span><\/td>\n<\/tr>\n<tr>\n<td rowspan=\"3\" width=\"186\"><strong>Universidad Nacional de C\u00f3rdoba (UNC), Argentina<\/strong><\/td>\n<td>MAR\u00cdA EUGENIA MARCUZZI<\/td>\n<td>UFRJ<\/td>\n<\/tr>\n<tr>\n<td>ESTEBAN DI ASCENZI<\/td>\n<td>UDELAR<\/td>\n<\/tr>\n<tr>\n<td>AGUSTIN MASSANET<\/td>\n<td>UDELAR<\/td>\n<\/tr>\n<tr>\n<td rowspan=\"4\" width=\"186\"><strong>Universidad Nacional de Cuyo (UNCUYO), Argentina<\/strong><\/td>\n<td>DAR\u00cdO MART\u00cdN<\/td>\n<td>UFABC<\/td>\n<\/tr>\n<tr>\n<td>MAR\u00cdA ESTHER MART\u00cdNEZ VILLAROEL<\/td>\n<td>UnB<\/td>\n<\/tr>\n<tr>\n<td>CARLOS ALBERTO ALONSO<\/td>\n<td>UMSS<\/td>\n<\/tr>\n<tr>\n<td>MAR\u00cdA LAURA GONZ\u00c1LEZ KALUZA<\/td>\n<td>UDELAR<\/td>\n<\/tr>\n<tr>\n<td rowspan=\"7\" width=\"186\"><strong>Universidad Nacional del Litoral (UNL), Argentina<\/strong><\/td>\n<td>NORA UBERTI MANASSERO<\/td>\n<td>UFRGS<\/td>\n<\/tr>\n<tr>\n<td>NATALIA ACEVEDO VACHERAND<\/td>\n<td>UNA<\/td>\n<\/tr>\n<tr>\n<td>MARINA FERNANDEZ<\/td>\n<td>UFSC<\/td>\n<\/tr>\n<tr>\n<td>VER\u00d3NICA ALLASSIA<\/td>\n<td>UFSC<\/td>\n<\/tr>\n<tr>\n<td>SOLEDAD REGALI<\/td>\n<td>UDELAR<\/td>\n<\/tr>\n<tr>\n<td>SEBASTI\u00c1N RECCE<\/td>\n<td>UDELAR<\/td>\n<\/tr>\n<tr>\n<td>MAR\u00cdA CICOTELLO<\/td>\n<td>UCHILE<\/td>\n<\/tr>\n<tr>\n<td rowspan=\"3\" width=\"186\"><strong>Universidad Nacional del Nordeste (UNNE)<\/strong><\/td>\n<td>WENDA HUESPE AUTCHER<\/td>\n<td>UFSC<\/td>\n<\/tr>\n<tr>\n<td>MELANIE P\u00c9REZ<\/td>\n<td>UFSC<\/td>\n<\/tr>\n<tr>\n<td>JORGE CODUTTI<\/td>\n<td>UMSS<\/td>\n<\/tr>\n<tr>\n<td width=\"186\"><strong>Universidad Nacional del Noroeste de Buenos Aires (UNNOBA)<\/strong><\/td>\n<td>PABLO G\u00d3MEZ<\/td>\n<td>UMSA<\/td>\n<\/tr>\n<tr>\n<td rowspan=\"2\" width=\"186\"><strong>Universidad Nacional del Sur (UNS), Argentina<\/strong><\/td>\n<td>V\u00cdCTOR MARCOS FERRACUTTI<\/td>\n<td>UFRGS<\/td>\n<\/tr>\n<tr>\n<td>HORACIO ISMAEL ZAMUDIO<\/td>\n<td>UCHILE<\/td>\n<\/tr>\n<tr>\n<td rowspan=\"2\" width=\"186\"><strong>Universidad Mayor de San Sim\u00f3n (UMSS), Bolivia\u00a0<\/strong><\/td>\n<td>ANNETH TRUJILLO MOREIRA<\/td>\n<td>UNNOBA<\/td>\n<\/tr>\n<tr>\n<td>SILVIA DEL PILAR ARZE<\/td>\n<td>UNC<\/td>\n<\/tr>\n<tr>\n<td rowspan=\"2\" width=\"186\"><strong>Universidade Federal do ABC (UFABC), Brasil\u00a0<\/strong><\/td>\n<td>ELAINE KONNO ROCHA<\/td>\n<td>UNL<\/td>\n<\/tr>\n<tr>\n<td>ISABEL BEZERRA DE LIMA FRANCA<\/td>\n<td>UNC<\/td>\n<\/tr>\n<tr>\n<td rowspan=\"4\" width=\"186\"><strong>Universidade Federal de Goi\u00e1s (UFG), Brasil\u00a0<\/strong><\/td>\n<td>MATHEUS JULIO DE MELO<\/td>\n<td>UNL<\/td>\n<\/tr>\n<tr>\n<td>ALESSANDRA DE SOUZA NASCIMENTO DE OLIVEIRA<\/td>\n<td>UNL<\/td>\n<\/tr>\n<tr>\n<td>DIORGENES SANTOS<\/td>\n<td>UNL<\/td>\n<\/tr>\n<tr>\n<td>NELSON DIAS DA COSTA J\u00daNIOR<\/td>\n<td>UNL<\/td>\n<\/tr>\n<tr>\n<td width=\"186\"><strong>Universidade Federal de Minas Gerais (UFMG), Brasil<\/strong><\/td>\n<td>ELAINE MARTINS PARREIRAS<\/td>\n<td>UNA<\/td>\n<\/tr>\n<tr>\n<td width=\"186\"><strong>Universidade Federal do Rio Grande do Sul (UFRGS), Brasil<\/strong><\/td>\n<td>CHRISTIANNE LOBATO RAMALHO GUZAS<\/td>\n<td>UNL<\/td>\n<\/tr>\n<tr>\n<td rowspan=\"5\" width=\"186\"><strong>Universidade Federal de Santa Catarina (UFSC), Brasil\u00a0<\/strong><\/td>\n<td>MAIRA BUSATO WESTPHAL<\/td>\n<td>UNCUYO<\/td>\n<\/tr>\n<tr>\n<td>AMANDA FINK DREHMER<\/td>\n<td>UNCUYO<\/td>\n<\/tr>\n<tr>\n<td>DIOGO F\u00c9LIX DE OLIVEIRA<\/td>\n<td>UDELAR<\/td>\n<\/tr>\n<tr>\n<td>C\u00c1SSIA MITSUKO SAITO<\/td>\n<td>UNSL<\/td>\n<\/tr>\n<tr>\n<td>EVELINE BOPPR\u00c9 BESEN WOLNIEWICZ<\/td>\n<td>UDELAR<\/td>\n<\/tr>\n<tr>\n<td rowspan=\"5\" width=\"186\"><strong>Universidade Federal de Santa Maria (UFSM), Brasil<\/strong><\/td>\n<td>ELISETE KRONBAUER<\/td>\n<td>UNL<\/td>\n<\/tr>\n<tr>\n<td>MARIANA MORO BASSACO<\/td>\n<td>UCHILE<\/td>\n<\/tr>\n<tr>\n<td>DANIEL RIGO GIRRA<\/td>\n<td>UDELAR<\/td>\n<\/tr>\n<tr>\n<td>RICARDO COCCO<\/td>\n<td>UDELAR<\/td>\n<\/tr>\n<tr>\n<td>MARGIANI DE PAULA FORTES<\/td>\n<td>UNS<\/td>\n<\/tr>\n<tr>\n<td width=\"186\"><strong>Universidade de Bras\u00edlia (UnB), Brasil<\/strong><\/td>\n<td>LEONARDO DE PAIVA SOUZA<\/td>\n<td>UNS<\/td>\n<\/tr>\n<tr>\n<td width=\"186\"><strong>Universidade Estadual Paulista (UNESP), Brasil<\/strong><\/td>\n<td>ELIANA GON\u00c7ALVES DO NACISMENTO<\/td>\n<td>UNCUYO<\/td>\n<\/tr>\n<tr>\n<td rowspan=\"4\" width=\"186\"><strong>Universidad de Chile (UCHILE), Chile<\/strong><\/td>\n<td>MARCELO MARDONES<\/td>\n<td>UFSC<\/td>\n<\/tr>\n<tr>\n<td>NICOL\u00c1S ARANCIBIA<\/td>\n<td>UNL<\/td>\n<\/tr>\n<tr>\n<td>DEBORAH PIZARRO<\/td>\n<td>UDELAR<\/td>\n<\/tr>\n<tr>\n<td>IGORA MART\u00cdNEZ<\/td>\n<td>UNCUYO<\/td>\n<\/tr>\n<tr>\n<td rowspan=\"4\" width=\"186\"><strong>Universidad Nacional de Asunci\u00f3n (UNA), Paraguay<\/strong><\/td>\n<td>ANGEL ORTELLANO<\/td>\n<td>UFG<\/td>\n<\/tr>\n<tr>\n<td>TOM\u00c1S L\u00d3PEZ<\/td>\n<td>UFSC<\/td>\n<\/tr>\n<tr>\n<td>BENICIA SILVERA<\/td>\n<td>UFG<\/td>\n<\/tr>\n<tr>\n<td>VIRGINIA GARCETE<\/td>\n<td>UFSC<\/td>\n<\/tr>\n<tr>\n<td rowspan=\"7\" width=\"186\"><strong>Universidad de la Rep\u00fablica (UDELAR), Uruguay<\/strong><\/td>\n<td>BEATRIZ P\u00c9REZ SANZ<\/td>\n<td>UNNE<\/td>\n<\/tr>\n<tr>\n<td>AGUSTINA DA COSTA<\/td>\n<td>UCHILE<\/td>\n<\/tr>\n<tr>\n<td>ANA DALGARRADONDO<\/td>\n<td>UNC<\/td>\n<\/tr>\n<tr>\n<td>STEPHANIE CABANA<\/td>\n<td>UNSL<\/td>\n<\/tr>\n<tr>\n<td>MAR\u00cdA NOEL NORIA<\/td>\n<td>UFSC<\/td>\n<\/tr>\n<tr>\n<td>GABRIELA L\u00d3PEZ<\/td>\n<td>UNL<\/td>\n<\/tr>\n<tr>\n<td>ALFONSO MACHADO<\/td>\n<td>UNL<\/td>\n<\/tr>\n<\/tbody>\n<\/table>\n","protected":false},"excerpt":{"rendered":"<p>UNIVERSIDAD\u00a0 POSTULANTE UNIVERSIDAD DE DESTINO Universidad Nacional de C\u00f3rdoba (UNC), Argentina MAR\u00cdA EUGENIA MARCUZZI UFRJ ESTEBAN DI ASCENZI UDELAR AGUSTIN MASSANET UDELAR Universidad Nacional de Cuyo (UNCUYO), Argentina DAR\u00cdO MART\u00cdN UFABC MAR\u00cdA ESTHER MART\u00cdNEZ VILLAROEL UnB CARLOS ALBERTO ALONSO UMSS MAR\u00cdA LAURA GONZ\u00c1LEZ KALUZA UDELAR Universidad Nacional del Litoral (UNL), Argentina NORA UBERTI MANASSERO UFRGS [&hellip;]<\/p>\n","protected":false},"author":1,"featured_media":0,"parent":0,"menu_order":0,"comment_status":"closed","ping_status":"closed","template":"","meta":{"footnotes":""},"class_list":["post-1084","page","type-page","status-publish","hentry"],"_links":{"self":[{"href":"https:\/\/grupomontevideo.org\/escalagestores\/index.php\/wp-json\/wp\/v2\/pages\/1084","targetHints":{"allow":["GET"]}}],"collection":[{"href":"https:\/\/grupomontevideo.org\/escalagestores\/index.php\/wp-json\/wp\/v2\/pages"}],"about":[{"href":"https:\/\/grupomontevideo.org\/escalagestores\/index.php\/wp-json\/wp\/v2\/types\/page"}],"author":[{"embeddable":true,"href":"https:\/\/grupomontevideo.org\/escalagestores\/index.php\/wp-json\/wp\/v2\/users\/1"}],"replies":[{"embeddable":true,"href":"https:\/\/grupomontevideo.org\/escalagestores\/index.php\/wp-json\/wp\/v2\/comments?post=1084"}],"version-history":[{"count":6,"href":"https:\/\/grupomontevideo.org\/escalagestores\/index.php\/wp-json\/wp\/v2\/pages\/1084\/revisions"}],"predecessor-version":[{"id":1094,"href":"https:\/\/grupomontevideo.org\/escalagestores\/index.php\/wp-json\/wp\/v2\/pages\/1084\/revisions\/1094"}],"wp:attachment":[{"href":"https:\/\/grupomontevideo.org\/escalagestores\/index.php\/wp-json\/wp\/v2\/media?parent=1084"}],"curies":[{"name":"wp","href":"https:\/\/api.w.org\/{rel}","templated":true}]}}