{"id":63,"date":"2016-07-23T14:27:02","date_gmt":"2016-07-23T14:27:02","guid":{"rendered":"http:\/\/grupomontevideo.org\/escalaposgrado\/?page_id=63"},"modified":"2018-04-26T18:48:38","modified_gmt":"2018-04-26T18:48:38","slug":"manual-del-sitio","status":"publish","type":"page","link":"https:\/\/grupomontevideo.org\/escaladocente\/index.php\/manual-del-sitio\/","title":{"rendered":"\u00bfCOMO POSTULARSE?-OLD"},"content":{"rendered":"<p>GU\u00cdA DE POSTULACI\u00d3N PARA PLAZAS DEL PROGRAMA ESCALA DE DOCENTES<\/p>\n<p>Para tener acceso a los <strong>Formularios de postulaci\u00f3n<\/strong>, cada docente debe previamente registrase en el sitio web de postulaciones<\/p>\n<p>Ingresar a la direcci\u00f3n: <strong>grupomontevideo.org\/escaladocente<\/strong><\/p>\n<p>&nbsp;<\/p>\n<p><img loading=\"lazy\" decoding=\"async\" class=\"wp-image-219 aligncenter\" src=\"https:\/\/grupomontevideo.org\/escaladocente\/wp-content\/uploads\/2016\/07\/E1.png\" alt=\"\" width=\"591\" height=\"442\" \/><\/p>\n<p>&nbsp;<\/p>\n<p>Ingresar <strong>en el \u00edtem REGISTRARSE<\/strong><\/p>\n<p><img loading=\"lazy\" decoding=\"async\" class=\" wp-image-221 aligncenter\" src=\"https:\/\/grupomontevideo.org\/escaladocente\/wp-content\/uploads\/2016\/07\/E21.png\" alt=\"\" width=\"231\" height=\"249\" \/><\/p>\n<p>&nbsp;<\/p>\n<p>Ingresar nombre de usuario y correo electr\u00f3nico<\/p>\n<p>&nbsp;<\/p>\n<p><img loading=\"lazy\" decoding=\"async\" class=\"wp-image-222 aligncenter\" src=\"https:\/\/grupomontevideo.org\/escaladocente\/wp-content\/uploads\/2016\/07\/e2.png\" alt=\"\" width=\"214\" height=\"294\" \/><\/p>\n<p>&nbsp;<\/p>\n<p>A la direcci\u00f3n de correo ingresada se enviar\u00e1 un mensaje el cual contiene un enlace para completar el registro del usuario.<\/p>\n<p>&nbsp;<\/p>\n<p><img loading=\"lazy\" decoding=\"async\" class=\" wp-image-224 aligncenter\" src=\"https:\/\/grupomontevideo.org\/escaladocente\/wp-content\/uploads\/2016\/07\/e3.png\" alt=\"\" width=\"668\" height=\"193\" \/><\/p>\n<p>Debe ingresar a este enlace, el cual lo direccionar\u00e1 nuevamente al sitio de ESCALA DOCENTE para completar el registro. Puede all\u00ed tambi\u00e9n actualizar su contrase\u00f1a.<\/p>\n<p><img loading=\"lazy\" decoding=\"async\" class=\"alignnone wp-image-225\" src=\"https:\/\/grupomontevideo.org\/escaladocente\/wp-content\/uploads\/2016\/07\/e4.png\" alt=\"\" width=\"232\" height=\"295\" \/><img loading=\"lazy\" decoding=\"async\" class=\"alignnone wp-image-226\" src=\"https:\/\/grupomontevideo.org\/escaladocente\/wp-content\/uploads\/2016\/07\/e5.png\" alt=\"\" width=\"255\" height=\"88\" \/><\/p>\n<p><img loading=\"lazy\" decoding=\"async\" class=\"alignnone wp-image-227\" src=\"https:\/\/grupomontevideo.org\/escaladocente\/wp-content\/uploads\/2016\/07\/e6.png\" alt=\"\" width=\"234\" height=\"268\" \/><img loading=\"lazy\" decoding=\"async\" class=\"alignnone wp-image-228\" src=\"https:\/\/grupomontevideo.org\/escaladocente\/wp-content\/uploads\/2016\/07\/e61.png\" alt=\"\" width=\"252\" height=\"133\" \/><\/p>\n<p>&nbsp;<\/p>\n<p><strong>Una vez registrado y logueado en el sitio podemos iniciar la postulaci\u00f3n<\/strong><\/p>\n<p>Para esto vamos al \u00edtem del men\u00fa POSTULACI\u00d3N y completamos en formulario.<\/p>\n<p>&nbsp;<\/p>\n<p><img loading=\"lazy\" decoding=\"async\" class=\"wp-image-230 aligncenter\" src=\"https:\/\/grupomontevideo.org\/escaladocente\/wp-content\/uploads\/2016\/07\/e7.png\" alt=\"\" width=\"1008\" height=\"175\" \/><\/p>\n<p style=\"text-align: center;\"><strong>FORMULARIO DE POSTULACION<\/strong><\/p>\n<p><img loading=\"lazy\" decoding=\"async\" class=\"wp-image-231 aligncenter\" src=\"https:\/\/grupomontevideo.org\/escaladocente\/wp-content\/uploads\/2016\/07\/e8.png\" alt=\"\" width=\"488\" height=\"1156\" \/><\/p>\n<p>&nbsp;<\/p>\n<p>Una vez completado el formulario, en el \u00edtem CONSULTAS puede MODIFICAR y <span style=\"color: #ff0000;\"><strong>debe IMPRIMIR el Formulario<\/strong><\/span> para ser firmado la autoridad del Servicio\/ Facultad\/Instituto al que pertenece el docente.<\/p>\n<p><strong>Debe subir el formulario firmado.<\/strong> As\u00ed como tambi\u00e9n deber\u00e1 subir la <strong>carta de invitaci\u00f3n<\/strong> de la Universidad de destino firmada por el docente que lo invita y la autoridad del Servicio que realiza la invitaci\u00f3n y el cv. <strong>(este paso es obligatorio para completar su postulaci\u00f3n).<\/strong>\u00a0\u00a0Si tiene aval de un ND o CA debe subir tambi\u00e9n este aval.<\/p>\n<p>&nbsp;<\/p>\n<p><img loading=\"lazy\" decoding=\"async\" class=\"size-full wp-image-232 aligncenter\" src=\"https:\/\/grupomontevideo.org\/escaladocente\/wp-content\/uploads\/2016\/07\/e9.png\" alt=\"\" width=\"394\" height=\"229\" \/><\/p>\n<p>&nbsp;<\/p>\n<p><img loading=\"lazy\" decoding=\"async\" class=\"size-full wp-image-234 aligncenter\" src=\"https:\/\/grupomontevideo.org\/escaladocente\/wp-content\/uploads\/2016\/07\/e10.png\" alt=\"\" width=\"847\" height=\"228\" \/><\/p>\n<p><img loading=\"lazy\" decoding=\"async\" class=\"size-full wp-image-235 aligncenter\" src=\"https:\/\/grupomontevideo.org\/escaladocente\/wp-content\/uploads\/2016\/07\/e11.png\" alt=\"\" width=\"841\" height=\"270\" \/><\/p>\n","protected":false},"excerpt":{"rendered":"<p>GU\u00cdA DE POSTULACI\u00d3N PARA PLAZAS DEL PROGRAMA ESCALA DE DOCENTES Para tener acceso a los Formularios de postulaci\u00f3n, cada docente debe previamente registrase en el sitio web de postulaciones Ingresar a la direcci\u00f3n: grupomontevideo.org\/escaladocente &nbsp; &nbsp; Ingresar en el \u00edtem REGISTRARSE &nbsp; Ingresar nombre de usuario y correo electr\u00f3nico &nbsp; &nbsp; A la direcci\u00f3n de [&hellip;]<\/p>\n","protected":false},"author":1,"featured_media":0,"parent":0,"menu_order":0,"comment_status":"closed","ping_status":"closed","template":"","meta":{"footnotes":""},"class_list":["post-63","page","type-page","status-publish","hentry"],"_links":{"self":[{"href":"https:\/\/grupomontevideo.org\/escaladocente\/index.php\/wp-json\/wp\/v2\/pages\/63","targetHints":{"allow":["GET"]}}],"collection":[{"href":"https:\/\/grupomontevideo.org\/escaladocente\/index.php\/wp-json\/wp\/v2\/pages"}],"about":[{"href":"https:\/\/grupomontevideo.org\/escaladocente\/index.php\/wp-json\/wp\/v2\/types\/page"}],"author":[{"embeddable":true,"href":"https:\/\/grupomontevideo.org\/escaladocente\/index.php\/wp-json\/wp\/v2\/users\/1"}],"replies":[{"embeddable":true,"href":"https:\/\/grupomontevideo.org\/escaladocente\/index.php\/wp-json\/wp\/v2\/comments?post=63"}],"version-history":[{"count":15,"href":"https:\/\/grupomontevideo.org\/escaladocente\/index.php\/wp-json\/wp\/v2\/pages\/63\/revisions"}],"predecessor-version":[{"id":458,"href":"https:\/\/grupomontevideo.org\/escaladocente\/index.php\/wp-json\/wp\/v2\/pages\/63\/revisions\/458"}],"wp:attachment":[{"href":"https:\/\/grupomontevideo.org\/escaladocente\/index.php\/wp-json\/wp\/v2\/media?parent=63"}],"curies":[{"name":"wp","href":"https:\/\/api.w.org\/{rel}","templated":true}]}}