{"id":2,"date":"2016-06-06T18:40:45","date_gmt":"2016-06-06T18:40:45","guid":{"rendered":"http:\/\/164.73.108.3\/posgrado\/?page_id=2"},"modified":"2025-10-13T14:35:40","modified_gmt":"2025-10-13T14:35:40","slug":"pagina-ejemplo","status":"publish","type":"page","link":"https:\/\/grupomontevideo.org\/escaladocente\/","title":{"rendered":"ESCALA DOCENTE"},"content":{"rendered":"<p><strong>Est\u00e1 abierta la primer convocatoria para que docentes de universidades miembro de AUGM realicen movilidades durante el a\u00f1o 2026. <a href=\"https:\/\/grupomontevideo.org\/escalaposgrado\/wp-content\/uploads\/2025\/10\/CRONOGRAMAS-2026-1-2.pdf\">Ver cronograma.<\/a><\/strong><\/p>\n<p><strong>La oferta de plazas por universidad participante se encuentra ingresando a <a href=\"https:\/\/grupomontevideo.org\/escaladocente\/index.php\/oferta-de-plaza\/\">OFERTA DE PLAZAS.<\/a><\/strong><\/p>\n<p><strong>Para postular debes tener presente las condiciones y requisitos que establece tu universidad y la universidad a la cual quieres postular. Puedes encontrarlos en <a href=\"https:\/\/grupomontevideo.org\/escaladocente\/index.php\/condiciones-y-requisitos\/\">CONDICIONES Y REQUISITOS<\/a><\/strong><\/p>\n<p><strong>Por consultas comunicarte directamente con la oficina responsable de la gesti\u00f3n del Programa en tu universidad. Los datos de contacto los encuentras en \u00a0<a href=\"https:\/\/grupomontevideo.org\/escaladocente\/index.php\/responsables-de-la-gestion\/\">RESPONSABLES DE GESTI\u00d3N<\/a><\/strong><\/p>\n<p>&nbsp;<\/p>\n<hr \/>\n<p>&nbsp;<\/p>\n<p style=\"text-align: justify;\">El Programa ESCALA DOCENTE de AUGM promueve la cooperaci\u00f3n\u00a0 e integraci\u00f3n regional de las Universidades miembro\u00a0 a trav\u00e9s de la movilidad e intercambio de docentes, con el objetivo de fortalecer las relaciones acad\u00e9micas e impulsar la presentaci\u00f3n de proyectos conjuntos de investigaci\u00f3n.<\/p>\n<p align=\"justify\"><strong><br \/>\nCaracter\u00edsticas y condiciones generales<\/strong><\/p>\n<p align=\"justify\">El Docente Novel podr\u00e1\u00a0 realizar actividades que se orienten a complementar su formaci\u00f3n.; en tanto la movilidad del\u00a0 Docente Formado deber\u00e1 enmarcarse en las funciones universitarias de ense\u00f1anza, investigaci\u00f3n, extensi\u00f3n y gesti\u00f3n universitaria. Se promover\u00e1n actividades de posgrado, asistencia t\u00e9cnico-cient\u00edfica para el desarrollo, consolidaci\u00f3n de nuevas \u00e1reas disciplinarias, apoyo a la formaci\u00f3n de docentes y a las actividades de gesti\u00f3n y pol\u00edtica universitarias.<\/p>\n<p align=\"justify\">La selecci\u00f3n de los docentes ser\u00e1 cometido de la universidad de origen mediante los procedimientos que la normativa y mecanismos\u00a0 del Programa establece.<\/p>\n<p align=\"justify\">La extensi\u00f3n de la movilidad ser\u00e1 de un m\u00ednimo de 5 d\u00edas y un m\u00e1ximo de un 15 d\u00edas.<\/p>\n<p align=\"justify\">La Universidad de origen del docente ser\u00e1 responsable del financiamiento de los gastos de traslado y la Universidad de destino ser\u00e1 la responsable de los gastos de alojamiento y manutenci\u00f3n.<\/p>\n<p align=\"justify\"><strong><br \/>\nRequisitos<\/strong><\/p>\n<p align=\"justify\">Cada universidad establecer\u00e1 las condiciones que deber\u00e1 cumplir el docente en cada una de las categor\u00edas que comprende el Programa: Docente Novel y Docente Formado.<\/p>\n<p align=\"justify\">El aspirante debe contar con la \u201cCarta Invitaci\u00f3n\u201d de la universidad de destino, firmada por la autoridad de la Facultad a la que pertenece el docente que le invita y por el\/la Delegado\/a Asesor\/a de la universidad de destino.<\/p>\n<p align=\"justify\">Asimismo debe contar con un Plan de Actividades que se encuentra contemplado dentro del Formulario de presentaci\u00f3n, el cual debe estar avalado por la\u00a0 autoridad de su Facultad, y por el\/la Delegado\/a\u00a0 Asesor\/a\u00a0 ante AUGM de su Universidad.<\/p>\n<p>&nbsp;<\/p>\n<p style=\"padding-left: 90px;\"><iframe loading=\"lazy\" src=\"https:\/\/www.youtube.com\/embed\/rejKYtdcV8s\" width=\"400\" height=\"215\" frameborder=\"0\" allowfullscreen=\"allowfullscreen\"><\/iframe><\/p>\n<div id=\"sconnect-is-installed\" style=\"display: none;\">2.15.1.0<\/div>\n","protected":false},"excerpt":{"rendered":"<p>Est\u00e1 abierta la primer convocatoria para que docentes de universidades miembro de AUGM realicen movilidades durante el a\u00f1o 2026. Ver cronograma. La oferta de plazas por universidad participante se encuentra ingresando a OFERTA DE PLAZAS. Para postular debes tener presente las condiciones y requisitos que establece tu universidad y la universidad a la cual quieres [&hellip;]<\/p>\n","protected":false},"author":1,"featured_media":0,"parent":0,"menu_order":0,"comment_status":"closed","ping_status":"closed","template":"","meta":{"footnotes":""},"class_list":["post-2","page","type-page","status-publish","hentry"],"_links":{"self":[{"href":"https:\/\/grupomontevideo.org\/escaladocente\/index.php\/wp-json\/wp\/v2\/pages\/2","targetHints":{"allow":["GET"]}}],"collection":[{"href":"https:\/\/grupomontevideo.org\/escaladocente\/index.php\/wp-json\/wp\/v2\/pages"}],"about":[{"href":"https:\/\/grupomontevideo.org\/escaladocente\/index.php\/wp-json\/wp\/v2\/types\/page"}],"author":[{"embeddable":true,"href":"https:\/\/grupomontevideo.org\/escaladocente\/index.php\/wp-json\/wp\/v2\/users\/1"}],"replies":[{"embeddable":true,"href":"https:\/\/grupomontevideo.org\/escaladocente\/index.php\/wp-json\/wp\/v2\/comments?post=2"}],"version-history":[{"count":40,"href":"https:\/\/grupomontevideo.org\/escaladocente\/index.php\/wp-json\/wp\/v2\/pages\/2\/revisions"}],"predecessor-version":[{"id":1996,"href":"https:\/\/grupomontevideo.org\/escaladocente\/index.php\/wp-json\/wp\/v2\/pages\/2\/revisions\/1996"}],"wp:attachment":[{"href":"https:\/\/grupomontevideo.org\/escaladocente\/index.php\/wp-json\/wp\/v2\/media?parent=2"}],"curies":[{"name":"wp","href":"https:\/\/api.w.org\/{rel}","templated":true}]}}