{"id":13,"date":"2016-06-21T17:32:30","date_gmt":"2016-06-21T17:32:30","guid":{"rendered":"http:\/\/164.73.108.3\/posgrado\/?page_id=13"},"modified":"2019-01-24T19:24:08","modified_gmt":"2019-01-24T19:24:08","slug":"reglamento","status":"publish","type":"page","link":"https:\/\/grupomontevideo.org\/escaladocente\/index.php\/reglamento\/","title":{"rendered":"REGLAMENTO"},"content":{"rendered":"<p><strong>Aprobado en la LXIX Reuni\u00f3n del Consejo de Rectores; Universidad Nacional de Itap\u00faa, 10 de mayo de 2016.<\/strong><\/p>\n<p><strong>OBJETIVOS DEL PROGRAMA<\/strong><br \/>\nEl Programa ESCALA Docente promueve la cooperaci\u00f3n e integraci\u00f3n regional de las Universidades miembro de AUGM, a trav\u00e9s de la movilidad e intercambio de docentes<br \/>\ne investigadores, con el objetivo de que estas movilidades se transformen en el inicio y\/o profundizaci\u00f3n de una relaci\u00f3n acad\u00e9mica duradera entre las partes intervinientes,<br \/>\nimpulsando la presentaci\u00f3n de proyectos a desarrollar en forma conjunta.<\/p>\n<p><strong>Son objetivos espec\u00edficos del Programa:<\/strong><\/p>\n<p>&#8211; Contribuir al fortalecimiento de la capacidad docente, cient\u00edfica y tecnol\u00f3gica de las Universidades de la Asociaci\u00f3n;<br \/>\n&#8211; Contribuir a la consolidaci\u00f3n de masas cr\u00edticas de investigadores en \u00e1reas<br \/>\nestrat\u00e9gicas de inter\u00e9s regional; particularmente a los CA y ND.<br \/>\n&#8211; Promover la cooperaci\u00f3n interinstitucional entre las universidades de AUGM, compartiendo los equipos de docencia e investigaci\u00f3n de las Instituciones participantes,<\/p>\n<p>&nbsp;<\/p>\n<p><strong><a href=\"https:\/\/grupomontevideo.org\/escaladocente\/wp-content\/uploads\/2019\/01\/Reglamento-PROGRAMA-ESCALA-DOCENTE.pdf\">REGLAMENTO<\/a><\/strong><\/p>\n","protected":false},"excerpt":{"rendered":"<p>Aprobado en la LXIX Reuni\u00f3n del Consejo de Rectores; Universidad Nacional de Itap\u00faa, 10 de mayo de 2016. OBJETIVOS DEL PROGRAMA El Programa ESCALA Docente promueve la cooperaci\u00f3n e integraci\u00f3n regional de las Universidades miembro de AUGM, a trav\u00e9s de la movilidad e intercambio de docentes e investigadores, con el objetivo de que estas movilidades [&hellip;]<\/p>\n","protected":false},"author":1,"featured_media":0,"parent":0,"menu_order":0,"comment_status":"closed","ping_status":"closed","template":"","meta":{"footnotes":""},"class_list":["post-13","page","type-page","status-publish","hentry"],"_links":{"self":[{"href":"https:\/\/grupomontevideo.org\/escaladocente\/index.php\/wp-json\/wp\/v2\/pages\/13","targetHints":{"allow":["GET"]}}],"collection":[{"href":"https:\/\/grupomontevideo.org\/escaladocente\/index.php\/wp-json\/wp\/v2\/pages"}],"about":[{"href":"https:\/\/grupomontevideo.org\/escaladocente\/index.php\/wp-json\/wp\/v2\/types\/page"}],"author":[{"embeddable":true,"href":"https:\/\/grupomontevideo.org\/escaladocente\/index.php\/wp-json\/wp\/v2\/users\/1"}],"replies":[{"embeddable":true,"href":"https:\/\/grupomontevideo.org\/escaladocente\/index.php\/wp-json\/wp\/v2\/comments?post=13"}],"version-history":[{"count":8,"href":"https:\/\/grupomontevideo.org\/escaladocente\/index.php\/wp-json\/wp\/v2\/pages\/13\/revisions"}],"predecessor-version":[{"id":779,"href":"https:\/\/grupomontevideo.org\/escaladocente\/index.php\/wp-json\/wp\/v2\/pages\/13\/revisions\/779"}],"wp:attachment":[{"href":"https:\/\/grupomontevideo.org\/escaladocente\/index.php\/wp-json\/wp\/v2\/media?parent=13"}],"curies":[{"name":"wp","href":"https:\/\/api.w.org\/{rel}","templated":true}]}}