{"id":271,"date":"2018-11-06T16:37:37","date_gmt":"2018-11-06T16:37:37","guid":{"rendered":"http:\/\/grupomontevideo.org\/cp\/cpextensionuniversitaria\/?page_id=271"},"modified":"2018-11-06T16:40:48","modified_gmt":"2018-11-06T16:40:48","slug":"agenda-ii-reunion-ordinaria-2018","status":"publish","type":"page","link":"https:\/\/grupomontevideo.org\/cp\/cpextensionuniversitaria\/?page_id=271","title":{"rendered":"[:es]Agenda II REUNI\u00d3N ORDINARIA 2018[:]"},"content":{"rendered":"<p>[:es]<\/p>\n<p style=\"text-align: center;\"><strong>Comisi\u00f3n Permanente de Extensi\u00f3n de AUGM <\/strong><br \/>\n<strong>II Reuni\u00f3n 2018<\/strong><br \/>\n<strong>13 de noviembre de 2018, UDELAR, Montevideo, Uruguay<\/strong><\/p>\n<p style=\"text-align: center;\"><strong>AGENDA<\/strong><\/p>\n<p>\u2022 Presentaci\u00f3n y bienvenida a los participantes.<br \/>\n\u2022 Breve informe sobre programas, actividades y resoluciones adoptados por el CR de AUGM.<br \/>\n\u2022 IV Congreso de Extensi\u00f3n de AUGM (reuni\u00f3n conjunta con la CP de Producci\u00f3n Art\u00edstica y Cultural y Medios y Comunicaci\u00f3n Universitaria).<br \/>\n\u2022 Balance del cumplimiento del plan de trabajo 2017 -2019.<br \/>\n\u2022 Informe de la participaci\u00f3n de la CP de Extensi\u00f3n de AUGM en las Jornadas de Extensi\u00f3n del Mercosur celebradas en abril de 2018.<br \/>\n\u2022 Resultados de la III Conferencia Regional de Educaci\u00f3n Superior 2018.<br \/>\n\u2022 Espacio Latinoamericano y Caribe\u00f1o de Educaci\u00f3n Superior \u2013 ENLACES.<br \/>\n\u2022 Mecanismos de cooperaci\u00f3n con los ODS de la Agenda 2030.<br \/>\n\u2022 Participaci\u00f3n de la CP de extensi\u00f3n en las XXVI Jornadas de J\u00f3venes Investigadores.<br \/>\n\u2022 Catedra itinerante de DD.HH. de AUGM. (ver <a href=\"https:\/\/grupomontevideo.org\/cp\/cpextensionuniversitaria\/wp-content\/uploads\/2018\/11\/AUGM-C\u00e1tedra-DDHH-Paysand\u00fa-2018-Acta-final.pdf\" target=\"_blank\" rel=\"noopener\">Distribuido<\/a>)<br \/>\n\u2022 Publicaci\u00f3n digital de la CP de extensi\u00f3n de AUGM.<br \/>\n\u2022 Presentaci\u00f3n de propuestas para la organizaci\u00f3n de Escuelas de Verano \/ Invierno 2018-2019.<br \/>\n\u2022 Informe del Grupo de Trabajo de Salud Mental<br \/>\n\u2022 Propuesta para integrar el Comit\u00e9 (CE) del OBSERVATORIO DE COOPERACI\u00d3N CIUDAD-UNIVERSIDAD. Dicho \u00f3rgano estar\u00e1 integrado por seis Miembros: un Coordinador y cinco miembros provenientes de AUGM y Mercociudades.<br \/>\n\u2022 Coordinaci\u00f3n de la CP por el periodo 2019 -2020.<br \/>\n\u2022 Pr\u00f3xima Reuni\u00f3n de la CP.<br \/>\n\u2022 Planteos de las Universidades miembro<\/p>\n<p><strong>Nota:<\/strong> Del 14 al 16 de noviembre se celebrar\u00e1n las II Jornadas Nacionales de Extensi\u00f3n en Uruguay, organizadas por la Universidad de la Rep\u00fablica. Se espera la participaci\u00f3n de todos los miembros de la CP de extensi\u00f3n como conferencistas, moderadores y expositores seg\u00fan se establezca en cada caso.[:]<\/p>\n","protected":false},"excerpt":{"rendered":"<p>[:es] Comisi\u00f3n Permanente de Extensi\u00f3n de AUGM II Reuni\u00f3n 2018 13 de noviembre de 2018, UDELAR, Montevideo, Uruguay AGENDA \u2022 Presentaci\u00f3n y bienvenida a los&#8230;<\/p>\n","protected":false},"author":1,"featured_media":0,"parent":0,"menu_order":0,"comment_status":"closed","ping_status":"closed","template":"","meta":{"footnotes":""},"class_list":["post-271","page","type-page","status-publish","hentry"],"_links":{"self":[{"href":"https:\/\/grupomontevideo.org\/cp\/cpextensionuniversitaria\/index.php?rest_route=\/wp\/v2\/pages\/271","targetHints":{"allow":["GET"]}}],"collection":[{"href":"https:\/\/grupomontevideo.org\/cp\/cpextensionuniversitaria\/index.php?rest_route=\/wp\/v2\/pages"}],"about":[{"href":"https:\/\/grupomontevideo.org\/cp\/cpextensionuniversitaria\/index.php?rest_route=\/wp\/v2\/types\/page"}],"author":[{"embeddable":true,"href":"https:\/\/grupomontevideo.org\/cp\/cpextensionuniversitaria\/index.php?rest_route=\/wp\/v2\/users\/1"}],"replies":[{"embeddable":true,"href":"https:\/\/grupomontevideo.org\/cp\/cpextensionuniversitaria\/index.php?rest_route=%2Fwp%2Fv2%2Fcomments&post=271"}],"version-history":[{"count":6,"href":"https:\/\/grupomontevideo.org\/cp\/cpextensionuniversitaria\/index.php?rest_route=\/wp\/v2\/pages\/271\/revisions"}],"predecessor-version":[{"id":279,"href":"https:\/\/grupomontevideo.org\/cp\/cpextensionuniversitaria\/index.php?rest_route=\/wp\/v2\/pages\/271\/revisions\/279"}],"wp:attachment":[{"href":"https:\/\/grupomontevideo.org\/cp\/cpextensionuniversitaria\/index.php?rest_route=%2Fwp%2Fv2%2Fmedia&parent=271"}],"curies":[{"name":"wp","href":"https:\/\/api.w.org\/{rel}","templated":true}]}}