{"id":18,"date":"2015-12-04T19:37:06","date_gmt":"2015-12-04T19:37:06","guid":{"rendered":"http:\/\/grupomontevideo.org\/ndca\/caagroalimentario\/?page_id=18"},"modified":"2025-02-20T14:06:01","modified_gmt":"2025-02-20T14:06:01","slug":"objetivos","status":"publish","type":"page","link":"https:\/\/grupomontevideo.org\/cp\/cpcienciatecnologiaeinnovacion\/?page_id=18","title":{"rendered":"OBJETIVOS"},"content":{"rendered":"<p>&nbsp;<\/p>\n<p style=\"text-align: justify;\">Asesorar a los \u00f3rganos de AUGM en materia de ciencia, tecnolog\u00eda e Innovaci\u00f3n.<\/p>\n<p style=\"text-align: justify;\">Interactuar con los \u00e1mbitos acad\u00e9micos para profundizar en acciones de CTI.<\/p>\n<p style=\"text-align: justify;\">Proponer orientaciones de los Programas de AUGM y las actividades concomitantes para aumentar el impacto en el marco de pol\u00edticas institucionales en CTI.<\/p>\n<p style=\"text-align: justify;\">Desarrollar un papel activo en la responsabilidad de AUGM en el Espacio Latinoamericano y Caribe\u00f1o de Educaci\u00f3n Superior.<\/p>\n<p style=\"text-align: justify;\">Cooperar en el v\u00ednculo que se establece con la Oficina Regional de Ciencia para Am\u00e9rica Latina y el Caribe de la UNESCO.<\/p>\n<p>OBJETIVO DEL COMIT\u00c9<br \/>\nCrear un foro de intercambio y gesti\u00f3n de conocimientos vinculados al sector<br \/>\nagroalimentario (desde la producci\u00f3n hasta el consumidor), interdisciplinario,<br \/>\ninterinstitucional e intersectorial, que fortalezca la planificaci\u00f3n y gesti\u00f3n de<br \/>\npol\u00edticas y programas de desarrollo sostenible en Am\u00e9rica Latina.<\/p>\n<p>DESCARGUE PDF:\u00a0<a href=\"http:\/\/grupomontevideo.org\/ndca\/caagroalimentario\/wp-content\/uploads\/2013\/10\/Objetivos-y-Fundamentaci\u00f3n.pdf\">Objetivos y Fundamentaci\u00f3n<\/a><\/p>\n","protected":false},"excerpt":{"rendered":"<p>&nbsp; Asesorar a los \u00f3rganos de AUGM en materia de ciencia, tecnolog\u00eda e Innovaci\u00f3n. Interactuar con los \u00e1mbitos acad\u00e9micos para profundizar en acciones de CTI&#8230;.<\/p>\n","protected":false},"author":1,"featured_media":0,"parent":0,"menu_order":0,"comment_status":"closed","ping_status":"closed","template":"","meta":{"footnotes":""},"class_list":["post-18","page","type-page","status-publish","hentry"],"_links":{"self":[{"href":"https:\/\/grupomontevideo.org\/cp\/cpcienciatecnologiaeinnovacion\/index.php?rest_route=\/wp\/v2\/pages\/18","targetHints":{"allow":["GET"]}}],"collection":[{"href":"https:\/\/grupomontevideo.org\/cp\/cpcienciatecnologiaeinnovacion\/index.php?rest_route=\/wp\/v2\/pages"}],"about":[{"href":"https:\/\/grupomontevideo.org\/cp\/cpcienciatecnologiaeinnovacion\/index.php?rest_route=\/wp\/v2\/types\/page"}],"author":[{"embeddable":true,"href":"https:\/\/grupomontevideo.org\/cp\/cpcienciatecnologiaeinnovacion\/index.php?rest_route=\/wp\/v2\/users\/1"}],"replies":[{"embeddable":true,"href":"https:\/\/grupomontevideo.org\/cp\/cpcienciatecnologiaeinnovacion\/index.php?rest_route=%2Fwp%2Fv2%2Fcomments&post=18"}],"version-history":[{"count":6,"href":"https:\/\/grupomontevideo.org\/cp\/cpcienciatecnologiaeinnovacion\/index.php?rest_route=\/wp\/v2\/pages\/18\/revisions"}],"predecessor-version":[{"id":522,"href":"https:\/\/grupomontevideo.org\/cp\/cpcienciatecnologiaeinnovacion\/index.php?rest_route=\/wp\/v2\/pages\/18\/revisions\/522"}],"wp:attachment":[{"href":"https:\/\/grupomontevideo.org\/cp\/cpcienciatecnologiaeinnovacion\/index.php?rest_route=%2Fwp%2Fv2%2Fmedia&parent=18"}],"curies":[{"name":"wp","href":"https:\/\/api.w.org\/{rel}","templated":true}]}}