{"id":16,"date":"2015-12-04T19:36:59","date_gmt":"2015-12-04T19:36:59","guid":{"rendered":"http:\/\/grupomontevideo.org\/ndca\/caagroalimentario\/?page_id=16"},"modified":"2026-04-08T12:15:34","modified_gmt":"2026-04-08T12:15:34","slug":"integrantes","status":"publish","type":"page","link":"https:\/\/grupomontevideo.org\/cp\/cpcienciatecnologiaeinnovacion\/?page_id=16","title":{"rendered":"INTEGRANTES"},"content":{"rendered":"<p><strong>Coordinaci\u00f3n:<br \/>\n<\/strong><strong>UNSL: <\/strong><a href=\"mailto:fnieto@unsl.edu.ar\">F\u00e9lix Nieto<\/a><br \/>\n<strong>UNS: <\/strong><a href=\"mailto:seccyt@uns.edu.ar\">Marisa Pedermera<\/a><br \/>\n<strong>UMSA:<\/strong> <a href=\"mailto:wpvargasballester@gmail.com\">Waldo Vargas Ballester<\/a><br \/>\n<strong>UFSCAR: <\/strong><a href=\"mailto:torkomia@ufscar.br\">Ana L\u00facia Vitale Torkomian<\/a><br \/>\n<strong>USACH: <\/strong><a href=\"mailto:pablo.donosoga@usach.cl\">Pablo Donoso<\/a><br \/>\n<strong>UNA: <\/strong><a href=\"mailto:asamudio@rec.una.py\">Antonio Samudio<\/a><strong><br \/>\nUdelar:<\/strong><a href=\"mailto:ibortagaray@csic.edu.uy\">Isabel Bortagaray<\/a><br \/>\n<strong>Secretar\u00eda Ejecutiva<\/strong><\/p>\n<p><strong><br \/>\nARGENTINA:<\/strong><\/p>\n<p><strong>UNAHUR:<br \/>\n<\/strong><a href=\"mailto:juan.pedrosa@unahur.edu.ar\">Juan Pedrosa<\/a><br \/>\n<strong><br \/>\nUNC:<\/strong><br \/>\n<a href=\"mailto:marina.ponzio@unc.edu.ar\">Marina Ponzio<\/a><br \/>\n<a href=\"mailto:barraco@famaf.unc.edu.ar\">Daniel Barraco<\/a><\/p>\n<p><strong>UNCuyo:<br \/>\n<\/strong><a href=\"mailto:tdamiani@uncu.edu.ar\">Teresa Damiani<\/a><br \/>\n<a href=\"mailto:malonsobivou@uncu.edu.ar\">Mariano Alonso Bivou<\/a><\/p>\n<p><strong>UNER:<\/strong><br \/>\n<a href=\"mailto:scienciaytecnica@uner.edu.ar\">Gerardo Gabriel Gentiletti<\/a><\/p>\n<p><strong>UNL:<br \/>\n<\/strong><a href=\"mailto:lcornaglia@rectorado.unl.edu.ar;lmcornag@fiq.unl.edu.ar\">Laura Cornaglia<\/a><br \/>\n<a href=\"mailto:javierl@unl.edu.ar;svtt@unl.edu.ar\">Javier\u00a0Lottersberger<\/a><\/p>\n<p><strong>UNLP:<br \/>\n<\/strong><a href=\"mailto:nicolas.rendtorff@presi.unlp.edu.ar;rendtorff@cetmic.unlp.edu.ar;rendtorff@hotmail.com\">Nicolas Rendtorff<\/a><br \/>\n<a href=\"mailto:ana.lamarche@presi.unlp.edu.ar\">Ana Lamarche<\/a><\/p>\n<p><strong>UNMdP:<br \/>\n<\/strong><a href=\"mailto:seccien@mdp.edu.ar\">Cecilia M. Creus<\/a><br \/>\n<a href=\"mailto:sst@mdp.edu.ar;glombera@fi.mdp.edu.ar\">Guillermo Lombera<\/a><\/p>\n<p><strong>UNNE:<\/strong><br \/>\n<a href=\"mailto:lcleiva@unne.edu.ar\">Laura Leiva<\/a><\/p>\n<p><strong>UNNOBA:<br \/>\n<\/strong><a href=\"mailto:mariajose.castillo@nexo.unnoba.edu.ar\">Mar\u00eda Jos\u00e9 Castillo<\/a><br \/>\n<a href=\"mailto:carolina.cristina@nexo.unnoba.edu.ar\">Carolina Cristina<\/a><\/p>\n<p><strong>UNQ:<br \/>\n<\/strong><a href=\"mailto:sandra.goni@unq.edu.ar\">Sandra Go\u00f1i<\/a><br \/>\n<a href=\"maitlo:georgina.cardama@unq.edu.ar\">Georgina Cardama<\/a><\/p>\n<p><strong>UNR:<br \/>\n<\/strong><a href=\"mailto:egasparri01@gmail.com\">Elena Gasparri<\/a><br \/>\n<a href=\"mailto:vinculaciontec@unr.edu.ar\">Sol Gonzalez<\/a><\/p>\n<p><strong>UNS:<\/strong><br \/>\n<a href=\"mailto:seccyt@uns.edu.ar\">Marisa Pedermera<\/a><\/p>\n<p><strong>UNSL:<\/strong><br \/>\n<a href=\"mailto:fnieto@unsl.edu.ar\">F\u00e9lix Nieto<\/a><br \/>\n<a href=\"mailto:sebastian.andujar@gmail.com\">Sebasti\u00e1n Andujar<\/a><\/p>\n<p><strong>UNT:<br \/>\n<\/strong><a href=\"mailto:mtirado@herrera.unt.edu.ar\">M\u00f3nica Tirado<\/a><\/p>\n<p><strong><br \/>\nBOLIVIA:<\/strong><\/p>\n<p><strong>UMSA:<\/strong><br \/>\n<a href=\"mailto:wpvargasballester@gmail.com\">Waldo Vargas Ballester<\/a><\/p>\n<p><strong>UMSS:<\/strong><br \/>\n<a href=\"mailto:edwinurena.p@fcyt.umss.edu.bo\">Edwin Ure\u00f1a P\u00e9rez<\/a> &#8211; Designado 09.08.24<br \/>\n<a href=\"mailto: r.echeverria@umss.edu.bo\">Rodrigo Echeverr\u00eda Herrera<\/a> &#8211; Designado 09.08.24<\/p>\n<p><strong>USFXCH:<\/strong><br \/>\n<a href=\"mailto:dri.tyc@usfx.bo;pinto.carlos@usfx.bo\">Carlos Pinto<\/a><\/p>\n<p><strong><br \/>\nBRASIL:<\/strong><\/p>\n<p><strong>UNILA:<br \/>\n<\/strong><a href=\"mailto:katia.punhagui@unila.edu.br\">Katia Regina Garcia Punhagui<\/a> &#8211; Designada 10.03.25<\/p>\n<p><strong>UFABC:<br \/>\n<\/strong><a href=\"mailto:fabio.furlan@ufabc.edu.br\">Fabio Furlan Ferreira<\/a> &#8211; Designado 10.03.25<\/p>\n<p><strong>UFG:<br \/>\n<\/strong><a href=\"mailto:hcarasek@ufg.br\">Helena Carasek<\/a><br \/>\n<a href=\"mailto:mdr7@ufg.br\">Marinaldo Divino Ribeiro<\/a><\/p>\n<p><strong>UFMG:<br \/>\n<\/strong><a href=\"mailto:afmoreira@ufmg.br;vicereitor@ufmg.br\">Alessandro Fernandes Moreira<\/a><\/p>\n<p><strong>UFRGS:<br \/>\n<\/strong><a href=\"mailto:paulo.schneider@sedetec.ufrgs.br\">Paulo Henrique Schneider<\/a><br \/>\n<a href=\"mailto:kelly.bruch@sedetec.ufrgs.br\">Kelly Lissandra Bruch<\/a><\/p>\n<p>UFPEL:<br \/>\n<a href=\"mailto:felipe.marques@ufpel.edu.br\">Felipe de Souza Marques<\/a> &#8211; Designado 10.03.25<strong><br \/>\n<\/strong><a href=\"mailto:fariascampos@gmail.com\">Vinicius Farias Campos<\/a> &#8211; Designado 10.03.25<\/p>\n<p>UFPR:<\/p>\n<p><strong>UFSC:<br \/>\n<\/strong><a href=\"mailto:pr.propesq@contato.ufsc.br\">Jacques Mick<\/a><\/p>\n<p><strong>UFSCar:<br \/>\n<\/strong><a href=\"mailto:torkomia@ufscar.br\">Ana L\u00facia Vitale Torkomian<\/a><br \/>\n<strong><br \/>\n<\/strong><\/p>\n<p><strong>UFSM:<\/strong><br \/>\n<a href=\"mailto:paulocampagnol@gmail.com\">Paulo Cezar Bastianello Campagnol<\/a><br \/>\n<a href=\"mailto:heliohey@gmail.com\">H\u00e9lio Le\u00e3es Hey<\/a><\/p>\n<p><strong>UnB:<br \/>\n<\/strong><a href=\"mailto:robson.vieira@unb.br\">Robson Domingos Vieira<\/a><\/p>\n<p><strong>UNICAMP:<\/strong><br \/>\n<a href=\"mailto:chesteve@unicamp.br\">Christian Esteve Rothenberg<\/a><br \/>\n<a href=\"mailto:rlopes@unicamp.br\">Renato da Rocha Lopes<\/a><\/p>\n<p><strong>UNIFESP:<br \/>\n<\/strong>En proceso de designaci\u00f3n<strong><br \/>\n<\/strong><\/p>\n<p><strong><br \/>\nCHILE:<\/strong><\/p>\n<p><strong>UChile:<br \/>\n<\/strong><a href=\"mailto:romulo@uchile.cl\">R\u00f3mulo Fuentes Flores<\/a><\/p>\n<p><strong>UPLA:<\/strong><br \/>\n<a href=\"mailto:antonio.lopez@upla.cl\">Antonio L\u00f3pez Fuenzalida<\/a><br \/>\n<a href=\"mailto:alejandro.madrid@upla.cl;directordgi@upla.cl\">Alejandro Madrid Villegas<\/a><\/p>\n<p><strong>USACH:<\/strong><br \/>\n<a href=\"mailto:leonidas.ibarra@usach.cl\">\u00a0<\/a><a href=\"mailto:pablo.donosoga@usach.cl\">Pablo Donoso<\/a><\/p>\n<p><strong>PARAGUAY:<\/strong><\/p>\n<p><strong>UNA:<\/strong><br \/>\n<a href=\"mailto:asamudio@rec.una.py\">Antonio Samudio<\/a><\/p>\n<p><strong>UNC:<\/strong><br \/>\n<a href=\"mailto:mellojorgepy@gmail.com\">Jorge Daniel Mello Rom\u00e1n<\/a><\/p>\n<p><strong>UNE:<\/strong><br \/>\n<a href=\"mailto:lavi36@hotmail.com;geronimo_laviosa@une.edu.py\">Geronimo Laviosa<\/a><\/p>\n<p><strong><br \/>\nURUGUAY:<\/strong><\/p>\n<p><strong>UdelaR:<br \/>\n<\/strong><strong><br \/>\n<\/strong><a href=\"mailto:ibortagaray@csic.edu.uy\">Isabel Bortagaray<\/a><\/p>\n<p>&nbsp;<\/p>\n","protected":false},"excerpt":{"rendered":"<p>Coordinaci\u00f3n: UNSL: F\u00e9lix Nieto UNS: Marisa Pedermera UMSA: Waldo Vargas Ballester UFSCAR: Ana L\u00facia Vitale Torkomian USACH: Pablo Donoso UNA: Antonio Samudio Udelar:Isabel Bortagaray Secretar\u00eda&#8230;<\/p>\n","protected":false},"author":1,"featured_media":0,"parent":0,"menu_order":0,"comment_status":"closed","ping_status":"closed","template":"","meta":{"footnotes":""},"class_list":["post-16","page","type-page","status-publish","hentry"],"_links":{"self":[{"href":"https:\/\/grupomontevideo.org\/cp\/cpcienciatecnologiaeinnovacion\/index.php?rest_route=\/wp\/v2\/pages\/16","targetHints":{"allow":["GET"]}}],"collection":[{"href":"https:\/\/grupomontevideo.org\/cp\/cpcienciatecnologiaeinnovacion\/index.php?rest_route=\/wp\/v2\/pages"}],"about":[{"href":"https:\/\/grupomontevideo.org\/cp\/cpcienciatecnologiaeinnovacion\/index.php?rest_route=\/wp\/v2\/types\/page"}],"author":[{"embeddable":true,"href":"https:\/\/grupomontevideo.org\/cp\/cpcienciatecnologiaeinnovacion\/index.php?rest_route=\/wp\/v2\/users\/1"}],"replies":[{"embeddable":true,"href":"https:\/\/grupomontevideo.org\/cp\/cpcienciatecnologiaeinnovacion\/index.php?rest_route=%2Fwp%2Fv2%2Fcomments&post=16"}],"version-history":[{"count":170,"href":"https:\/\/grupomontevideo.org\/cp\/cpcienciatecnologiaeinnovacion\/index.php?rest_route=\/wp\/v2\/pages\/16\/revisions"}],"predecessor-version":[{"id":545,"href":"https:\/\/grupomontevideo.org\/cp\/cpcienciatecnologiaeinnovacion\/index.php?rest_route=\/wp\/v2\/pages\/16\/revisions\/545"}],"wp:attachment":[{"href":"https:\/\/grupomontevideo.org\/cp\/cpcienciatecnologiaeinnovacion\/index.php?rest_route=%2Fwp%2Fv2%2Fmedia&parent=16"}],"curies":[{"name":"wp","href":"https:\/\/api.w.org\/{rel}","templated":true}]}}