{"id":7,"date":"2020-09-09T20:30:36","date_gmt":"2020-09-09T20:30:36","guid":{"rendered":"http:\/\/grupomontevideo.org\/evji\/?page_id=7"},"modified":"2024-04-02T18:18:44","modified_gmt":"2024-04-02T18:18:44","slug":"sobre-el-encuentro","status":"publish","type":"page","link":"https:\/\/grupomontevideo.org\/congresoextension\/","title":{"rendered":"SOBRE EL CONGRESO"},"content":{"rendered":"<p>La<strong>\u00a0Universidad Nacional de Mar del Plata (UNMdP)\u00a0<\/strong>ser\u00e1 sede del\u00a0<strong>VII Congreso de Extensi\u00f3n de la Asociaci\u00f3n de Universidades Grupo Montevideo (AUGM)<\/strong>\u00a0que se desarrollara entre el 13 y el 15 de noviembre de 2024. As\u00ed lo defini\u00f3 la\u00a0<a href=\"http:\/\/grupomontevideo.org\/cp\/cpextensionuniversitaria\/wp-content\/uploads\/2023\/08\/ACTA.CP-Extension.-30.06.2023.pdf\">Comisi\u00f3n Permanente de Extensi\u00f3n en su segunda reuni\u00f3n presencial<\/a>\u00a0de este a\u00f1o y lo anunci\u00f3 recientemente la Secretar\u00eda de Extensi\u00f3n de la universidad sede en sus redes sociales.<\/p>\n<p>\u201c<em>\u00a1Estamos muy emocionados y emocionadas por ser sede de este importante evento que nos re\u00fane para seguir pensando, debatiendo y encontr\u00e1ndonos! \u00a1Nos vemos en 2024!<\/em>\u201d, expresaron.<\/p>\n<p>El Congreso de Extensi\u00f3n de AUGM\u00a0es una<strong>\u00a0oportunidad \u00fanica para el intercambio de experiencias, conocimientos e ideas, adem\u00e1s de construir nuevas alianzas y conexiones a nivel regional desde la extensi\u00f3n universitaria<\/strong>. Este a\u00f1o llevar\u00e1 como t\u00edtulo \u201c<em>Universidades y territorios construyendo lazos emancipatorios<\/em>\u201d.<\/p>\n<p>La\u00a0<a href=\"http:\/\/grupomontevideo.org\/site\/vi-congreso-de-extension-de-augm-2\/\">\u00faltima edici\u00f3n de este evento se llev\u00f3 a cabo en la Universidade Estadual de Campinas<\/a>, evento que reuni\u00f3 cientos de personas, y estuvo compuesto por una conferencia de apertura, seis mesas redondas, oficinas,\u00a0 dos representaciones art\u00edsticas y seis sesiones de presentaci\u00f3n de trabajos.<\/p>\n","protected":false},"excerpt":{"rendered":"<p>La\u00a0Universidad Nacional de Mar del Plata (UNMdP)\u00a0ser\u00e1 sede del\u00a0VII Congreso de Extensi\u00f3n de la Asociaci\u00f3n de Universidades Grupo Montevideo (AUGM)\u00a0que [&hellip;]<\/p>\n","protected":false},"author":1,"featured_media":0,"parent":0,"menu_order":0,"comment_status":"closed","ping_status":"closed","template":"template-full-width.php","meta":{"footnotes":""},"class_list":["post-7","page","type-page","status-publish","hentry"],"_links":{"self":[{"href":"https:\/\/grupomontevideo.org\/congresoextension\/wp-json\/wp\/v2\/pages\/7","targetHints":{"allow":["GET"]}}],"collection":[{"href":"https:\/\/grupomontevideo.org\/congresoextension\/wp-json\/wp\/v2\/pages"}],"about":[{"href":"https:\/\/grupomontevideo.org\/congresoextension\/wp-json\/wp\/v2\/types\/page"}],"author":[{"embeddable":true,"href":"https:\/\/grupomontevideo.org\/congresoextension\/wp-json\/wp\/v2\/users\/1"}],"replies":[{"embeddable":true,"href":"https:\/\/grupomontevideo.org\/congresoextension\/wp-json\/wp\/v2\/comments?post=7"}],"version-history":[{"count":8,"href":"https:\/\/grupomontevideo.org\/congresoextension\/wp-json\/wp\/v2\/pages\/7\/revisions"}],"predecessor-version":[{"id":174,"href":"https:\/\/grupomontevideo.org\/congresoextension\/wp-json\/wp\/v2\/pages\/7\/revisions\/174"}],"wp:attachment":[{"href":"https:\/\/grupomontevideo.org\/congresoextension\/wp-json\/wp\/v2\/media?parent=7"}],"curies":[{"name":"wp","href":"https:\/\/api.w.org\/{rel}","templated":true}]}}