{"id":13,"date":"2020-09-09T20:31:29","date_gmt":"2020-09-09T20:31:29","guid":{"rendered":"http:\/\/grupomontevideo.org\/evji\/?page_id=13"},"modified":"2024-05-30T02:01:01","modified_gmt":"2024-05-30T02:01:01","slug":"informacion-util","status":"publish","type":"page","link":"https:\/\/grupomontevideo.org\/congresoextension\/informacion-util\/","title":{"rendered":"INSCRIPCI\u00d3N\/FECHAS IMPORTANTES"},"content":{"rendered":"<p><strong>VII Congreso de Extensi\u00f3n de AUGM <em>\u00abUniversidades y territorios construyendo lazos emancipatorios\u00bb<\/em>:<\/strong><\/p>\n<ul>\n<li>13, 14 y 15 de noviembre de 2024<\/li>\n<\/ul>\n<p><strong>Inscripci\u00f3n:<\/strong><\/p>\n<ul>\n<li>Desde 27\/05\/2024\u00a0 al 31\/10\/2024 <a href=\"https:\/\/forms.gle\/oa24HdLCWaGae2id8\" target=\"_blank\" rel=\"noopener\">Formulario de inscripci\u00f3n<\/a><\/li>\n<\/ul>\n<p><strong>Recepci\u00f3n de trabajos, p\u00f3sters virtuales y v\u00eddeos:<\/strong><\/p>\n<ul>\n<li>Desde 27\/05\/2024 hasta el 30\/08\/2024<\/li>\n<\/ul>\n<p><strong>Notificaci\u00f3n de aceptaci\u00f3n de trabajos, p\u00f3sters y v\u00eddeos <\/strong><\/p>\n<ul>\n<li>Hasta el 10 de octubre de 2024<\/li>\n<\/ul>\n","protected":false},"excerpt":{"rendered":"<p>VII Congreso de Extensi\u00f3n de AUGM \u00abUniversidades y territorios construyendo lazos emancipatorios\u00bb: 13, 14 y 15 de noviembre de 2024 [&hellip;]<\/p>\n","protected":false},"author":1,"featured_media":0,"parent":0,"menu_order":0,"comment_status":"closed","ping_status":"closed","template":"template-full-width.php","meta":{"footnotes":""},"class_list":["post-13","page","type-page","status-publish","hentry"],"_links":{"self":[{"href":"https:\/\/grupomontevideo.org\/congresoextension\/wp-json\/wp\/v2\/pages\/13","targetHints":{"allow":["GET"]}}],"collection":[{"href":"https:\/\/grupomontevideo.org\/congresoextension\/wp-json\/wp\/v2\/pages"}],"about":[{"href":"https:\/\/grupomontevideo.org\/congresoextension\/wp-json\/wp\/v2\/types\/page"}],"author":[{"embeddable":true,"href":"https:\/\/grupomontevideo.org\/congresoextension\/wp-json\/wp\/v2\/users\/1"}],"replies":[{"embeddable":true,"href":"https:\/\/grupomontevideo.org\/congresoextension\/wp-json\/wp\/v2\/comments?post=13"}],"version-history":[{"count":17,"href":"https:\/\/grupomontevideo.org\/congresoextension\/wp-json\/wp\/v2\/pages\/13\/revisions"}],"predecessor-version":[{"id":235,"href":"https:\/\/grupomontevideo.org\/congresoextension\/wp-json\/wp\/v2\/pages\/13\/revisions\/235"}],"wp:attachment":[{"href":"https:\/\/grupomontevideo.org\/congresoextension\/wp-json\/wp\/v2\/media?parent=13"}],"curies":[{"name":"wp","href":"https:\/\/api.w.org\/{rel}","templated":true}]}}